{"id":8611,"date":"2026-04-25T13:04:48","date_gmt":"2026-04-25T13:04:48","guid":{"rendered":"https:\/\/anopri.com\/?post_type=product&#038;p=8611"},"modified":"2026-04-25T13:04:52","modified_gmt":"2026-04-25T13:04:52","slug":"motopompe-honda-wp30x","status":"publish","type":"product","link":"https:\/\/anopri.com\/?product=motopompe-honda-wp30x","title":{"rendered":"MOTOPOMPE HONDA WP30X"},"content":{"rendered":"","protected":false},"excerpt":{"rendered":"<h4><strong>Performances de pompe puissantes<\/strong><\/h4>\n<h4>Enti\u00e8rement d\u00e9velopp\u00e9s par Honda, la pompe et le moteur ont tous deux \u00e9t\u00e9 optimis\u00e9s avec un r\u00e9glage adapt\u00e9 pour maximiser les performances puissantes de la pompe.<\/h4>\n<h4><strong>\u00c9conomie de carburant sup\u00e9rieure<\/strong><\/h4>\n<h4>Une \u00e9conomie de carburant sup\u00e9rieure a \u00e9t\u00e9 rendue possible par une pompe puissante et un \u00e9quilibre optimal entre levage et d\u00e9charge<strong>.<\/strong><\/h4>\n<h4><strong>Facilit\u00e9 d\u2019utilisation exceptionnelle<\/strong><\/h4>\n<h4>La recherche de la facilit\u00e9 d\u2019utilisation a rendu l\u2019op\u00e9ration plus pratique pour l\u2019utilisateur.<\/h4>\n","protected":false},"featured_media":6928,"comment_status":"closed","ping_status":"closed","template":"","meta":{"_bst_post_transparent":"","_bst_post_title":"","_bst_post_layout":"","_bst_post_sidebar_id":"","_bst_post_content_style":"","_bst_post_vertical_padding":"","_bst_post_feature":"","_bst_post_feature_position":"","_bst_post_header":false,"_bst_post_footer":false},"product_brand":[],"product_cat":[186],"product_tag":[],"product_brands":[],"class_list":{"0":"post-8611","1":"product","2":"type-product","3":"status-publish","4":"has-post-thumbnail","6":"product_cat-generateurs","8":"first","9":"instock","10":"purchasable","11":"product-type-simple","12":"entry","13":"content-bg","14":"loop-entry"},"_links":{"self":[{"href":"https:\/\/anopri.com\/index.php?rest_route=\/wp\/v2\/product\/8611","targetHints":{"allow":["GET"]}}],"collection":[{"href":"https:\/\/anopri.com\/index.php?rest_route=\/wp\/v2\/product"}],"about":[{"href":"https:\/\/anopri.com\/index.php?rest_route=\/wp\/v2\/types\/product"}],"replies":[{"embeddable":true,"href":"https:\/\/anopri.com\/index.php?rest_route=%2Fwp%2Fv2%2Fcomments&post=8611"}],"wp:featuredmedia":[{"embeddable":true,"href":"https:\/\/anopri.com\/index.php?rest_route=\/wp\/v2\/media\/6928"}],"wp:attachment":[{"href":"https:\/\/anopri.com\/index.php?rest_route=%2Fwp%2Fv2%2Fmedia&parent=8611"}],"wp:term":[{"taxonomy":"product_brand","embeddable":true,"href":"https:\/\/anopri.com\/index.php?rest_route=%2Fwp%2Fv2%2Fproduct_brand&post=8611"},{"taxonomy":"product_cat","embeddable":true,"href":"https:\/\/anopri.com\/index.php?rest_route=%2Fwp%2Fv2%2Fproduct_cat&post=8611"},{"taxonomy":"product_tag","embeddable":true,"href":"https:\/\/anopri.com\/index.php?rest_route=%2Fwp%2Fv2%2Fproduct_tag&post=8611"},{"taxonomy":"product_brands","embeddable":true,"href":"https:\/\/anopri.com\/index.php?rest_route=%2Fwp%2Fv2%2Fproduct_brands&post=8611"}],"curies":[{"name":"wp","href":"https:\/\/api.w.org\/{rel}","templated":true}]}}