{"id":8596,"date":"2026-04-25T13:04:47","date_gmt":"2026-04-25T13:04:47","guid":{"rendered":"https:\/\/anopri.com\/?post_type=product&#038;p=8596"},"modified":"2026-04-25T13:04:50","modified_gmt":"2026-04-25T13:04:50","slug":"groupe-electrogene-honda-eb3000","status":"publish","type":"product","link":"https:\/\/anopri.com\/?product=groupe-electrogene-honda-eb3000","title":{"rendered":"Groupe Electrog\u00e8ne HONDA EB3000"},"content":{"rendered":"<table class=\"white\">\n<thead>\n<tr class=\"white\">\n<td><strong><span>MAQUETTE<\/span><\/strong><\/td>\n<td><strong><span>EB3000<\/span><\/strong><\/td>\n<\/tr>\n<\/thead>\n<tbody>\n<tr>\n<td><span>Tension nominale (V)<\/span><\/td>\n<td><span>220V<\/span><\/td>\n<\/tr>\n<tr>\n<td><span>Fr\u00e9quence (Hz)<\/span><\/td>\n<td><span>50Hz<\/span><\/td>\n<\/tr>\n<tr>\n<td><span>Sortie nominale (KVA)<\/span><\/td>\n<td><span>2,3 KVA<\/span><\/td>\n<\/tr>\n<tr>\n<td><span>Max.\u00a0sortie (KVA)<\/span><\/td>\n<td><span>2,5 KVA<\/span><\/td>\n<\/tr>\n<tr>\n<td><span>Sortie CC<\/span><\/td>\n<td><span>Non<\/span><\/td>\n<\/tr>\n<tr>\n<td><span>Taper<\/span><\/td>\n<td><span>Air forc\u00e9 &#8211; refroidi, 4 temps OHV, monocylindre<\/span><\/td>\n<\/tr>\n<tr>\n<td><span>Le carburant<\/span><\/td>\n<td><span>Essence<\/span><\/td>\n<\/tr>\n<tr>\n<td><span>Cylindr\u00e9e (cc)<\/span><\/td>\n<td><span>272<\/span><\/td>\n<\/tr>\n<tr>\n<td><span>Syst\u00e8me de d\u00e9marrage<\/span><\/td>\n<td><span>Recul<\/span><\/td>\n<\/tr>\n<\/tbody>\n<\/table>\n","protected":false},"excerpt":{"rendered":"<ul class=\"feature_list\">\n<li>Design compact<\/li>\n<li>Protection compl\u00e8te du cadre<\/li>\n<li>Se compose de la technologie exclusive Honda Cyclo-Converter<\/li>\n<li>Comprend une longue dur\u00e9e de vie.\u00a0Fonctionne 9,3 heures \u00e0 50 % de charge.<\/li>\n<li>Disjoncteurs \u00e9lectroniques pour prot\u00e9ger le g\u00e9n\u00e9rateur contre les surcharges.<\/li>\n<\/ul>\n","protected":false},"featured_media":6897,"comment_status":"closed","ping_status":"closed","template":"","meta":{"_bst_post_transparent":"","_bst_post_title":"","_bst_post_layout":"","_bst_post_sidebar_id":"","_bst_post_content_style":"","_bst_post_vertical_padding":"","_bst_post_feature":"","_bst_post_feature_position":"","_bst_post_header":false,"_bst_post_footer":false},"product_brand":[],"product_cat":[186],"product_tag":[],"product_brands":[],"class_list":{"0":"post-8596","1":"product","2":"type-product","3":"status-publish","4":"has-post-thumbnail","6":"product_cat-generateurs","8":"first","9":"instock","10":"purchasable","11":"product-type-simple","12":"entry","13":"content-bg","14":"loop-entry"},"_links":{"self":[{"href":"https:\/\/anopri.com\/index.php?rest_route=\/wp\/v2\/product\/8596","targetHints":{"allow":["GET"]}}],"collection":[{"href":"https:\/\/anopri.com\/index.php?rest_route=\/wp\/v2\/product"}],"about":[{"href":"https:\/\/anopri.com\/index.php?rest_route=\/wp\/v2\/types\/product"}],"replies":[{"embeddable":true,"href":"https:\/\/anopri.com\/index.php?rest_route=%2Fwp%2Fv2%2Fcomments&post=8596"}],"wp:featuredmedia":[{"embeddable":true,"href":"https:\/\/anopri.com\/index.php?rest_route=\/wp\/v2\/media\/6897"}],"wp:attachment":[{"href":"https:\/\/anopri.com\/index.php?rest_route=%2Fwp%2Fv2%2Fmedia&parent=8596"}],"wp:term":[{"taxonomy":"product_brand","embeddable":true,"href":"https:\/\/anopri.com\/index.php?rest_route=%2Fwp%2Fv2%2Fproduct_brand&post=8596"},{"taxonomy":"product_cat","embeddable":true,"href":"https:\/\/anopri.com\/index.php?rest_route=%2Fwp%2Fv2%2Fproduct_cat&post=8596"},{"taxonomy":"product_tag","embeddable":true,"href":"https:\/\/anopri.com\/index.php?rest_route=%2Fwp%2Fv2%2Fproduct_tag&post=8596"},{"taxonomy":"product_brands","embeddable":true,"href":"https:\/\/anopri.com\/index.php?rest_route=%2Fwp%2Fv2%2Fproduct_brands&post=8596"}],"curies":[{"name":"wp","href":"https:\/\/api.w.org\/{rel}","templated":true}]}}