{"id":8583,"date":"2026-04-25T13:04:37","date_gmt":"2026-04-25T13:04:37","guid":{"rendered":"https:\/\/anopri.com\/?post_type=product&#038;p=8583"},"modified":"2026-04-25T13:04:43","modified_gmt":"2026-04-25T13:04:43","slug":"mixeur-binatone-simply-better-blg-555","status":"publish","type":"product","link":"https:\/\/anopri.com\/?product=mixeur-binatone-simply-better-blg-555","title":{"rendered":"MIXEUR BINATONE SIMPLY BETTER BLG-555"},"content":{"rendered":"<p>Marque: Binatone<\/p>\n<p>Produit: Mixeur<\/p>\n<p>Model: BLG-555<\/p>\n<p>Litre: 1,5L<\/p>\n<p>Puissance: 450W<\/p>\n<p>Nombre Vitesses: 2<\/p>\n<p>Garantie: 12 Mois<\/p>\n","protected":false},"excerpt":{"rendered":"<p>Si vous \u00eates fatigu\u00e9 que votre m\u00e9langeur c\u00e8de apr\u00e8s quelques essais, essayez le m\u00e9langeur de Binatone fourni avec un moulin. Le bocal incassable et les lames en acier inoxydable garantissent la long\u00e9vit\u00e9 de l&#8217;appareil.<\/p>\n<p><img decoding=\"async\" src=\"https:\/\/www.binatonelifestyle.com\/\/images\/virtuemart_block\/blg-555-550x400-1.jpg\" alt=\"\" \/><\/p>\n<p>broie rapidement et facilement le caf\u00e9, les haricots secs, les \u00e9pices, la viande, la noix de coco2 vitesses et mode puls\u00e9Tension: 220-240V ~ 50 \/ 60HzLe b\u00e2tonnet pour pousser les fruits \/ l\u00e9gumes \u00e0 feuilles et \u00e9liminer les boissons \u00e9paisses<\/p>\n<p>Aide \u00e0 pr\u00e9parer vos jus de fruits, milk-shakes et autres cocktails pr\u00e9f\u00e9r\u00e9sCruche incassablePuissance: 450WPossibilit\u00e9 d&#8217;ajouter des ingr\u00e9dients pendant le m\u00e9lange<\/p>\n<p><img decoding=\"async\" src=\"https:\/\/www.binatonelifestyle.com\/\/images\/virtuemart_block\/blg-555-550x400-2.jpg\" alt=\"\" \/><\/p>\n<p><img decoding=\"async\" src=\"https:\/\/www.binatonelifestyle.com\/images\/icons\/5g-splash-proof-lid.jpg\" alt=\"\" \/>Couvercle anti-\u00e9claboussures<\/p>\n<p><img decoding=\"async\" src=\"https:\/\/www.binatonelifestyle.com\/images\/icons\/3g-lid-with-hole-for-ingredients.jpg\" alt=\"\" \/><\/p>\n<p>Ajouter des ingr\u00e9dients \u00e0 la vol\u00e9e<\/p>\n<p><img decoding=\"async\" src=\"https:\/\/www.binatonelifestyle.com\/images\/icons\/9g-easy-fit-mechanism.jpg\" alt=\"\" \/><\/p>\n<p>M\u00e9canisme de verrouillage de s\u00e9curit\u00e9<\/p>\n","protected":false},"featured_media":6859,"comment_status":"closed","ping_status":"closed","template":"","meta":{"_bst_post_transparent":"","_bst_post_title":"","_bst_post_layout":"","_bst_post_sidebar_id":"","_bst_post_content_style":"","_bst_post_vertical_padding":"","_bst_post_feature":"","_bst_post_feature_position":"","_bst_post_header":false,"_bst_post_footer":false},"product_brand":[],"product_cat":[145],"product_tag":[],"product_brands":[],"class_list":{"0":"post-8583","1":"product","2":"type-product","3":"status-publish","4":"has-post-thumbnail","6":"product_cat-electromenager","8":"first","9":"instock","10":"purchasable","11":"product-type-simple","12":"entry","13":"content-bg","14":"loop-entry"},"_links":{"self":[{"href":"https:\/\/anopri.com\/index.php?rest_route=\/wp\/v2\/product\/8583","targetHints":{"allow":["GET"]}}],"collection":[{"href":"https:\/\/anopri.com\/index.php?rest_route=\/wp\/v2\/product"}],"about":[{"href":"https:\/\/anopri.com\/index.php?rest_route=\/wp\/v2\/types\/product"}],"replies":[{"embeddable":true,"href":"https:\/\/anopri.com\/index.php?rest_route=%2Fwp%2Fv2%2Fcomments&post=8583"}],"wp:featuredmedia":[{"embeddable":true,"href":"https:\/\/anopri.com\/index.php?rest_route=\/wp\/v2\/media\/6859"}],"wp:attachment":[{"href":"https:\/\/anopri.com\/index.php?rest_route=%2Fwp%2Fv2%2Fmedia&parent=8583"}],"wp:term":[{"taxonomy":"product_brand","embeddable":true,"href":"https:\/\/anopri.com\/index.php?rest_route=%2Fwp%2Fv2%2Fproduct_brand&post=8583"},{"taxonomy":"product_cat","embeddable":true,"href":"https:\/\/anopri.com\/index.php?rest_route=%2Fwp%2Fv2%2Fproduct_cat&post=8583"},{"taxonomy":"product_tag","embeddable":true,"href":"https:\/\/anopri.com\/index.php?rest_route=%2Fwp%2Fv2%2Fproduct_tag&post=8583"},{"taxonomy":"product_brands","embeddable":true,"href":"https:\/\/anopri.com\/index.php?rest_route=%2Fwp%2Fv2%2Fproduct_brands&post=8583"}],"curies":[{"name":"wp","href":"https:\/\/api.w.org\/{rel}","templated":true}]}}