{"id":8582,"date":"2026-04-25T13:04:37","date_gmt":"2026-04-25T13:04:37","guid":{"rendered":"https:\/\/anopri.com\/?post_type=product&#038;p=8582"},"modified":"2026-04-25T13:04:43","modified_gmt":"2026-04-25T13:04:43","slug":"congelateur-vertical-lg-gn-304sq-de-168-l","status":"publish","type":"product","link":"https:\/\/anopri.com\/?product=congelateur-vertical-lg-gn-304sq-de-168-l","title":{"rendered":"CONG\u00c9LATEUR VERTICAL LG GN-304SQ DE 168 L"},"content":{"rendered":"<ul>\n<li><strong>Marque:\u00a0<\/strong>LG<\/li>\n<li><strong>Type de produit:\u00a0<\/strong>Cong\u00e9lateur debout \u00e0 une porte<\/li>\n<li><strong>Cat\u00e9gorie:\u00a0<\/strong>Electromenager<\/li>\n<li><strong>Mod\u00e8le:\u00a0<\/strong>GN-304SQ<\/li>\n<li><strong>Couleur(s) disponibles:\u00a0<\/strong>Blanc et gris<\/li>\n<li><strong>Capacit\u00e9:\u00a0<\/strong>168 litres<strong>\u00a0<\/strong><\/li>\n<li><strong>Dimensions\u00a0(LXHXP) :\u00a0<\/strong>525 x 590 x 1297<\/li>\n<li><strong>Type de refroidissement:\u00a0<\/strong>Refroidissement direct<\/li>\n<li><strong>Serrure \u00e0 cl\u00e9:\u00a0<\/strong>Oui<\/li>\n<li><strong>Garantie:\u00a0<\/strong>06 mois<\/li>\n<\/ul>\n","protected":false},"excerpt":{"rendered":"<p>Marque:\u00a0LG Type de produit:\u00a0Cong\u00e9lateur debout \u00e0 une porte Cat\u00e9gorie:\u00a0Electromenager Mod\u00e8le:\u00a0GN-304SQ Couleur(s) disponibles:\u00a0Blanc et gris Capacit\u00e9:\u00a0168 litres\u00a0 Dimensions\u00a0(LXHXP) :\u00a0525 x 590 x 1297 Type de refroidissement:\u00a0Refroidissement direct Serrure \u00e0 cl\u00e9:\u00a0Oui Garantie:\u00a006 mois<\/p>\n","protected":false},"featured_media":6855,"comment_status":"closed","ping_status":"closed","template":"","meta":{"_bst_post_transparent":"","_bst_post_title":"","_bst_post_layout":"","_bst_post_sidebar_id":"","_bst_post_content_style":"","_bst_post_vertical_padding":"","_bst_post_feature":"","_bst_post_feature_position":"","_bst_post_header":false,"_bst_post_footer":false},"product_brand":[],"product_cat":[153,145],"product_tag":[],"product_brands":[],"class_list":{"0":"post-8582","1":"product","2":"type-product","3":"status-publish","4":"has-post-thumbnail","6":"product_cat-congelateur-coffre","7":"product_cat-electromenager","9":"first","10":"instock","11":"purchasable","12":"product-type-simple","13":"entry","14":"content-bg","15":"loop-entry"},"_links":{"self":[{"href":"https:\/\/anopri.com\/index.php?rest_route=\/wp\/v2\/product\/8582","targetHints":{"allow":["GET"]}}],"collection":[{"href":"https:\/\/anopri.com\/index.php?rest_route=\/wp\/v2\/product"}],"about":[{"href":"https:\/\/anopri.com\/index.php?rest_route=\/wp\/v2\/types\/product"}],"replies":[{"embeddable":true,"href":"https:\/\/anopri.com\/index.php?rest_route=%2Fwp%2Fv2%2Fcomments&post=8582"}],"wp:featuredmedia":[{"embeddable":true,"href":"https:\/\/anopri.com\/index.php?rest_route=\/wp\/v2\/media\/6855"}],"wp:attachment":[{"href":"https:\/\/anopri.com\/index.php?rest_route=%2Fwp%2Fv2%2Fmedia&parent=8582"}],"wp:term":[{"taxonomy":"product_brand","embeddable":true,"href":"https:\/\/anopri.com\/index.php?rest_route=%2Fwp%2Fv2%2Fproduct_brand&post=8582"},{"taxonomy":"product_cat","embeddable":true,"href":"https:\/\/anopri.com\/index.php?rest_route=%2Fwp%2Fv2%2Fproduct_cat&post=8582"},{"taxonomy":"product_tag","embeddable":true,"href":"https:\/\/anopri.com\/index.php?rest_route=%2Fwp%2Fv2%2Fproduct_tag&post=8582"},{"taxonomy":"product_brands","embeddable":true,"href":"https:\/\/anopri.com\/index.php?rest_route=%2Fwp%2Fv2%2Fproduct_brands&post=8582"}],"curies":[{"name":"wp","href":"https:\/\/api.w.org\/{rel}","templated":true}]}}