{"id":8576,"date":"2026-04-25T13:04:37","date_gmt":"2026-04-25T13:04:37","guid":{"rendered":"https:\/\/anopri.com\/?post_type=product&#038;p=8576"},"modified":"2026-04-25T13:04:42","modified_gmt":"2026-04-25T13:04:42","slug":"lot-de-3-verres-de-champagne","status":"publish","type":"product","link":"https:\/\/anopri.com\/?product=lot-de-3-verres-de-champagne","title":{"rendered":"LOT DE 3 VERRES DE CHAMPAGNE"},"content":{"rendered":"<p>Il est conseill\u00e9 de d\u00e9guster le Champagne dans des verres en forme de tulipe, suffisamment hauts pour laisser aux bulles la place d\u2019\u00e9voluer et permettre aux ar\u00f4mes de s\u2019exprimer. Le choix et la pr\u00e9paration du verre sont essentiels pour la r\u00e9v\u00e9lation des ar\u00f4mes et de l\u2019effervescence.<\/p>\n","protected":false},"excerpt":{"rendered":"<p>Il est conseill\u00e9 de d\u00e9guster le Champagne dans des verres en forme de tulipe, suffisamment hauts pour laisser aux bulles la place d\u2019\u00e9voluer et permettre aux ar\u00f4mes de s\u2019exprimer. Le choix et la pr\u00e9paration du verre sont essentiels pour la r\u00e9v\u00e9lation des ar\u00f4mes et de l\u2019effervescence.<\/p>\n","protected":false},"featured_media":6839,"comment_status":"closed","ping_status":"closed","template":"","meta":{"_bst_post_transparent":"","_bst_post_title":"","_bst_post_layout":"","_bst_post_sidebar_id":"","_bst_post_content_style":"","_bst_post_vertical_padding":"","_bst_post_feature":"","_bst_post_feature_position":"","_bst_post_header":false,"_bst_post_footer":false},"product_brand":[],"product_cat":[145],"product_tag":[],"product_brands":[],"class_list":{"0":"post-8576","1":"product","2":"type-product","3":"status-publish","4":"has-post-thumbnail","6":"product_cat-electromenager","8":"first","9":"instock","10":"purchasable","11":"product-type-simple","12":"entry","13":"content-bg","14":"loop-entry"},"_links":{"self":[{"href":"https:\/\/anopri.com\/index.php?rest_route=\/wp\/v2\/product\/8576","targetHints":{"allow":["GET"]}}],"collection":[{"href":"https:\/\/anopri.com\/index.php?rest_route=\/wp\/v2\/product"}],"about":[{"href":"https:\/\/anopri.com\/index.php?rest_route=\/wp\/v2\/types\/product"}],"replies":[{"embeddable":true,"href":"https:\/\/anopri.com\/index.php?rest_route=%2Fwp%2Fv2%2Fcomments&post=8576"}],"wp:featuredmedia":[{"embeddable":true,"href":"https:\/\/anopri.com\/index.php?rest_route=\/wp\/v2\/media\/6839"}],"wp:attachment":[{"href":"https:\/\/anopri.com\/index.php?rest_route=%2Fwp%2Fv2%2Fmedia&parent=8576"}],"wp:term":[{"taxonomy":"product_brand","embeddable":true,"href":"https:\/\/anopri.com\/index.php?rest_route=%2Fwp%2Fv2%2Fproduct_brand&post=8576"},{"taxonomy":"product_cat","embeddable":true,"href":"https:\/\/anopri.com\/index.php?rest_route=%2Fwp%2Fv2%2Fproduct_cat&post=8576"},{"taxonomy":"product_tag","embeddable":true,"href":"https:\/\/anopri.com\/index.php?rest_route=%2Fwp%2Fv2%2Fproduct_tag&post=8576"},{"taxonomy":"product_brands","embeddable":true,"href":"https:\/\/anopri.com\/index.php?rest_route=%2Fwp%2Fv2%2Fproduct_brands&post=8576"}],"curies":[{"name":"wp","href":"https:\/\/api.w.org\/{rel}","templated":true}]}}