{"id":8574,"date":"2026-04-25T13:04:37","date_gmt":"2026-04-25T13:04:37","guid":{"rendered":"https:\/\/anopri.com\/?post_type=product&#038;p=8574"},"modified":"2026-04-25T13:04:41","modified_gmt":"2026-04-25T13:04:41","slug":"lot-de-6-verres-imperial","status":"publish","type":"product","link":"https:\/\/anopri.com\/?product=lot-de-6-verres-imperial","title":{"rendered":"LOT DE 6 VERRES IMPERIAL"},"content":{"rendered":"<p>Afin de profiter pleinement de votre boisson pr\u00e9f\u00e9r\u00e9e, il est important d\u2019avoir le bon verre. Nous avons un verre pour chaque boisson et occasion dans une grande vari\u00e9t\u00e9 de styles et motifs.<\/p>\n","protected":false},"excerpt":{"rendered":"<p>Afin de profiter pleinement de votre boisson pr\u00e9f\u00e9r\u00e9e, il est important d\u2019avoir le bon verre. Nous avons un verre pour chaque boisson et occasion dans une grande vari\u00e9t\u00e9 de styles et motifs.<\/p>\n","protected":false},"featured_media":6833,"comment_status":"closed","ping_status":"closed","template":"","meta":{"_bst_post_transparent":"","_bst_post_title":"","_bst_post_layout":"","_bst_post_sidebar_id":"","_bst_post_content_style":"","_bst_post_vertical_padding":"","_bst_post_feature":"","_bst_post_feature_position":"","_bst_post_header":false,"_bst_post_footer":false},"product_brand":[],"product_cat":[145],"product_tag":[],"product_brands":[],"class_list":{"0":"post-8574","1":"product","2":"type-product","3":"status-publish","4":"has-post-thumbnail","6":"product_cat-electromenager","8":"first","9":"instock","10":"purchasable","11":"product-type-simple","12":"entry","13":"content-bg","14":"loop-entry"},"_links":{"self":[{"href":"https:\/\/anopri.com\/index.php?rest_route=\/wp\/v2\/product\/8574","targetHints":{"allow":["GET"]}}],"collection":[{"href":"https:\/\/anopri.com\/index.php?rest_route=\/wp\/v2\/product"}],"about":[{"href":"https:\/\/anopri.com\/index.php?rest_route=\/wp\/v2\/types\/product"}],"replies":[{"embeddable":true,"href":"https:\/\/anopri.com\/index.php?rest_route=%2Fwp%2Fv2%2Fcomments&post=8574"}],"wp:featuredmedia":[{"embeddable":true,"href":"https:\/\/anopri.com\/index.php?rest_route=\/wp\/v2\/media\/6833"}],"wp:attachment":[{"href":"https:\/\/anopri.com\/index.php?rest_route=%2Fwp%2Fv2%2Fmedia&parent=8574"}],"wp:term":[{"taxonomy":"product_brand","embeddable":true,"href":"https:\/\/anopri.com\/index.php?rest_route=%2Fwp%2Fv2%2Fproduct_brand&post=8574"},{"taxonomy":"product_cat","embeddable":true,"href":"https:\/\/anopri.com\/index.php?rest_route=%2Fwp%2Fv2%2Fproduct_cat&post=8574"},{"taxonomy":"product_tag","embeddable":true,"href":"https:\/\/anopri.com\/index.php?rest_route=%2Fwp%2Fv2%2Fproduct_tag&post=8574"},{"taxonomy":"product_brands","embeddable":true,"href":"https:\/\/anopri.com\/index.php?rest_route=%2Fwp%2Fv2%2Fproduct_brands&post=8574"}],"curies":[{"name":"wp","href":"https:\/\/api.w.org\/{rel}","templated":true}]}}