{"id":8569,"date":"2026-04-25T13:04:36","date_gmt":"2026-04-25T13:04:36","guid":{"rendered":"https:\/\/anopri.com\/?post_type=product&#038;p=8569"},"modified":"2026-04-25T13:04:40","modified_gmt":"2026-04-25T13:04:40","slug":"lot-de-6-verres-victoria","status":"publish","type":"product","link":"https:\/\/anopri.com\/?product=lot-de-6-verres-victoria","title":{"rendered":"LOT DE 6 VERRES VICTORIA"},"content":{"rendered":"<p>Afin de profiter pleinement de votre boisson pr\u00e9f\u00e9r\u00e9e, il est important d\u2019avoir le bon verre. Nous avons un verre pour chaque boisson et occasion dans une grande vari\u00e9t\u00e9 de styles et motifs.<\/p>\n","protected":false},"excerpt":{"rendered":"<p>Afin de profiter pleinement de votre boisson pr\u00e9f\u00e9r\u00e9e, il est important d\u2019avoir le bon verre. Nous avons un verre pour chaque boisson et occasion dans une grande vari\u00e9t\u00e9 de styles et motifs.<\/p>\n","protected":false},"featured_media":6818,"comment_status":"closed","ping_status":"closed","template":"","meta":{"_bst_post_transparent":"","_bst_post_title":"","_bst_post_layout":"","_bst_post_sidebar_id":"","_bst_post_content_style":"","_bst_post_vertical_padding":"","_bst_post_feature":"","_bst_post_feature_position":"","_bst_post_header":false,"_bst_post_footer":false},"product_brand":[],"product_cat":[145],"product_tag":[],"product_brands":[],"class_list":{"0":"post-8569","1":"product","2":"type-product","3":"status-publish","4":"has-post-thumbnail","6":"product_cat-electromenager","8":"first","9":"instock","10":"purchasable","11":"product-type-simple","12":"entry","13":"content-bg","14":"loop-entry"},"_links":{"self":[{"href":"https:\/\/anopri.com\/index.php?rest_route=\/wp\/v2\/product\/8569","targetHints":{"allow":["GET"]}}],"collection":[{"href":"https:\/\/anopri.com\/index.php?rest_route=\/wp\/v2\/product"}],"about":[{"href":"https:\/\/anopri.com\/index.php?rest_route=\/wp\/v2\/types\/product"}],"replies":[{"embeddable":true,"href":"https:\/\/anopri.com\/index.php?rest_route=%2Fwp%2Fv2%2Fcomments&post=8569"}],"wp:featuredmedia":[{"embeddable":true,"href":"https:\/\/anopri.com\/index.php?rest_route=\/wp\/v2\/media\/6818"}],"wp:attachment":[{"href":"https:\/\/anopri.com\/index.php?rest_route=%2Fwp%2Fv2%2Fmedia&parent=8569"}],"wp:term":[{"taxonomy":"product_brand","embeddable":true,"href":"https:\/\/anopri.com\/index.php?rest_route=%2Fwp%2Fv2%2Fproduct_brand&post=8569"},{"taxonomy":"product_cat","embeddable":true,"href":"https:\/\/anopri.com\/index.php?rest_route=%2Fwp%2Fv2%2Fproduct_cat&post=8569"},{"taxonomy":"product_tag","embeddable":true,"href":"https:\/\/anopri.com\/index.php?rest_route=%2Fwp%2Fv2%2Fproduct_tag&post=8569"},{"taxonomy":"product_brands","embeddable":true,"href":"https:\/\/anopri.com\/index.php?rest_route=%2Fwp%2Fv2%2Fproduct_brands&post=8569"}],"curies":[{"name":"wp","href":"https:\/\/api.w.org\/{rel}","templated":true}]}}