{"id":8564,"date":"2026-04-25T13:04:36","date_gmt":"2026-04-25T13:04:36","guid":{"rendered":"https:\/\/anopri.com\/?post_type=product&#038;p=8564"},"modified":"2026-04-25T13:04:39","modified_gmt":"2026-04-25T13:04:39","slug":"plaque-a-gaz-aifa-633g-3foyers","status":"publish","type":"product","link":"https:\/\/anopri.com\/?product=plaque-a-gaz-aifa-633g-3foyers","title":{"rendered":"PLAQUE A GAZ AIFA 633G -3Foyers"},"content":{"rendered":"<p>Vous souhaitez \u00e9quiper de fa\u00e7on plus pratique votre cuisine mais vous n\u2019avez pas la place d\u2019installation d\u2019une cuisini\u00e8re? Dans ce cas optez pour un r\u00e9chaud \u00e0 gaz pas cher de la marque AIFA que vous poserez facilement sur votre plan de travail ou partout ailleurs. En effet, il offre une utilisation tr\u00e8s simple vous permettant de contr\u00f4ler la temp\u00e9rature pour une cuisson homog\u00e8ne et dispose de Trois foyers.<\/p>\n<p>Vous n&#8217;aurez plus besoin d&#8217;allumette car cette\u00a0<strong>plaque \u00e0 gaz<\/strong> s&#8217;allume de fa\u00e7on automatique, de quoi vous rendre les choses encore plus simple. Sa mati\u00e8re en verre vous garantit solidit\u00e9 et long\u00e9vit\u00e9.<\/p>\n<p>Pour l&#8217;avoir il vous suffit de passer la commande sur ANOPRI.COM et vous serez livr\u00e9 dans les brefs d\u00e9lai.<\/p>\n","protected":false},"excerpt":{"rendered":"<p>Vous souhaitez \u00e9quiper de fa\u00e7on plus pratique votre cuisine mais vous n\u2019avez pas la place d\u2019installation d\u2019une cuisini\u00e8re? Dans ce cas optez pour un r\u00e9chaud \u00e0 gaz pas cher de la marque AIFA que vous poserez facilement sur votre plan de travail ou partout ailleurs. En effet, il offre une utilisation tr\u00e8s simple vous permettant&#8230;<\/p>\n","protected":false},"featured_media":6806,"comment_status":"closed","ping_status":"closed","template":"","meta":{"_bst_post_transparent":"","_bst_post_title":"","_bst_post_layout":"","_bst_post_sidebar_id":"","_bst_post_content_style":"","_bst_post_vertical_padding":"","_bst_post_feature":"","_bst_post_feature_position":"","_bst_post_header":false,"_bst_post_footer":false},"product_brand":[],"product_cat":[145],"product_tag":[],"product_brands":[],"class_list":{"0":"post-8564","1":"product","2":"type-product","3":"status-publish","4":"has-post-thumbnail","6":"product_cat-electromenager","8":"first","9":"instock","10":"purchasable","11":"product-type-simple","12":"entry","13":"content-bg","14":"loop-entry"},"_links":{"self":[{"href":"https:\/\/anopri.com\/index.php?rest_route=\/wp\/v2\/product\/8564","targetHints":{"allow":["GET"]}}],"collection":[{"href":"https:\/\/anopri.com\/index.php?rest_route=\/wp\/v2\/product"}],"about":[{"href":"https:\/\/anopri.com\/index.php?rest_route=\/wp\/v2\/types\/product"}],"replies":[{"embeddable":true,"href":"https:\/\/anopri.com\/index.php?rest_route=%2Fwp%2Fv2%2Fcomments&post=8564"}],"wp:featuredmedia":[{"embeddable":true,"href":"https:\/\/anopri.com\/index.php?rest_route=\/wp\/v2\/media\/6806"}],"wp:attachment":[{"href":"https:\/\/anopri.com\/index.php?rest_route=%2Fwp%2Fv2%2Fmedia&parent=8564"}],"wp:term":[{"taxonomy":"product_brand","embeddable":true,"href":"https:\/\/anopri.com\/index.php?rest_route=%2Fwp%2Fv2%2Fproduct_brand&post=8564"},{"taxonomy":"product_cat","embeddable":true,"href":"https:\/\/anopri.com\/index.php?rest_route=%2Fwp%2Fv2%2Fproduct_cat&post=8564"},{"taxonomy":"product_tag","embeddable":true,"href":"https:\/\/anopri.com\/index.php?rest_route=%2Fwp%2Fv2%2Fproduct_tag&post=8564"},{"taxonomy":"product_brands","embeddable":true,"href":"https:\/\/anopri.com\/index.php?rest_route=%2Fwp%2Fv2%2Fproduct_brands&post=8564"}],"curies":[{"name":"wp","href":"https:\/\/api.w.org\/{rel}","templated":true}]}}