{"id":8562,"date":"2026-04-25T13:04:36","date_gmt":"2026-04-25T13:04:36","guid":{"rendered":"https:\/\/anopri.com\/?post_type=product&#038;p=8562"},"modified":"2026-04-25T13:04:38","modified_gmt":"2026-04-25T13:04:38","slug":"machine-a-laver-automatique-titan-6kgs","status":"publish","type":"product","link":"https:\/\/anopri.com\/?product=machine-a-laver-automatique-titan-6kgs","title":{"rendered":"MACHINE A LAVER AUTOMATIQUE TITAN 6kgs"},"content":{"rendered":"<p>La machine \u00e0 laver est un appareil \u00e9lectrom\u00e9nager qui commence \u00e0 prendre sa place dans les foyers. A l\u2019heure du modernisme, le lave-linge se trouve \u00eatre un v\u00e9ritable alli\u00e9 pour le bien-\u00eatre de votre maison. Il permet, sans effort, de nettoyer le linge de toute la maison. ce mod\u00e8le est a chargement frontale et dispose une capacit\u00e9 de 6 kg. sa classe \u00e9nerg\u00e9tique A vous permet d\u2019\u00e9conomiser encore plus .<\/p>\n","protected":false},"excerpt":{"rendered":"<p>&nbsp;<\/p>\n<ul>\n<li><strong>Marque\u00a0<\/strong>: Titan<\/li>\n<li><strong>Type de produit<\/strong>\u00a0: Machine \u00e0 laver<\/li>\n<li><strong>Cat\u00e9gorie\u00a0<\/strong>: Electrom\u00e9nager<\/li>\n<li><strong>Mod\u00e8le : Mal 66<\/strong><\/li>\n<li><strong>Type d&#8217;\u00e9cran:\u00a0<\/strong>LED<\/li>\n<li><strong>Fonction s\u00e9chage<\/strong>\u00a0: Non<\/li>\n<li><strong>Dimension(WxHxD) :<\/strong>\u00a0600 x 850 x 550<\/li>\n<li><strong>Type de pose\u00a0<\/strong>: Pose libre<\/li>\n<li><strong>Type d&#8217;acc\u00e8s<\/strong>\u00a0: Hublot<\/li>\n<li><strong>Classe \u00e9nerg\u00e9tique<\/strong>\u00a0: A+++ (30% d&#8217;\u00e9conomie d&#8217;\u00e9nergie par rapport \u00e0 la classe A)<\/li>\n<li><strong>Chargement maximal\u00a0<\/strong>: Les 6 kg<\/li>\n<li><strong>Vitesse d&#8217;essorage (en tpm)<\/strong>\u00a0: De 1200 \u00e0 1400 tr\/mn<\/li>\n<li><strong>Poids (kg)<\/strong>\u00a0: 80<\/li>\n<li><strong>Couleur\u00a0<\/strong>: Blanc<\/li>\n<\/ul>\n","protected":false},"featured_media":6801,"comment_status":"closed","ping_status":"closed","template":"","meta":{"_bst_post_transparent":"","_bst_post_title":"","_bst_post_layout":"","_bst_post_sidebar_id":"","_bst_post_content_style":"","_bst_post_vertical_padding":"","_bst_post_feature":"","_bst_post_feature_position":"","_bst_post_header":false,"_bst_post_footer":false},"product_brand":[],"product_cat":[168,167],"product_tag":[],"product_brands":[],"class_list":{"0":"post-8562","1":"product","2":"type-product","3":"status-publish","4":"has-post-thumbnail","6":"product_cat-machine-a-laver","7":"product_cat-machine-a-laver-et-seche-linge","9":"first","10":"instock","11":"purchasable","12":"product-type-simple","13":"entry","14":"content-bg","15":"loop-entry"},"_links":{"self":[{"href":"https:\/\/anopri.com\/index.php?rest_route=\/wp\/v2\/product\/8562","targetHints":{"allow":["GET"]}}],"collection":[{"href":"https:\/\/anopri.com\/index.php?rest_route=\/wp\/v2\/product"}],"about":[{"href":"https:\/\/anopri.com\/index.php?rest_route=\/wp\/v2\/types\/product"}],"replies":[{"embeddable":true,"href":"https:\/\/anopri.com\/index.php?rest_route=%2Fwp%2Fv2%2Fcomments&post=8562"}],"wp:featuredmedia":[{"embeddable":true,"href":"https:\/\/anopri.com\/index.php?rest_route=\/wp\/v2\/media\/6801"}],"wp:attachment":[{"href":"https:\/\/anopri.com\/index.php?rest_route=%2Fwp%2Fv2%2Fmedia&parent=8562"}],"wp:term":[{"taxonomy":"product_brand","embeddable":true,"href":"https:\/\/anopri.com\/index.php?rest_route=%2Fwp%2Fv2%2Fproduct_brand&post=8562"},{"taxonomy":"product_cat","embeddable":true,"href":"https:\/\/anopri.com\/index.php?rest_route=%2Fwp%2Fv2%2Fproduct_cat&post=8562"},{"taxonomy":"product_tag","embeddable":true,"href":"https:\/\/anopri.com\/index.php?rest_route=%2Fwp%2Fv2%2Fproduct_tag&post=8562"},{"taxonomy":"product_brands","embeddable":true,"href":"https:\/\/anopri.com\/index.php?rest_route=%2Fwp%2Fv2%2Fproduct_brands&post=8562"}],"curies":[{"name":"wp","href":"https:\/\/api.w.org\/{rel}","templated":true}]}}