{"id":8532,"date":"2026-04-25T13:04:26","date_gmt":"2026-04-25T13:04:26","guid":{"rendered":"https:\/\/anopri.com\/?post_type=product&#038;p=8532"},"modified":"2026-04-25T13:04:28","modified_gmt":"2026-04-25T13:04:28","slug":"tv-toshiba-led-32pouces-hd","status":"publish","type":"product","link":"https:\/\/anopri.com\/?product=tv-toshiba-led-32pouces-hd","title":{"rendered":"TV TOSHIBA LED 32Pouces-HD"},"content":{"rendered":"<p>Ce t\u00e9l\u00e9viseur HD \u00e0 LED, dot\u00e9 d&#8217;une r\u00e9solution de 1920 x 1080p, est parfait pour profiter de vos contenus pr\u00e9f\u00e9r\u00e9s avec une clart\u00e9 \u00e9poustouflante. Le temps de r\u00e9ponse de 6,5 millisecondes vous garantit une qualit\u00e9 de visionnement toujours excellente, m\u00eame lors de la projection de films ou d&#8217;\u00e9v\u00e9nements sportifs o\u00f9 des mouvements rapides apparaissent \u00e0 l&#8217;\u00e9cran. Un ensemble de haut-parleurs de 10 watts cr\u00e9e une exp\u00e9rience de son surround immersive avec des basses profondes, de sorte que vous ne manquerez pas les dialogues !<\/p>\n","protected":false},"excerpt":{"rendered":"<ul>\n<li><strong>Type de produit :\u00a0T\u00e9l\u00e9viseur<\/strong><\/li>\n<li><strong>Marque\u00a0 :\u00a0Toshiba<\/strong><\/li>\n<li><strong>Mod\u00e8le de la tv :<\/strong>\u00a032S2850<\/li>\n<li><strong>Taille de l&#8217;\u00e9cran :<\/strong>\u00a032 pouces<\/li>\n<li><strong>R\u00e9solution (HxV):<\/strong>\u00a01366 x 768 pixels<\/li>\n<li><strong>Type de tv :<\/strong>\u00a0Led ( Num\u00e9rique )<\/li>\n<li><strong>Traitement vid\u00e9o:<\/strong>\u00a08 bits<\/li>\n<li><strong>Mode d&#8217;image:<\/strong>\u00a0standard, dynamique, journ\u00e9e cin\u00e9ma, nuit cin\u00e9ma<\/li>\n<li><strong>Mode sonore:<\/strong>\u00a0Standard, musique, parole, fin de nuit, th\u00e9\u00e2tre<\/li>\n<li><strong>Tuner:<\/strong>\u00a0num\u00e9rique &#8211; r\u00e9cepteur satellite<\/li>\n<li><strong>R\u00e9gulateur de tension automatique AC ;<\/strong>100V-240V<\/li>\n<li><strong>Fr\u00e9quence\u00a0 :<\/strong>\u00a050\/60Hz<\/li>\n<li><strong>Connectivit\u00e9 de la t\u00e9l\u00e9vision :\u00a0HDMI (entr\u00e9e): 2,\u00a0USB 2 (entr\u00e9e):\u00a0<\/strong><\/li>\n<li><strong>Garantie :\u00a0<\/strong>06 mois<\/li>\n<\/ul>\n","protected":false},"featured_media":6735,"comment_status":"closed","ping_status":"closed","template":"","meta":{"_bst_post_transparent":"","_bst_post_title":"","_bst_post_layout":"","_bst_post_sidebar_id":"","_bst_post_content_style":"","_bst_post_vertical_padding":"","_bst_post_feature":"","_bst_post_feature_position":"","_bst_post_header":false,"_bst_post_footer":false},"product_brand":[],"product_cat":[142],"product_tag":[],"product_brands":[],"class_list":{"0":"post-8532","1":"product","2":"type-product","3":"status-publish","4":"has-post-thumbnail","6":"product_cat-electronique","8":"first","9":"instock","10":"purchasable","11":"product-type-simple","12":"entry","13":"content-bg","14":"loop-entry"},"_links":{"self":[{"href":"https:\/\/anopri.com\/index.php?rest_route=\/wp\/v2\/product\/8532","targetHints":{"allow":["GET"]}}],"collection":[{"href":"https:\/\/anopri.com\/index.php?rest_route=\/wp\/v2\/product"}],"about":[{"href":"https:\/\/anopri.com\/index.php?rest_route=\/wp\/v2\/types\/product"}],"replies":[{"embeddable":true,"href":"https:\/\/anopri.com\/index.php?rest_route=%2Fwp%2Fv2%2Fcomments&post=8532"}],"wp:featuredmedia":[{"embeddable":true,"href":"https:\/\/anopri.com\/index.php?rest_route=\/wp\/v2\/media\/6735"}],"wp:attachment":[{"href":"https:\/\/anopri.com\/index.php?rest_route=%2Fwp%2Fv2%2Fmedia&parent=8532"}],"wp:term":[{"taxonomy":"product_brand","embeddable":true,"href":"https:\/\/anopri.com\/index.php?rest_route=%2Fwp%2Fv2%2Fproduct_brand&post=8532"},{"taxonomy":"product_cat","embeddable":true,"href":"https:\/\/anopri.com\/index.php?rest_route=%2Fwp%2Fv2%2Fproduct_cat&post=8532"},{"taxonomy":"product_tag","embeddable":true,"href":"https:\/\/anopri.com\/index.php?rest_route=%2Fwp%2Fv2%2Fproduct_tag&post=8532"},{"taxonomy":"product_brands","embeddable":true,"href":"https:\/\/anopri.com\/index.php?rest_route=%2Fwp%2Fv2%2Fproduct_brands&post=8532"}],"curies":[{"name":"wp","href":"https:\/\/api.w.org\/{rel}","templated":true}]}}