{"id":8531,"date":"2026-04-25T13:04:25","date_gmt":"2026-04-25T13:04:25","guid":{"rendered":"https:\/\/anopri.com\/?post_type=product&#038;p=8531"},"modified":"2026-04-25T13:04:28","modified_gmt":"2026-04-25T13:04:28","slug":"ecouteur-oraimo-oep-e10-blanc","status":"publish","type":"product","link":"https:\/\/anopri.com\/?product=ecouteur-oraimo-oep-e10-blanc","title":{"rendered":"\u00c9couteur Oraimo &#8211; OEP-E10 &#8211; Blanc"},"content":{"rendered":"<ul>\n<li><strong>Longueur du c\u00e2ble : 1,2 m<\/strong><\/li>\n<li><strong>Type de prise : 3,5 mm<\/strong><\/li>\n<li><strong>Type d&#8217;\u00e9couteur : Filaire<\/strong><\/li>\n<\/ul>\n","protected":false},"excerpt":{"rendered":"<p>oraimo d\u00e9veloppe des accessoires intelligents cool et cr\u00e9atifs pour les jeunes du monde entier, leur permettant d&#8217;explorer plus d&#8217;excitation.<\/p>\n<p>Pure Bass &amp; HD Sound: Utilisant des pilotes premium exclusifs oraimo, les \u00e9couteurs Conch g\u00e9n\u00e8rent des basses pures profondes et puissantes. Le diaphragme central offre un son clair et naturel avec des d\u00e9tails riches, afin que vous puissiez vous immerger compl\u00e8tement dans votre musique.<\/p>\n<p>Embouts auriculaires confortables: les embouts \u00e9l\u00e9gants et ergonomiques ajoutent un confort sans pr\u00e9c\u00e9dent \u00e0 l&#8217;exp\u00e9rience de l&#8217;auditeur &#8211; permettant une exp\u00e9rience plus longue et plus agr\u00e9able.<\/p>\n<p>Contr\u00f4le \u00e0 bouton unique: la t\u00e9l\u00e9commande \u00e0 bouton unique et le micro permettent un contr\u00f4le facile de la musique et des appels mains libres.<\/p>\n","protected":false},"featured_media":6733,"comment_status":"closed","ping_status":"closed","template":"","meta":{"_bst_post_transparent":"","_bst_post_title":"","_bst_post_layout":"","_bst_post_sidebar_id":"","_bst_post_content_style":"","_bst_post_vertical_padding":"","_bst_post_feature":"","_bst_post_feature_position":"","_bst_post_header":false,"_bst_post_footer":false},"product_brand":[],"product_cat":[183,152],"product_tag":[],"product_brands":[],"class_list":{"0":"post-8531","1":"product","2":"type-product","3":"status-publish","4":"has-post-thumbnail","6":"product_cat-ecouteurs-et-casque","7":"product_cat-telephones-accessoires","9":"first","10":"instock","11":"purchasable","12":"product-type-simple","13":"entry","14":"content-bg","15":"loop-entry"},"_links":{"self":[{"href":"https:\/\/anopri.com\/index.php?rest_route=\/wp\/v2\/product\/8531","targetHints":{"allow":["GET"]}}],"collection":[{"href":"https:\/\/anopri.com\/index.php?rest_route=\/wp\/v2\/product"}],"about":[{"href":"https:\/\/anopri.com\/index.php?rest_route=\/wp\/v2\/types\/product"}],"replies":[{"embeddable":true,"href":"https:\/\/anopri.com\/index.php?rest_route=%2Fwp%2Fv2%2Fcomments&post=8531"}],"wp:featuredmedia":[{"embeddable":true,"href":"https:\/\/anopri.com\/index.php?rest_route=\/wp\/v2\/media\/6733"}],"wp:attachment":[{"href":"https:\/\/anopri.com\/index.php?rest_route=%2Fwp%2Fv2%2Fmedia&parent=8531"}],"wp:term":[{"taxonomy":"product_brand","embeddable":true,"href":"https:\/\/anopri.com\/index.php?rest_route=%2Fwp%2Fv2%2Fproduct_brand&post=8531"},{"taxonomy":"product_cat","embeddable":true,"href":"https:\/\/anopri.com\/index.php?rest_route=%2Fwp%2Fv2%2Fproduct_cat&post=8531"},{"taxonomy":"product_tag","embeddable":true,"href":"https:\/\/anopri.com\/index.php?rest_route=%2Fwp%2Fv2%2Fproduct_tag&post=8531"},{"taxonomy":"product_brands","embeddable":true,"href":"https:\/\/anopri.com\/index.php?rest_route=%2Fwp%2Fv2%2Fproduct_brands&post=8531"}],"curies":[{"name":"wp","href":"https:\/\/api.w.org\/{rel}","templated":true}]}}