{"id":8529,"date":"2026-04-25T13:04:25","date_gmt":"2026-04-25T13:04:25","guid":{"rendered":"https:\/\/anopri.com\/?post_type=product&#038;p=8529"},"modified":"2026-04-25T13:04:27","modified_gmt":"2026-04-25T13:04:27","slug":"ecouteurs-oraimo-oep-e21","status":"publish","type":"product","link":"https:\/\/anopri.com\/?product=ecouteurs-oraimo-oep-e21","title":{"rendered":"Ecouteurs Oraimo OEP-E21"},"content":{"rendered":"<p>\u2022 R\u00e9ponse en fr\u00e9quence: 20-20000 Hz<br \/>\n\u2022 Sensibilit\u00e9: 100+ \/ 3dB<br \/>\n\u2022 Connecteur: 3,5 mm<br \/>\n\u2022 Longueur du c\u00e2ble: 1,2 m<br \/>\n\u2022 Avec micro unique<br \/>\n\u2022 Type d\u2019\u00e9couteur : moiti\u00e9 dans l\u2019oreille<br \/>\n\u2022 Imp\u00e9dance : 16 OMS<\/p>\n","protected":false},"excerpt":{"rendered":"<p>Ergonomie des \u00e9couteurs : les \u00e9couteurs sont con\u00e7us de mani\u00e8re ergonomique pour s\u2019adapter \u00e0 la forme de votre conduit auditif et offrent un ajustement fiable et agr\u00e9able en \u00e9coutant de la musique. Appels en ligne : passez facilement de la musique aux appels entrants gr\u00e2ce \u00e0 la ligne t\u00e9l\u00e9phonique et au microphone, sans avoir \u00e0 retirer vos \u00e9couteurs lorsque l\u2019appel arrive.<\/p>\n","protected":false},"featured_media":6729,"comment_status":"closed","ping_status":"closed","template":"","meta":{"_bst_post_transparent":"","_bst_post_title":"","_bst_post_layout":"","_bst_post_sidebar_id":"","_bst_post_content_style":"","_bst_post_vertical_padding":"","_bst_post_feature":"","_bst_post_feature_position":"","_bst_post_header":false,"_bst_post_footer":false},"product_brand":[],"product_cat":[183,152],"product_tag":[],"product_brands":[],"class_list":{"0":"post-8529","1":"product","2":"type-product","3":"status-publish","4":"has-post-thumbnail","6":"product_cat-ecouteurs-et-casque","7":"product_cat-telephones-accessoires","9":"first","10":"instock","11":"purchasable","12":"product-type-simple","13":"entry","14":"content-bg","15":"loop-entry"},"_links":{"self":[{"href":"https:\/\/anopri.com\/index.php?rest_route=\/wp\/v2\/product\/8529","targetHints":{"allow":["GET"]}}],"collection":[{"href":"https:\/\/anopri.com\/index.php?rest_route=\/wp\/v2\/product"}],"about":[{"href":"https:\/\/anopri.com\/index.php?rest_route=\/wp\/v2\/types\/product"}],"replies":[{"embeddable":true,"href":"https:\/\/anopri.com\/index.php?rest_route=%2Fwp%2Fv2%2Fcomments&post=8529"}],"wp:featuredmedia":[{"embeddable":true,"href":"https:\/\/anopri.com\/index.php?rest_route=\/wp\/v2\/media\/6729"}],"wp:attachment":[{"href":"https:\/\/anopri.com\/index.php?rest_route=%2Fwp%2Fv2%2Fmedia&parent=8529"}],"wp:term":[{"taxonomy":"product_brand","embeddable":true,"href":"https:\/\/anopri.com\/index.php?rest_route=%2Fwp%2Fv2%2Fproduct_brand&post=8529"},{"taxonomy":"product_cat","embeddable":true,"href":"https:\/\/anopri.com\/index.php?rest_route=%2Fwp%2Fv2%2Fproduct_cat&post=8529"},{"taxonomy":"product_tag","embeddable":true,"href":"https:\/\/anopri.com\/index.php?rest_route=%2Fwp%2Fv2%2Fproduct_tag&post=8529"},{"taxonomy":"product_brands","embeddable":true,"href":"https:\/\/anopri.com\/index.php?rest_route=%2Fwp%2Fv2%2Fproduct_brands&post=8529"}],"curies":[{"name":"wp","href":"https:\/\/api.w.org\/{rel}","templated":true}]}}