{"id":8527,"date":"2026-04-25T13:04:17","date_gmt":"2026-04-25T13:04:17","guid":{"rendered":"https:\/\/anopri.com\/?post_type=product&#038;p=8527"},"modified":"2026-04-25T13:04:24","modified_gmt":"2026-04-25T13:04:24","slug":"tv-hisense-32-led-hd-tv-a5200","status":"publish","type":"product","link":"https:\/\/anopri.com\/?product=tv-hisense-32-led-hd-tv-a5200","title":{"rendered":"TV HISENSE 32 LED &#8211; HD TV- A5200"},"content":{"rendered":"<p>HISENSE 32\u2033 LED-HD TV-A5200<br \/>\nLe HISENSE 32\u2033 LED-HD TV-A5200 est livr\u00e9 avec une fonction d&#8217;\u00e9conomie d&#8217;\u00e9nergie qui comprend un contr\u00f4le du r\u00e9tro\u00e9clairage qui r\u00e9duit la consommation d&#8217;\u00e9nergie . Il dispose de deux ports HDMI, d&#8217;un port USB DIVX, d&#8217;un AV et c&#8217;est un t\u00e9l\u00e9viseur HD<\/p>\n<p>Avec son design mince, ce t\u00e9l\u00e9viseur est un moyen \u00e9l\u00e9gant d&#8217;apporter une image impressionnante \u00e0 plus d&#8217;espaces. Le t\u00e9l\u00e9viseur HD LED HISENSE 32 pouces dispose d&#8217;un port DivX, d&#8217;une entr\u00e9e d&#8217;antenne et de 2 ports HDMI. Le port USB facilite la connexion des cl\u00e9s USB, tandis que le port HDMI facilite la connexion des ordinateurs portables, des projecteurs, etc.<\/p>\n<p>Connectez simplement votre cl\u00e9 USB ou votre disque dur externe au port USB pour lire son contenu sur l&#8217;\u00e9cran de votre t\u00e9l\u00e9viseur. Il est \u00e9galement livr\u00e9 avec des ports AV enti\u00e8rement fonctionnels pour la connexion de DVD et autres. Le t\u00e9l\u00e9viseur HD LED 32 pouces HISENSE A5200 est dot\u00e9 d&#8217;une fonction d&#8217;\u00e9conomie d&#8217;\u00e9nergie intelligente qui aide les utilisateurs \u00e0 \u00eatre un peu plus \u00e9cologiques en limitant la consommation d&#8217;\u00e9nergie.<\/p>\n<p>Principales caract\u00e9ristiques:<br \/>\nMarque : HISENSE<br \/>\nMod\u00e8le : A5200<br \/>\nTaille d&#8217;\u00e9cran de 32 pouces<br \/>\nSupport gratuit<br \/>\nPort AV enti\u00e8rement fonctionnel<br \/>\n2 ports HDMI<br \/>\nDesign \u00e9l\u00e9gant<br \/>\nEntr\u00e9e d&#8217;antenne<br \/>\n1 port USB DivX<br \/>\nGrand angle de vision<br \/>\nCouleur : Noir<\/p>\n<p>&nbsp;<\/p>\n","protected":false},"excerpt":{"rendered":"<p>Marque : HISENSE<br \/>\nMod\u00e8le : A5200<br \/>\nTaille d&#8217;\u00e9cran de 32 pouces<br \/>\nPort AV enti\u00e8rement fonctionnel<br \/>\n2 ports HDMI<br \/>\nDesign \u00e9l\u00e9gant<br \/>\nEntr\u00e9e d&#8217;antenne<br \/>\n1 port USB DivX<br \/>\nGrand angle de vision<br \/>\nCouleur : Noir<\/p>\n","protected":false},"featured_media":6725,"comment_status":"closed","ping_status":"closed","template":"","meta":{"_bst_post_transparent":"","_bst_post_title":"","_bst_post_layout":"","_bst_post_sidebar_id":"","_bst_post_content_style":"","_bst_post_vertical_padding":"","_bst_post_feature":"","_bst_post_feature_position":"","_bst_post_header":false,"_bst_post_footer":false},"product_brand":[],"product_cat":[142,143,177],"product_tag":[],"product_brands":[],"class_list":{"0":"post-8527","1":"product","2":"type-product","3":"status-publish","4":"has-post-thumbnail","6":"product_cat-electronique","7":"product_cat-television","8":"product_cat-televisions-led","10":"first","11":"instock","12":"sale","13":"purchasable","14":"product-type-simple","15":"entry","16":"content-bg","17":"loop-entry"},"_links":{"self":[{"href":"https:\/\/anopri.com\/index.php?rest_route=\/wp\/v2\/product\/8527","targetHints":{"allow":["GET"]}}],"collection":[{"href":"https:\/\/anopri.com\/index.php?rest_route=\/wp\/v2\/product"}],"about":[{"href":"https:\/\/anopri.com\/index.php?rest_route=\/wp\/v2\/types\/product"}],"replies":[{"embeddable":true,"href":"https:\/\/anopri.com\/index.php?rest_route=%2Fwp%2Fv2%2Fcomments&post=8527"}],"wp:featuredmedia":[{"embeddable":true,"href":"https:\/\/anopri.com\/index.php?rest_route=\/wp\/v2\/media\/6725"}],"wp:attachment":[{"href":"https:\/\/anopri.com\/index.php?rest_route=%2Fwp%2Fv2%2Fmedia&parent=8527"}],"wp:term":[{"taxonomy":"product_brand","embeddable":true,"href":"https:\/\/anopri.com\/index.php?rest_route=%2Fwp%2Fv2%2Fproduct_brand&post=8527"},{"taxonomy":"product_cat","embeddable":true,"href":"https:\/\/anopri.com\/index.php?rest_route=%2Fwp%2Fv2%2Fproduct_cat&post=8527"},{"taxonomy":"product_tag","embeddable":true,"href":"https:\/\/anopri.com\/index.php?rest_route=%2Fwp%2Fv2%2Fproduct_tag&post=8527"},{"taxonomy":"product_brands","embeddable":true,"href":"https:\/\/anopri.com\/index.php?rest_route=%2Fwp%2Fv2%2Fproduct_brands&post=8527"}],"curies":[{"name":"wp","href":"https:\/\/api.w.org\/{rel}","templated":true}]}}