{"id":8524,"date":"2026-04-25T13:04:17","date_gmt":"2026-04-25T13:04:17","guid":{"rendered":"https:\/\/anopri.com\/?post_type=product&#038;p=8524"},"modified":"2026-04-25T13:04:23","modified_gmt":"2026-04-25T13:04:23","slug":"mixeur-syinix-blnppk-205-300w","status":"publish","type":"product","link":"https:\/\/anopri.com\/?product=mixeur-syinix-blnppk-205-300w","title":{"rendered":"MIXEUR SYINIX BLNPPK-205 300W"},"content":{"rendered":"<p>Un mixeur \u00e9lectrique \u00e0 la fois compact et performant, du fabricant Syinix. Il est hautement polyvalent, accompagn\u00e9 d\u2019un mini hachoir. C\u2019est un appareil multifonction capable de fouetter, m\u00e9langer, hacher et battre, \u00e0 l\u2019aide de 3 lames en acier inoxydable.<\/p>\n<p>Il embarque une puissance de 300 watts, id\u00e9al pour r\u00e9ussir vos pr\u00e9parations et recettes culinaires.<\/p>\n<p>V\u00e9ritable alli\u00e9 dans la cuisine, commandez ce mixeur Syinix et faites la diff\u00e9rence.<\/p>\n","protected":false},"excerpt":{"rendered":"<p><strong>Caract\u00e9ristiques :\u00a0<\/strong><\/p>\n<ul>\n<li>Marque : Syinix<\/li>\n<li>Nom du produit : Mixeur<\/li>\n<li>Mod\u00e8le : BLNPPK 205<\/li>\n<li>Capacit\u00e9 : 1.5L<\/li>\n<li>Puissance : 300W<\/li>\n<\/ul>\n","protected":false},"featured_media":6716,"comment_status":"closed","ping_status":"closed","template":"","meta":{"_bst_post_transparent":"","_bst_post_title":"","_bst_post_layout":"","_bst_post_sidebar_id":"","_bst_post_content_style":"","_bst_post_vertical_padding":"","_bst_post_feature":"","_bst_post_feature_position":"","_bst_post_header":false,"_bst_post_footer":false},"product_brand":[],"product_cat":[145,182],"product_tag":[],"product_brands":[],"class_list":{"0":"post-8524","1":"product","2":"type-product","3":"status-publish","4":"has-post-thumbnail","6":"product_cat-electromenager","7":"product_cat-mixeurs-blenders","9":"first","10":"instock","11":"purchasable","12":"product-type-simple","13":"entry","14":"content-bg","15":"loop-entry"},"_links":{"self":[{"href":"https:\/\/anopri.com\/index.php?rest_route=\/wp\/v2\/product\/8524","targetHints":{"allow":["GET"]}}],"collection":[{"href":"https:\/\/anopri.com\/index.php?rest_route=\/wp\/v2\/product"}],"about":[{"href":"https:\/\/anopri.com\/index.php?rest_route=\/wp\/v2\/types\/product"}],"replies":[{"embeddable":true,"href":"https:\/\/anopri.com\/index.php?rest_route=%2Fwp%2Fv2%2Fcomments&post=8524"}],"wp:featuredmedia":[{"embeddable":true,"href":"https:\/\/anopri.com\/index.php?rest_route=\/wp\/v2\/media\/6716"}],"wp:attachment":[{"href":"https:\/\/anopri.com\/index.php?rest_route=%2Fwp%2Fv2%2Fmedia&parent=8524"}],"wp:term":[{"taxonomy":"product_brand","embeddable":true,"href":"https:\/\/anopri.com\/index.php?rest_route=%2Fwp%2Fv2%2Fproduct_brand&post=8524"},{"taxonomy":"product_cat","embeddable":true,"href":"https:\/\/anopri.com\/index.php?rest_route=%2Fwp%2Fv2%2Fproduct_cat&post=8524"},{"taxonomy":"product_tag","embeddable":true,"href":"https:\/\/anopri.com\/index.php?rest_route=%2Fwp%2Fv2%2Fproduct_tag&post=8524"},{"taxonomy":"product_brands","embeddable":true,"href":"https:\/\/anopri.com\/index.php?rest_route=%2Fwp%2Fv2%2Fproduct_brands&post=8524"}],"curies":[{"name":"wp","href":"https:\/\/api.w.org\/{rel}","templated":true}]}}