{"id":8515,"date":"2026-04-25T13:04:16","date_gmt":"2026-04-25T13:04:16","guid":{"rendered":"https:\/\/anopri.com\/?post_type=product&#038;p=8515"},"modified":"2026-04-25T13:04:21","modified_gmt":"2026-04-25T13:04:21","slug":"salon-de-jardin-en-resine-tressee-x-4-chaises","status":"publish","type":"product","link":"https:\/\/anopri.com\/?product=salon-de-jardin-en-resine-tressee-x-4-chaises","title":{"rendered":"Salon de jardin en r\u00e9sine tress\u00e9e X 4 Chaises"},"content":{"rendered":"<p>Livr\u00e9 avec sa table carr\u00e9e 4 places Le plateau de la table est en verre tremp\u00e9 de 5mm d&#8217;\u00e9paisseur : couleur noir.<\/p>\n<p>D\u00e9couvrez notre toutes nouvelle gamme de mobilier en r\u00e9sine tress\u00e9e. Confort et \u00e9l\u00e9gance sont les atouts des salons de jardin en r\u00e9sine.<\/p>\n","protected":false},"excerpt":{"rendered":"<p>Livr\u00e9 avec sa table carr\u00e9e 4 places Le plateau de la table est en verre tremp\u00e9 de 5mm d&#8217;\u00e9paisseur : couleur noir.<\/p>\n<p>D\u00e9couvrez notre toutes nouvelle gamme de mobilier en r\u00e9sine tress\u00e9e. Confort et \u00e9l\u00e9gance sont les atouts des salons de jardin en r\u00e9sine.<\/p>\n","protected":false},"featured_media":6694,"comment_status":"closed","ping_status":"closed","template":"","meta":{"_bst_post_transparent":"","_bst_post_title":"","_bst_post_layout":"","_bst_post_sidebar_id":"","_bst_post_content_style":"","_bst_post_vertical_padding":"","_bst_post_feature":"","_bst_post_feature_position":"","_bst_post_header":false,"_bst_post_footer":false},"product_brand":[],"product_cat":[172],"product_tag":[],"product_brands":[],"class_list":{"0":"post-8515","1":"product","2":"type-product","3":"status-publish","4":"has-post-thumbnail","6":"product_cat-ameublement-decoration","8":"first","9":"instock","10":"sale","11":"purchasable","12":"product-type-simple","13":"entry","14":"content-bg","15":"loop-entry"},"_links":{"self":[{"href":"https:\/\/anopri.com\/index.php?rest_route=\/wp\/v2\/product\/8515","targetHints":{"allow":["GET"]}}],"collection":[{"href":"https:\/\/anopri.com\/index.php?rest_route=\/wp\/v2\/product"}],"about":[{"href":"https:\/\/anopri.com\/index.php?rest_route=\/wp\/v2\/types\/product"}],"replies":[{"embeddable":true,"href":"https:\/\/anopri.com\/index.php?rest_route=%2Fwp%2Fv2%2Fcomments&post=8515"}],"wp:featuredmedia":[{"embeddable":true,"href":"https:\/\/anopri.com\/index.php?rest_route=\/wp\/v2\/media\/6694"}],"wp:attachment":[{"href":"https:\/\/anopri.com\/index.php?rest_route=%2Fwp%2Fv2%2Fmedia&parent=8515"}],"wp:term":[{"taxonomy":"product_brand","embeddable":true,"href":"https:\/\/anopri.com\/index.php?rest_route=%2Fwp%2Fv2%2Fproduct_brand&post=8515"},{"taxonomy":"product_cat","embeddable":true,"href":"https:\/\/anopri.com\/index.php?rest_route=%2Fwp%2Fv2%2Fproduct_cat&post=8515"},{"taxonomy":"product_tag","embeddable":true,"href":"https:\/\/anopri.com\/index.php?rest_route=%2Fwp%2Fv2%2Fproduct_tag&post=8515"},{"taxonomy":"product_brands","embeddable":true,"href":"https:\/\/anopri.com\/index.php?rest_route=%2Fwp%2Fv2%2Fproduct_brands&post=8515"}],"curies":[{"name":"wp","href":"https:\/\/api.w.org\/{rel}","templated":true}]}}