{"id":8503,"date":"2026-04-25T13:04:16","date_gmt":"2026-04-25T13:04:16","guid":{"rendered":"https:\/\/anopri.com\/?post_type=product&#038;p=8503"},"modified":"2026-04-25T13:04:18","modified_gmt":"2026-04-25T13:04:18","slug":"cuisiniere-a-gaz-oscar-50x50-4feux","status":"publish","type":"product","link":"https:\/\/anopri.com\/?product=cuisiniere-a-gaz-oscar-50x50-4feux","title":{"rendered":"CUISINIERE A GAZ OSCAR 50X50 &#8211; 4FEUX"},"content":{"rendered":"<p>Le choix de l\u2019\u00e9lectrom\u00e9nager est parfois une d\u00e9cision difficile. Mais pour toutes les fonctions: cuisiner, lessiver, r\u00e9frig\u00e9rer ou r\u00e9chauffer vous trouverez chez ANOPRI les appareils dont vous avez besoin. Faites votre choix dans nos vari\u00e9t\u00e9s de cuisini\u00e8res , mixeurs, r\u00e9frig\u00e9rateurs, cong\u00e9lateurs, lave-vaisselle, lave-linge, fours et autres.<\/p>\n","protected":false},"excerpt":{"rendered":"<p>Cuisini\u00e8re Oscar 4 Feux<\/p>\n<p>Marque :\u00a0OSCAR<\/p>\n<p>Mod\u00e8le :\u00a0OCS-C50W<\/p>\n<p>COULEUR :\u00a0Gris<\/p>\n<p>Pression de gaz :\u00a02800PA<\/p>\n<p>Dimension (longueur x hauteur) :\u00a049cm x85cm<\/p>\n","protected":false},"featured_media":6655,"comment_status":"closed","ping_status":"closed","template":"","meta":{"_bst_post_transparent":"","_bst_post_title":"","_bst_post_layout":"","_bst_post_sidebar_id":"","_bst_post_content_style":"","_bst_post_vertical_padding":"","_bst_post_feature":"","_bst_post_feature_position":"","_bst_post_header":false,"_bst_post_footer":false},"product_brand":[],"product_cat":[151,150,145,178],"product_tag":[],"product_brands":[],"class_list":{"0":"post-8503","1":"product","2":"type-product","3":"status-publish","4":"has-post-thumbnail","6":"product_cat-cuisiniere","7":"product_cat-cuisiniere-et-plaque-a-gaz","8":"product_cat-electromenager","9":"product_cat-soldes","11":"first","12":"instock","13":"sale","14":"purchasable","15":"product-type-simple","16":"entry","17":"content-bg","18":"loop-entry"},"_links":{"self":[{"href":"https:\/\/anopri.com\/index.php?rest_route=\/wp\/v2\/product\/8503","targetHints":{"allow":["GET"]}}],"collection":[{"href":"https:\/\/anopri.com\/index.php?rest_route=\/wp\/v2\/product"}],"about":[{"href":"https:\/\/anopri.com\/index.php?rest_route=\/wp\/v2\/types\/product"}],"replies":[{"embeddable":true,"href":"https:\/\/anopri.com\/index.php?rest_route=%2Fwp%2Fv2%2Fcomments&post=8503"}],"wp:featuredmedia":[{"embeddable":true,"href":"https:\/\/anopri.com\/index.php?rest_route=\/wp\/v2\/media\/6655"}],"wp:attachment":[{"href":"https:\/\/anopri.com\/index.php?rest_route=%2Fwp%2Fv2%2Fmedia&parent=8503"}],"wp:term":[{"taxonomy":"product_brand","embeddable":true,"href":"https:\/\/anopri.com\/index.php?rest_route=%2Fwp%2Fv2%2Fproduct_brand&post=8503"},{"taxonomy":"product_cat","embeddable":true,"href":"https:\/\/anopri.com\/index.php?rest_route=%2Fwp%2Fv2%2Fproduct_cat&post=8503"},{"taxonomy":"product_tag","embeddable":true,"href":"https:\/\/anopri.com\/index.php?rest_route=%2Fwp%2Fv2%2Fproduct_tag&post=8503"},{"taxonomy":"product_brands","embeddable":true,"href":"https:\/\/anopri.com\/index.php?rest_route=%2Fwp%2Fv2%2Fproduct_brands&post=8503"}],"curies":[{"name":"wp","href":"https:\/\/api.w.org\/{rel}","templated":true}]}}