{"id":8491,"date":"2026-04-25T13:04:07","date_gmt":"2026-04-25T13:04:07","guid":{"rendered":"https:\/\/anopri.com\/?post_type=product&#038;p=8491"},"modified":"2026-04-25T13:04:12","modified_gmt":"2026-04-25T13:04:12","slug":"mini-machine-a-coudre-portable","status":"publish","type":"product","link":"https:\/\/anopri.com\/?product=mini-machine-a-coudre-portable","title":{"rendered":"Mini Machine \u00e0 Coudre Portable"},"content":{"rendered":"","protected":false},"excerpt":{"rendered":"<p>Mini Machine \u00e0 Coudre Portable C&#8217;est un outil de couture rapide simple et pratique, facile \u00e0 utiliser et \u00e0 transporter. Id\u00e9al pour les r\u00e9parations rapides, plus facile et plus pratique que les ordinateurs de bureau traditionnels.<br \/>\nCette petite machine \u00e0 coudre manuelle est id\u00e9ale pour les d\u00e9butants, les jeunes, les adultes, les femmes au foyer, les amateurs de couture et les artisanats pour r\u00e9pondre \u00e0 leurs diff\u00e9rents besoins de couture. Elle convient \u00e0 divers mat\u00e9riaux tels que la soie, la laine.<\/p>\n","protected":false},"featured_media":6610,"comment_status":"closed","ping_status":"closed","template":"","meta":{"_bst_post_transparent":"","_bst_post_title":"","_bst_post_layout":"","_bst_post_sidebar_id":"","_bst_post_content_style":"","_bst_post_vertical_padding":"","_bst_post_feature":"","_bst_post_feature_position":"","_bst_post_header":false,"_bst_post_footer":false},"product_brand":[],"product_cat":[176],"product_tag":[],"product_brands":[],"class_list":{"0":"post-8491","1":"product","2":"type-product","3":"status-publish","4":"has-post-thumbnail","6":"product_cat-machines-a-coudre-accessoires-de-couture","8":"first","9":"instock","10":"purchasable","11":"product-type-simple","12":"entry","13":"content-bg","14":"loop-entry"},"_links":{"self":[{"href":"https:\/\/anopri.com\/index.php?rest_route=\/wp\/v2\/product\/8491","targetHints":{"allow":["GET"]}}],"collection":[{"href":"https:\/\/anopri.com\/index.php?rest_route=\/wp\/v2\/product"}],"about":[{"href":"https:\/\/anopri.com\/index.php?rest_route=\/wp\/v2\/types\/product"}],"replies":[{"embeddable":true,"href":"https:\/\/anopri.com\/index.php?rest_route=%2Fwp%2Fv2%2Fcomments&post=8491"}],"wp:featuredmedia":[{"embeddable":true,"href":"https:\/\/anopri.com\/index.php?rest_route=\/wp\/v2\/media\/6610"}],"wp:attachment":[{"href":"https:\/\/anopri.com\/index.php?rest_route=%2Fwp%2Fv2%2Fmedia&parent=8491"}],"wp:term":[{"taxonomy":"product_brand","embeddable":true,"href":"https:\/\/anopri.com\/index.php?rest_route=%2Fwp%2Fv2%2Fproduct_brand&post=8491"},{"taxonomy":"product_cat","embeddable":true,"href":"https:\/\/anopri.com\/index.php?rest_route=%2Fwp%2Fv2%2Fproduct_cat&post=8491"},{"taxonomy":"product_tag","embeddable":true,"href":"https:\/\/anopri.com\/index.php?rest_route=%2Fwp%2Fv2%2Fproduct_tag&post=8491"},{"taxonomy":"product_brands","embeddable":true,"href":"https:\/\/anopri.com\/index.php?rest_route=%2Fwp%2Fv2%2Fproduct_brands&post=8491"}],"curies":[{"name":"wp","href":"https:\/\/api.w.org\/{rel}","templated":true}]}}