{"id":8489,"date":"2026-04-25T13:04:07","date_gmt":"2026-04-25T13:04:07","guid":{"rendered":"https:\/\/anopri.com\/?post_type=product&#038;p=8489"},"modified":"2026-04-25T13:04:11","modified_gmt":"2026-04-25T13:04:11","slug":"hisense-ha650-mini-hi-fi-systeme","status":"publish","type":"product","link":"https:\/\/anopri.com\/?product=hisense-ha650-mini-hi-fi-systeme","title":{"rendered":"Hisense HA650 Mini HI-FI Systeme"},"content":{"rendered":"<p>Profitez d&#8217;un son amplifi\u00e9 par les basses avec des basses fr\u00e9quences intensifi\u00e9es pour vos hymnes de f\u00eate.\u00a0Assurez-vous que votre humeur est pleinement \u00e9veill\u00e9e en augmentant les basses avec le bouton d&#8217;amplification des basses<\/p>\n","protected":false},"excerpt":{"rendered":"<p><strong>Caract\u00e9ristiques:<\/strong><\/p>\n<p>-Hisense Ha650 2.1ch 800w Cd Mini Hifi*b*<br \/>\n-Puissance de sortie 200w X 2 + 400w Subwoofer<br \/>\n-Haut-parleurs Led<br \/>\nclignotants -Radio FM\/disque cd\/bluetooth\/usb<br \/>\n-Puissance de sortie : 225W x 2 + 350 W=800W ;<br \/>\n-Entr\u00e9e auxiliaire (3,5 mm)\u00a0;<br \/>\n-Bluetooth<br \/>\n-USB Lecture<br \/>\n-LED Affichage (jaune)<br \/>\n-Compatible avec lecteur CD \/ MP3 \/ CD-R \/ CD-RW<br \/>\n-FM PLL Radio<br \/>\n-Flashing LED<br \/>\n-EQ R\u00e9glage<br \/>\n-8\u201d subwoofer * 1, 6,5\u201d Woofer * 2, 2\u201d Tweeter * 2<\/p>\n","protected":false},"featured_media":6604,"comment_status":"closed","ping_status":"closed","template":"","meta":{"_bst_post_transparent":"","_bst_post_title":"","_bst_post_layout":"","_bst_post_sidebar_id":"","_bst_post_content_style":"","_bst_post_vertical_padding":"","_bst_post_feature":"","_bst_post_feature_position":"","_bst_post_header":false,"_bst_post_footer":false},"product_brand":[],"product_cat":[147,142],"product_tag":[],"product_brands":[],"class_list":{"0":"post-8489","1":"product","2":"type-product","3":"status-publish","4":"has-post-thumbnail","6":"product_cat-audio-hifi","7":"product_cat-electronique","9":"first","10":"instock","11":"sale","12":"purchasable","13":"product-type-simple","14":"entry","15":"content-bg","16":"loop-entry"},"_links":{"self":[{"href":"https:\/\/anopri.com\/index.php?rest_route=\/wp\/v2\/product\/8489","targetHints":{"allow":["GET"]}}],"collection":[{"href":"https:\/\/anopri.com\/index.php?rest_route=\/wp\/v2\/product"}],"about":[{"href":"https:\/\/anopri.com\/index.php?rest_route=\/wp\/v2\/types\/product"}],"replies":[{"embeddable":true,"href":"https:\/\/anopri.com\/index.php?rest_route=%2Fwp%2Fv2%2Fcomments&post=8489"}],"wp:featuredmedia":[{"embeddable":true,"href":"https:\/\/anopri.com\/index.php?rest_route=\/wp\/v2\/media\/6604"}],"wp:attachment":[{"href":"https:\/\/anopri.com\/index.php?rest_route=%2Fwp%2Fv2%2Fmedia&parent=8489"}],"wp:term":[{"taxonomy":"product_brand","embeddable":true,"href":"https:\/\/anopri.com\/index.php?rest_route=%2Fwp%2Fv2%2Fproduct_brand&post=8489"},{"taxonomy":"product_cat","embeddable":true,"href":"https:\/\/anopri.com\/index.php?rest_route=%2Fwp%2Fv2%2Fproduct_cat&post=8489"},{"taxonomy":"product_tag","embeddable":true,"href":"https:\/\/anopri.com\/index.php?rest_route=%2Fwp%2Fv2%2Fproduct_tag&post=8489"},{"taxonomy":"product_brands","embeddable":true,"href":"https:\/\/anopri.com\/index.php?rest_route=%2Fwp%2Fv2%2Fproduct_brands&post=8489"}],"curies":[{"name":"wp","href":"https:\/\/api.w.org\/{rel}","templated":true}]}}