{"id":8480,"date":"2026-04-25T13:04:06","date_gmt":"2026-04-25T13:04:06","guid":{"rendered":"https:\/\/anopri.com\/?post_type=product&#038;p=8480"},"modified":"2026-04-25T13:04:10","modified_gmt":"2026-04-25T13:04:10","slug":"table-de-salle-a-manger-en-marbre-avec-06-chaises","status":"publish","type":"product","link":"https:\/\/anopri.com\/?product=table-de-salle-a-manger-en-marbre-avec-06-chaises","title":{"rendered":"Table de salle \u00e0 manger en marbre avec 06 chaises"},"content":{"rendered":"<p>Le solide plateau en marbre est compl\u00e9t\u00e9 par une superbe note de brillant. la solide base est construite en mat\u00e9riaux de qualit\u00e9 sup\u00e9rieure. Cette superbe table en marbre allie parfaitement simplicit\u00e9 et modernit\u00e9. Le m\u00e9lange parfait des mati\u00e8res et des couleurs apportera une touche dans votre maison.<br \/>\nCette table a les dimensions 150,5 x 90,5 x 78,5 cm (largeur, profondeur, hauteur )<\/p>\n","protected":false},"excerpt":{"rendered":"<p>Le solide plateau en marbre est compl\u00e9t\u00e9 par une superbe note de brillant. la solide base est construite en mat\u00e9riaux de qualit\u00e9 sup\u00e9rieure. Cette superbe table en marbre allie parfaitement simplicit\u00e9 et modernit\u00e9. Le m\u00e9lange parfait des mati\u00e8res et des couleurs apportera une touche dans votre maison. Cette table a les dimensions 150,5 x 90,5&#8230;<\/p>\n","protected":false},"featured_media":6585,"comment_status":"closed","ping_status":"closed","template":"","meta":{"_bst_post_transparent":"","_bst_post_title":"","_bst_post_layout":"","_bst_post_sidebar_id":"","_bst_post_content_style":"","_bst_post_vertical_padding":"","_bst_post_feature":"","_bst_post_feature_position":"","_bst_post_header":false,"_bst_post_footer":false},"product_brand":[],"product_cat":[172,174],"product_tag":[],"product_brands":[],"class_list":{"0":"post-8480","1":"product","2":"type-product","3":"status-publish","4":"has-post-thumbnail","6":"product_cat-ameublement-decoration","7":"product_cat-salon-et-salle-a-manger","9":"first","10":"outofstock","11":"purchasable","12":"product-type-simple","13":"entry","14":"content-bg","15":"loop-entry"},"_links":{"self":[{"href":"https:\/\/anopri.com\/index.php?rest_route=\/wp\/v2\/product\/8480","targetHints":{"allow":["GET"]}}],"collection":[{"href":"https:\/\/anopri.com\/index.php?rest_route=\/wp\/v2\/product"}],"about":[{"href":"https:\/\/anopri.com\/index.php?rest_route=\/wp\/v2\/types\/product"}],"replies":[{"embeddable":true,"href":"https:\/\/anopri.com\/index.php?rest_route=%2Fwp%2Fv2%2Fcomments&post=8480"}],"wp:featuredmedia":[{"embeddable":true,"href":"https:\/\/anopri.com\/index.php?rest_route=\/wp\/v2\/media\/6585"}],"wp:attachment":[{"href":"https:\/\/anopri.com\/index.php?rest_route=%2Fwp%2Fv2%2Fmedia&parent=8480"}],"wp:term":[{"taxonomy":"product_brand","embeddable":true,"href":"https:\/\/anopri.com\/index.php?rest_route=%2Fwp%2Fv2%2Fproduct_brand&post=8480"},{"taxonomy":"product_cat","embeddable":true,"href":"https:\/\/anopri.com\/index.php?rest_route=%2Fwp%2Fv2%2Fproduct_cat&post=8480"},{"taxonomy":"product_tag","embeddable":true,"href":"https:\/\/anopri.com\/index.php?rest_route=%2Fwp%2Fv2%2Fproduct_tag&post=8480"},{"taxonomy":"product_brands","embeddable":true,"href":"https:\/\/anopri.com\/index.php?rest_route=%2Fwp%2Fv2%2Fproduct_brands&post=8480"}],"curies":[{"name":"wp","href":"https:\/\/api.w.org\/{rel}","templated":true}]}}