{"id":8475,"date":"2026-04-25T13:04:06","date_gmt":"2026-04-25T13:04:06","guid":{"rendered":"https:\/\/anopri.com\/?post_type=product&#038;p=8475"},"modified":"2026-04-25T13:04:08","modified_gmt":"2026-04-25T13:04:08","slug":"pese-bagages-numerique-kr-04","status":"publish","type":"product","link":"https:\/\/anopri.com\/?product=pese-bagages-numerique-kr-04","title":{"rendered":"P\u00e8se-bagages num\u00e9rique KR-04"},"content":{"rendered":"<p><span style=\"vertical-align: inherit;\"><span style=\"vertical-align: inherit;\"><span style=\"vertical-align: inherit;\"><span style=\"vertical-align: inherit;\">Les compagnies a\u00e9riennes proc\u00e8dent g\u00e9n\u00e9ralement au pesage de chaque bagage au moment de leur enregistrement \u00e0 l&#8217;a\u00e9roport. <\/span><\/span><\/span><span style=\"vertical-align: inherit;\"><span style=\"vertical-align: inherit;\"><span style=\"vertical-align: inherit;\">Acheter un crochet tirages valise vous permettra d&#8217;\u00e9viter les surprises de derni\u00e8res minutes, dont les cons\u00e9quences peuvent \u00eatre catastrophiques pour nos portefeuilles.<\/span><\/span><\/span><\/span><\/p>\n<p><span style=\"vertical-align: inherit;\"><span style=\"vertical-align: inherit;\"><span style=\"vertical-align: inherit;\"><span style=\"vertical-align: inherit;\">Le fonctionnement et l&#8217;utilisation d&#8217;un crochet pour peser ses sacs de voyage sont \u00ab on ne peut plus simple \u00bb : il suffit de mettre la tare \u00e0 z\u00e9ro puis de suspendre sa valise au bout du crochet. <\/span><\/span><\/span><span style=\"vertical-align: inherit;\"><span style=\"vertical-align: inherit;\"><span style=\"vertical-align: inherit;\">Apr\u00e8s quelques secondes (sans bouger si possible) le poids du bagage pes\u00e9 va s&#8217;afficher sur l&#8217;\u00e9cran num\u00e9rique de cet accessoire magique.<\/span><\/span><\/span><\/span><\/p>\n<p><span style=\"vertical-align: inherit;\"><span style=\"vertical-align: inherit;\"><span style=\"vertical-align: inherit;\"><span style=\"vertical-align: inherit;\">Vous aurez ainsi tout le loisir de charger avec pr\u00e9cision chaque bagage pour que leur poids ne d\u00e9passe pas le poids autoris\u00e9 en cabine ou en soute.<\/span><\/span><\/span><\/span><\/p>\n<p><span style=\"vertical-align: inherit;\"><span style=\"vertical-align: inherit;\"><span style=\"vertical-align: inherit;\"><span style=\"vertical-align: inherit;\">Ce mod\u00e8le peut aller jusqu&#8217;\u00e0 un poids de 50 kilos. <\/span><\/span><\/span><span style=\"vertical-align: inherit;\"><span style=\"vertical-align: inherit;\"><span style=\"vertical-align: inherit;\">Sachez aussi qu&#8217;il existe une petite marge de tol\u00e9rance au moment de la pes\u00e9e de votre valise.<\/span><\/span><\/span><\/span><\/p>\n","protected":false},"excerpt":{"rendered":"<p><span style=\"vertical-align: inherit;\"><span style=\"vertical-align: inherit;\">KR-004 Balance num\u00e9rique \u00e0 bagages <\/span><\/span><br \/>\n<span style=\"vertical-align: inherit;\"><span style=\"vertical-align: inherit;\">Capacit\u00e9: 50kg \/ 110 lb <\/span><\/span><br \/>\n<span style=\"vertical-align: inherit;\"><span style=\"vertical-align: inherit;\">Couleur: Noir <\/span><\/span><br \/>\n<span style=\"vertical-align: inherit;\"><span style=\"vertical-align: inherit;\">puissance: 1X3 V<\/span><\/span><\/p>\n","protected":false},"featured_media":6565,"comment_status":"closed","ping_status":"closed","template":"","meta":{"_bst_post_transparent":"","_bst_post_title":"","_bst_post_layout":"","_bst_post_sidebar_id":"","_bst_post_content_style":"","_bst_post_vertical_padding":"","_bst_post_feature":"","_bst_post_feature_position":"","_bst_post_header":false,"_bst_post_footer":false},"product_brand":[],"product_cat":[171],"product_tag":[],"product_brands":[],"class_list":{"0":"post-8475","1":"product","2":"type-product","3":"status-publish","4":"has-post-thumbnail","6":"product_cat-balance","8":"first","9":"instock","10":"purchasable","11":"product-type-simple","12":"entry","13":"content-bg","14":"loop-entry"},"_links":{"self":[{"href":"https:\/\/anopri.com\/index.php?rest_route=\/wp\/v2\/product\/8475","targetHints":{"allow":["GET"]}}],"collection":[{"href":"https:\/\/anopri.com\/index.php?rest_route=\/wp\/v2\/product"}],"about":[{"href":"https:\/\/anopri.com\/index.php?rest_route=\/wp\/v2\/types\/product"}],"replies":[{"embeddable":true,"href":"https:\/\/anopri.com\/index.php?rest_route=%2Fwp%2Fv2%2Fcomments&post=8475"}],"wp:featuredmedia":[{"embeddable":true,"href":"https:\/\/anopri.com\/index.php?rest_route=\/wp\/v2\/media\/6565"}],"wp:attachment":[{"href":"https:\/\/anopri.com\/index.php?rest_route=%2Fwp%2Fv2%2Fmedia&parent=8475"}],"wp:term":[{"taxonomy":"product_brand","embeddable":true,"href":"https:\/\/anopri.com\/index.php?rest_route=%2Fwp%2Fv2%2Fproduct_brand&post=8475"},{"taxonomy":"product_cat","embeddable":true,"href":"https:\/\/anopri.com\/index.php?rest_route=%2Fwp%2Fv2%2Fproduct_cat&post=8475"},{"taxonomy":"product_tag","embeddable":true,"href":"https:\/\/anopri.com\/index.php?rest_route=%2Fwp%2Fv2%2Fproduct_tag&post=8475"},{"taxonomy":"product_brands","embeddable":true,"href":"https:\/\/anopri.com\/index.php?rest_route=%2Fwp%2Fv2%2Fproduct_brands&post=8475"}],"curies":[{"name":"wp","href":"https:\/\/api.w.org\/{rel}","templated":true}]}}