{"id":8471,"date":"2026-04-25T13:04:05","date_gmt":"2026-04-25T13:04:05","guid":{"rendered":"https:\/\/anopri.com\/?post_type=product&#038;p=8471"},"modified":"2026-04-25T13:04:08","modified_gmt":"2026-04-25T13:04:08","slug":"armoire-a-boissons-refrigeree-innova-in-690","status":"publish","type":"product","link":"https:\/\/anopri.com\/?product=armoire-a-boissons-refrigeree-innova-in-690","title":{"rendered":"Armoire \u00e0 boissons r\u00e9frig\u00e9r\u00e9e INNOVA &#8211; IN -690"},"content":{"rendered":"<p>Armoire \u00e0 boissons r\u00e9frig\u00e9r\u00e9e INNOVA &#8211; IN -690 vous offre une capacit\u00e9 brute de 690 Litres avec 2 portes vitr\u00e9es. Cette vitrine \u00e0 boissons pourvue d&#8217;un froid ventil\u00e9, dot\u00e9e de 4 grilles. Tension (Volt) 230 Plage de temp\u00e9rature (\u00b0 C) 0\/ 10\u00baC Nombre des grilles 4 Capacit\u00e9 brut (Ltr) 690 Refroidissement statique .<\/p>\n","protected":false},"excerpt":{"rendered":"<p>Armoire \u00e0 boissons r\u00e9frig\u00e9r\u00e9e INNOVA &#8211; IN -690 vous offre une capacit\u00e9 brute de 690 Litres avec 2 portes vitr\u00e9es. Cette vitrine \u00e0 boissons pourvue d&#8217;un froid ventil\u00e9, dot\u00e9e de 4 grilles. Tension (Volt) 230 Plage de temp\u00e9rature (\u00b0 C) 0\/ 10\u00baC Nombre des grilles 4 Capacit\u00e9 brut (Ltr) 690 Refroidissement statique .<\/p>\n","protected":false},"featured_media":6556,"comment_status":"closed","ping_status":"closed","template":"","meta":{"_bst_post_transparent":"","_bst_post_title":"","_bst_post_layout":"","_bst_post_sidebar_id":"","_bst_post_content_style":"","_bst_post_vertical_padding":"","_bst_post_feature":"","_bst_post_feature_position":"","_bst_post_header":false,"_bst_post_footer":false},"product_brand":[],"product_cat":[145,157],"product_tag":[],"product_brands":[],"class_list":{"0":"post-8471","1":"product","2":"type-product","3":"status-publish","4":"has-post-thumbnail","6":"product_cat-electromenager","7":"product_cat-refrigerateur","9":"first","10":"instock","11":"purchasable","12":"product-type-simple","13":"entry","14":"content-bg","15":"loop-entry"},"_links":{"self":[{"href":"https:\/\/anopri.com\/index.php?rest_route=\/wp\/v2\/product\/8471","targetHints":{"allow":["GET"]}}],"collection":[{"href":"https:\/\/anopri.com\/index.php?rest_route=\/wp\/v2\/product"}],"about":[{"href":"https:\/\/anopri.com\/index.php?rest_route=\/wp\/v2\/types\/product"}],"replies":[{"embeddable":true,"href":"https:\/\/anopri.com\/index.php?rest_route=%2Fwp%2Fv2%2Fcomments&post=8471"}],"wp:featuredmedia":[{"embeddable":true,"href":"https:\/\/anopri.com\/index.php?rest_route=\/wp\/v2\/media\/6556"}],"wp:attachment":[{"href":"https:\/\/anopri.com\/index.php?rest_route=%2Fwp%2Fv2%2Fmedia&parent=8471"}],"wp:term":[{"taxonomy":"product_brand","embeddable":true,"href":"https:\/\/anopri.com\/index.php?rest_route=%2Fwp%2Fv2%2Fproduct_brand&post=8471"},{"taxonomy":"product_cat","embeddable":true,"href":"https:\/\/anopri.com\/index.php?rest_route=%2Fwp%2Fv2%2Fproduct_cat&post=8471"},{"taxonomy":"product_tag","embeddable":true,"href":"https:\/\/anopri.com\/index.php?rest_route=%2Fwp%2Fv2%2Fproduct_tag&post=8471"},{"taxonomy":"product_brands","embeddable":true,"href":"https:\/\/anopri.com\/index.php?rest_route=%2Fwp%2Fv2%2Fproduct_brands&post=8471"}],"curies":[{"name":"wp","href":"https:\/\/api.w.org\/{rel}","templated":true}]}}