{"id":8469,"date":"2026-04-25T13:04:05","date_gmt":"2026-04-25T13:04:05","guid":{"rendered":"https:\/\/anopri.com\/?post_type=product&#038;p=8469"},"modified":"2026-04-25T13:04:07","modified_gmt":"2026-04-25T13:04:07","slug":"essuie-tout-3-plis-4-rouleaux-de-51-feuilles","status":"publish","type":"product","link":"https:\/\/anopri.com\/?product=essuie-tout-3-plis-4-rouleaux-de-51-feuilles","title":{"rendered":"essuie-tout 3 plis, 4 rouleaux de 51 feuilles"},"content":{"rendered":"<p>Rouleaux essuie-tout de cuisine 3 plis; 4 rouleaux de 51 feuilles; Extra absorbant et r\u00e9sistant \u00e0 la d\u00e9chirure.<br \/>\nLe papier essuie-tout est un papier tr\u00e8s absorbant, confectionn\u00e9 en rouleaux. Il sert principalement \u00e0 \u00ab \u00e9ponger \u00bb les d\u00e9bordements et \u00e0 nettoyer en cuisine. Il sert aussi a essuy\u00e9 les surfaces et faire s\u00e9cher des aliments en absorbant l&#8217;eau.<\/p>\n","protected":false},"excerpt":{"rendered":"<p>Rouleaux essuie-tout de cuisine 3 plis; 4 rouleaux de 51 feuilles; Extra absorbant et r\u00e9sistant \u00e0 la d\u00e9chirure. Le papier essuie-tout est un papier tr\u00e8s absorbant, confectionn\u00e9 en rouleaux. Il sert principalement \u00e0 \u00ab \u00e9ponger \u00bb les d\u00e9bordements et \u00e0 nettoyer en cuisine. Il sert aussi a essuy\u00e9 les surfaces et faire s\u00e9cher des aliments&#8230;<\/p>\n","protected":false},"featured_media":6550,"comment_status":"closed","ping_status":"closed","template":"","meta":{"_bst_post_transparent":"","_bst_post_title":"","_bst_post_layout":"","_bst_post_sidebar_id":"","_bst_post_content_style":"","_bst_post_vertical_padding":"","_bst_post_feature":"","_bst_post_feature_position":"","_bst_post_header":false,"_bst_post_footer":false},"product_brand":[],"product_cat":[169],"product_tag":[],"product_brands":[],"class_list":{"0":"post-8469","1":"product","2":"type-product","3":"status-publish","4":"has-post-thumbnail","6":"product_cat-ustensiles-gadgets-maison-et-bureau","8":"first","9":"instock","10":"purchasable","11":"product-type-simple","12":"entry","13":"content-bg","14":"loop-entry"},"_links":{"self":[{"href":"https:\/\/anopri.com\/index.php?rest_route=\/wp\/v2\/product\/8469","targetHints":{"allow":["GET"]}}],"collection":[{"href":"https:\/\/anopri.com\/index.php?rest_route=\/wp\/v2\/product"}],"about":[{"href":"https:\/\/anopri.com\/index.php?rest_route=\/wp\/v2\/types\/product"}],"replies":[{"embeddable":true,"href":"https:\/\/anopri.com\/index.php?rest_route=%2Fwp%2Fv2%2Fcomments&post=8469"}],"wp:featuredmedia":[{"embeddable":true,"href":"https:\/\/anopri.com\/index.php?rest_route=\/wp\/v2\/media\/6550"}],"wp:attachment":[{"href":"https:\/\/anopri.com\/index.php?rest_route=%2Fwp%2Fv2%2Fmedia&parent=8469"}],"wp:term":[{"taxonomy":"product_brand","embeddable":true,"href":"https:\/\/anopri.com\/index.php?rest_route=%2Fwp%2Fv2%2Fproduct_brand&post=8469"},{"taxonomy":"product_cat","embeddable":true,"href":"https:\/\/anopri.com\/index.php?rest_route=%2Fwp%2Fv2%2Fproduct_cat&post=8469"},{"taxonomy":"product_tag","embeddable":true,"href":"https:\/\/anopri.com\/index.php?rest_route=%2Fwp%2Fv2%2Fproduct_tag&post=8469"},{"taxonomy":"product_brands","embeddable":true,"href":"https:\/\/anopri.com\/index.php?rest_route=%2Fwp%2Fv2%2Fproduct_brands&post=8469"}],"curies":[{"name":"wp","href":"https:\/\/api.w.org\/{rel}","templated":true}]}}