{"id":8462,"date":"2026-04-25T13:03:57","date_gmt":"2026-04-25T13:03:57","guid":{"rendered":"https:\/\/anopri.com\/?post_type=product&#038;p=8462"},"modified":"2026-04-25T13:04:02","modified_gmt":"2026-04-25T13:04:02","slug":"televiseur-lg-smart-uhd-un73-49-pouces","status":"publish","type":"product","link":"https:\/\/anopri.com\/?product=televiseur-lg-smart-uhd-un73-49-pouces","title":{"rendered":"T\u00e9l\u00e9viseur LG Smart UHD UN73- 49 pouces"},"content":{"rendered":"<ul>\n<li><strong>Marque<\/strong>: LG<\/li>\n<li><strong>Type de produit<\/strong>: T\u00e9l\u00e9viseur LED Smart<\/li>\n<li><strong>Cat\u00e9gorie<\/strong>: Electronique<\/li>\n<li><strong>Mod\u00e8le<\/strong>: UN7340PVC<\/li>\n<li><strong>Couleur<\/strong>: Noir<\/li>\n<li><strong>Taille \u00e9cran<\/strong>: 49&#8243;<\/li>\n<li><strong>Type d&#8217;\u00e9cran<\/strong>: FHD, avec r\u00e9tro\u00e9clairage LED<\/li>\n<li><strong>Smart TV<\/strong>: Oui<\/li>\n<li><strong>R\u00e9solution de l&#8217;affichage<\/strong>: 3 840 x 2 160<\/li>\n<li><strong>HDR<\/strong>: Active HDR<\/li>\n<li><strong>Entr\u00e9es HDMI\u00a0<\/strong>: 3<\/li>\n<li><strong>Port USB<\/strong>: 2<\/li>\n<li><strong>Bluetooth<\/strong>: Oui<\/li>\n<li><strong>Wifi (type)<\/strong>\u00a0: Oui (802.11ac)<\/li>\n<li><strong>Processeur Picture Master<\/strong>\u00a0: Quad core<\/li>\n<li><strong>Verrouillage parental<\/strong>\u00a0: Oui<\/li>\n<li><strong>Source de courant:\u00a0<\/strong>CA 100 ~ 240V 50-60Hz<\/li>\n<li><strong>Type de pied<\/strong>:\u00a02 p\u00f4les<\/li>\n<li><strong>Garantie<\/strong>: 12\u00a0Mois<\/li>\n<\/ul>\n","protected":false},"excerpt":{"rendered":"<p>Dot\u00e9 d&#8217;un Processeur Quad Core 4K, le T\u00e9l\u00e9viseur LG UHD 4K 49 pouces s\u00e9rie UN73 vous offre une V\u00e9ritable exp\u00e9rience cin\u00e9matographique<br \/>\nUltra Surround.<br \/>\nLG UHD TV a \u00e9t\u00e9 con\u00e7u pour divertir en prenant tout ce que vous regardez \u00e0 un nouveau niveau. Qu&#8217;il s&#8217;agisse de cin\u00e9ma, de sport ou de jeux, il offre de vraies images 4K avec des couleurs vives et des d\u00e9tails fins. Profitez d&#8217;images plus r\u00e9alistes avec une r\u00e9solution quatre fois sup\u00e9rieure \u00e0 la Full HD.<br \/>\nProcesseur Quad Core 4K<br \/>\nAm\u00e9liorez tout ce que vous regardez<br \/>\nLe processeur supprime le bruit vid\u00e9o et cr\u00e9e des couleurs et un contraste plus vifs. Les images basse r\u00e9solution sont mises \u00e0 l&#8217;\u00e9chelle et reproduites avec une qualit\u00e9 proche de 4K.<br \/>\nL&#8217;intelligent LG AI ThinQ rend la vie encore plus pratique. * La reconnaissance vocale naturelle vous permet de commander et de contr\u00f4ler votre \u00e9cosyst\u00e8me domestique et d&#8217;apprendre encore plus.<br \/>\nLa reconnaissance vocale naturelle est disponible en anglais, fran\u00e7ais et d&#8217;autres langues.<br \/>\nProfitez du contenu en haute d\u00e9finition r\u00e9aliste avec une v\u00e9ritable exp\u00e9rience cin\u00e9matographique.<br \/>\nLes t\u00e9l\u00e9viseurs LG UHD offrent une qualit\u00e9 d&#8217;image HDR optimale avec le prix en charge des principaux formats HDR, notamment HDR 10<br \/>\nPlongez-vous dans le jeu<\/p>\n","protected":false},"featured_media":6529,"comment_status":"closed","ping_status":"closed","template":"","meta":{"_bst_post_transparent":"","_bst_post_title":"","_bst_post_layout":"","_bst_post_sidebar_id":"","_bst_post_content_style":"","_bst_post_vertical_padding":"","_bst_post_feature":"","_bst_post_feature_position":"","_bst_post_header":false,"_bst_post_footer":false},"product_brand":[],"product_cat":[142,143,144],"product_tag":[],"product_brands":[],"class_list":{"0":"post-8462","1":"product","2":"type-product","3":"status-publish","4":"has-post-thumbnail","6":"product_cat-electronique","7":"product_cat-television","8":"product_cat-televisions-smart","10":"first","11":"outofstock","12":"purchasable","13":"product-type-simple","14":"entry","15":"content-bg","16":"loop-entry"},"_links":{"self":[{"href":"https:\/\/anopri.com\/index.php?rest_route=\/wp\/v2\/product\/8462","targetHints":{"allow":["GET"]}}],"collection":[{"href":"https:\/\/anopri.com\/index.php?rest_route=\/wp\/v2\/product"}],"about":[{"href":"https:\/\/anopri.com\/index.php?rest_route=\/wp\/v2\/types\/product"}],"replies":[{"embeddable":true,"href":"https:\/\/anopri.com\/index.php?rest_route=%2Fwp%2Fv2%2Fcomments&post=8462"}],"wp:featuredmedia":[{"embeddable":true,"href":"https:\/\/anopri.com\/index.php?rest_route=\/wp\/v2\/media\/6529"}],"wp:attachment":[{"href":"https:\/\/anopri.com\/index.php?rest_route=%2Fwp%2Fv2%2Fmedia&parent=8462"}],"wp:term":[{"taxonomy":"product_brand","embeddable":true,"href":"https:\/\/anopri.com\/index.php?rest_route=%2Fwp%2Fv2%2Fproduct_brand&post=8462"},{"taxonomy":"product_cat","embeddable":true,"href":"https:\/\/anopri.com\/index.php?rest_route=%2Fwp%2Fv2%2Fproduct_cat&post=8462"},{"taxonomy":"product_tag","embeddable":true,"href":"https:\/\/anopri.com\/index.php?rest_route=%2Fwp%2Fv2%2Fproduct_tag&post=8462"},{"taxonomy":"product_brands","embeddable":true,"href":"https:\/\/anopri.com\/index.php?rest_route=%2Fwp%2Fv2%2Fproduct_brands&post=8462"}],"curies":[{"name":"wp","href":"https:\/\/api.w.org\/{rel}","templated":true}]}}