{"id":8460,"date":"2026-04-25T13:03:57","date_gmt":"2026-04-25T13:03:57","guid":{"rendered":"https:\/\/anopri.com\/?post_type=product&#038;p=8460"},"modified":"2026-04-25T13:04:02","modified_gmt":"2026-04-25T13:04:02","slug":"machine-a-laver-wespoint-6kg-wmi-610218-r","status":"publish","type":"product","link":"https:\/\/anopri.com\/?product=machine-a-laver-wespoint-6kg-wmi-610218-r","title":{"rendered":"Machine \u00e0 laver WESPOINT- 6kg WMI-610218. R"},"content":{"rendered":"<p>caract\u00e9ristique et d\u00e9tails<\/p>\n<p>-Marque : WESTPOINT<br \/>\n-Type de produit: Machine \u00e0 laver<br \/>\n-Cat\u00e9gorie: Electrom\u00e9nager<br \/>\n-Mod\u00e8le: WMI- 610218.R<br \/>\n-Couleur: Blanc<br \/>\n-Capacit\u00e9: 6 kg<br \/>\n-Classe \u00e9nerg\u00e9tique: A<br \/>\n-Vitesse d&#8217;essorage: 1000\/min<br \/>\n-Puissance \u00e9lectrique: 10 A<br \/>\n-Voltage : 220-240 V<br \/>\n-Fr\u00e9quence : 50 &#8211; 60 Hz<br \/>\n-Puissance maximale : 2100W<br \/>\n-Pression d&#8217;eau : 0.1-1MPa<br \/>\n-Grade d&#8217;\u00e9tanch\u00e9it\u00e9 : IPX4<\/p>\n","protected":false},"excerpt":{"rendered":"<p>caract\u00e9ristique et d\u00e9tails<\/p>\n<p>-Marque : WESTPOINT<br \/>\n-Type de produit: Machine \u00e0 laver<br \/>\n-Cat\u00e9gorie: Electrom\u00e9nager<br \/>\n-Mod\u00e8le: WMI- 610218.R<br \/>\n-Couleur: Blanc<br \/>\n-Capacit\u00e9: 6 kg<br \/>\n-Classe \u00e9nerg\u00e9tique: A<br \/>\n-Vitesse d&#8217;essorage: 1000\/min<br \/>\n-Puissance \u00e9lectrique: 10 A<br \/>\n-Voltage : 220-240 V<br \/>\n-Fr\u00e9quence : 50 &#8211; 60 Hz<br \/>\n-Puissance maximale : 2100W<br \/>\n-Pression d&#8217;eau : 0.1-1MPa<br \/>\n-Grade d&#8217;\u00e9tanch\u00e9it\u00e9 : IPX4<\/p>\n","protected":false},"featured_media":6527,"comment_status":"closed","ping_status":"closed","template":"","meta":{"_bst_post_transparent":"","_bst_post_title":"","_bst_post_layout":"","_bst_post_sidebar_id":"","_bst_post_content_style":"","_bst_post_vertical_padding":"","_bst_post_feature":"","_bst_post_feature_position":"","_bst_post_header":false,"_bst_post_footer":false},"product_brand":[],"product_cat":[168,167],"product_tag":[],"product_brands":[],"class_list":{"0":"post-8460","1":"product","2":"type-product","3":"status-publish","4":"has-post-thumbnail","6":"product_cat-machine-a-laver","7":"product_cat-machine-a-laver-et-seche-linge","9":"first","10":"instock","11":"sale","12":"purchasable","13":"product-type-simple","14":"entry","15":"content-bg","16":"loop-entry"},"_links":{"self":[{"href":"https:\/\/anopri.com\/index.php?rest_route=\/wp\/v2\/product\/8460","targetHints":{"allow":["GET"]}}],"collection":[{"href":"https:\/\/anopri.com\/index.php?rest_route=\/wp\/v2\/product"}],"about":[{"href":"https:\/\/anopri.com\/index.php?rest_route=\/wp\/v2\/types\/product"}],"replies":[{"embeddable":true,"href":"https:\/\/anopri.com\/index.php?rest_route=%2Fwp%2Fv2%2Fcomments&post=8460"}],"wp:featuredmedia":[{"embeddable":true,"href":"https:\/\/anopri.com\/index.php?rest_route=\/wp\/v2\/media\/6527"}],"wp:attachment":[{"href":"https:\/\/anopri.com\/index.php?rest_route=%2Fwp%2Fv2%2Fmedia&parent=8460"}],"wp:term":[{"taxonomy":"product_brand","embeddable":true,"href":"https:\/\/anopri.com\/index.php?rest_route=%2Fwp%2Fv2%2Fproduct_brand&post=8460"},{"taxonomy":"product_cat","embeddable":true,"href":"https:\/\/anopri.com\/index.php?rest_route=%2Fwp%2Fv2%2Fproduct_cat&post=8460"},{"taxonomy":"product_tag","embeddable":true,"href":"https:\/\/anopri.com\/index.php?rest_route=%2Fwp%2Fv2%2Fproduct_tag&post=8460"},{"taxonomy":"product_brands","embeddable":true,"href":"https:\/\/anopri.com\/index.php?rest_route=%2Fwp%2Fv2%2Fproduct_brands&post=8460"}],"curies":[{"name":"wp","href":"https:\/\/api.w.org\/{rel}","templated":true}]}}