{"id":8458,"date":"2026-04-25T13:03:57","date_gmt":"2026-04-25T13:03:57","guid":{"rendered":"https:\/\/anopri.com\/?post_type=product&#038;p=8458"},"modified":"2026-04-25T13:04:02","modified_gmt":"2026-04-25T13:04:02","slug":"refrigerateur-hisense-rd-23dc4sa-178-litres","status":"publish","type":"product","link":"https:\/\/anopri.com\/?product=refrigerateur-hisense-rd-23dc4sa-178-litres","title":{"rendered":"R\u00e9frig\u00e9rateur HISENSE RD-23DC4SA -178 LITRES"},"content":{"rendered":"<p>Faites votre choix dans notre catalogue de r\u00e9frig\u00e9rateurs, cong\u00e9lateurs, lave-vaisselle, lave-linge, fours et autres. Vous trouverez sur votre boutique en ligne l\u2019\u00e9lectrom\u00e9nager qu\u2019il vous faut pour une organisation encore plus parfaite de votre cuisine.<\/p>\n","protected":false},"excerpt":{"rendered":"<ul>\n<li>R\u00e9f\u00e9rence: RD-23DC4SA<\/li>\n<li>Capacit\u00e9 totale: 165\u00a0litres<\/li>\n<li>Capacit\u00e9 r\u00e9frig\u00e9rateur: 122 litres<\/li>\n<li>Capacit\u00e9 cong\u00e9lateur:\u00a043\u00a0litres<\/li>\n<li>Temp\u00e9rature r\u00e9glable<\/li>\n<li>Importante capacit\u00e9 de cong\u00e9lation<\/li>\n<li>Classe \u00e9nerg\u00e9tique: A++<\/li>\n<li>Largeur: 55,4 cm<\/li>\n<li>Hauteur : 144 cm<\/li>\n<li>Profondeur: 57,1 cm<\/li>\n<li>3 tiroirs<\/li>\n<\/ul>\n","protected":false},"featured_media":6523,"comment_status":"closed","ping_status":"closed","template":"","meta":{"_bst_post_transparent":"","_bst_post_title":"","_bst_post_layout":"","_bst_post_sidebar_id":"","_bst_post_content_style":"","_bst_post_vertical_padding":"","_bst_post_feature":"","_bst_post_feature_position":"","_bst_post_header":false,"_bst_post_footer":false},"product_brand":[],"product_cat":[145,157],"product_tag":[],"product_brands":[],"class_list":{"0":"post-8458","1":"product","2":"type-product","3":"status-publish","4":"has-post-thumbnail","6":"product_cat-electromenager","7":"product_cat-refrigerateur","9":"first","10":"instock","11":"sale","12":"purchasable","13":"product-type-simple","14":"entry","15":"content-bg","16":"loop-entry"},"_links":{"self":[{"href":"https:\/\/anopri.com\/index.php?rest_route=\/wp\/v2\/product\/8458","targetHints":{"allow":["GET"]}}],"collection":[{"href":"https:\/\/anopri.com\/index.php?rest_route=\/wp\/v2\/product"}],"about":[{"href":"https:\/\/anopri.com\/index.php?rest_route=\/wp\/v2\/types\/product"}],"replies":[{"embeddable":true,"href":"https:\/\/anopri.com\/index.php?rest_route=%2Fwp%2Fv2%2Fcomments&post=8458"}],"wp:featuredmedia":[{"embeddable":true,"href":"https:\/\/anopri.com\/index.php?rest_route=\/wp\/v2\/media\/6523"}],"wp:attachment":[{"href":"https:\/\/anopri.com\/index.php?rest_route=%2Fwp%2Fv2%2Fmedia&parent=8458"}],"wp:term":[{"taxonomy":"product_brand","embeddable":true,"href":"https:\/\/anopri.com\/index.php?rest_route=%2Fwp%2Fv2%2Fproduct_brand&post=8458"},{"taxonomy":"product_cat","embeddable":true,"href":"https:\/\/anopri.com\/index.php?rest_route=%2Fwp%2Fv2%2Fproduct_cat&post=8458"},{"taxonomy":"product_tag","embeddable":true,"href":"https:\/\/anopri.com\/index.php?rest_route=%2Fwp%2Fv2%2Fproduct_tag&post=8458"},{"taxonomy":"product_brands","embeddable":true,"href":"https:\/\/anopri.com\/index.php?rest_route=%2Fwp%2Fv2%2Fproduct_brands&post=8458"}],"curies":[{"name":"wp","href":"https:\/\/api.w.org\/{rel}","templated":true}]}}