{"id":8456,"date":"2026-04-25T13:03:57","date_gmt":"2026-04-25T13:03:57","guid":{"rendered":"https:\/\/anopri.com\/?post_type=product&#038;p=8456"},"modified":"2026-04-25T13:04:01","modified_gmt":"2026-04-25T13:04:01","slug":"bouilloire-irvings-ikte02ss-ikte02ss","status":"publish","type":"product","link":"https:\/\/anopri.com\/?product=bouilloire-irvings-ikte02ss-ikte02ss","title":{"rendered":"Bouilloire IRVINGS IKTE02SS- IKTE02SS"},"content":{"rendered":"<div>Bouilloire IRVINGS IKTE02SS. 2,5L<\/div>\n<div>La bouilloire est un ustensile de cuisine utilis\u00e9 pour porter un liquide \u00e0 \u00e9bullition. Elle est g\u00e9n\u00e9ralement utilis\u00e9e pour la pr\u00e9paration du th\u00e9 . Vous trouverez chez ANOPRI plusieurs les vari\u00e9t\u00e9s a des prix imbattables.<\/div>\n<div>Vous avez envie d&#8217;une d\u00e9licieuse tasse de th\u00e9 ou d&#8217;un bouillon ? Cette puissante bouilloire vous aide rapidement \u00e0 chauffer l&#8217;eau et plus encore. Il s&#8217;agit d&#8217;une bouilloire en acier inoxydable facile \u00e0 utiliser, il suffit de la remplir et de la fixer \u00e0 la base chauffante. Cette bouilloire est \u00e9galement un excellent compagnon \u00e0 avoir dans la cuisine, avec sa pr\u00e9sence \u00e0 la fois raffin\u00e9e et discr\u00e8te.<\/div>\n","protected":false},"excerpt":{"rendered":"<div><strong>Description<\/strong><\/div>\n<div>Mod\u00e8le : IKTE02SS<\/div>\n<div>Marque : IRVINGS<\/div>\n<div>Volume : 2.5 Litre<\/div>\n<div>Puissance : 1800W<\/div>\n<div>Voltage AC : 220-240V Fr\u00e9quence 50-60Hz<\/div>\n<div>Poids : 0,9kgs<\/div>\n<div>Dimensions emballage : 188 \u00d7188\u00d7248 mm<\/div>\n","protected":false},"featured_media":6517,"comment_status":"closed","ping_status":"closed","template":"","meta":{"_bst_post_transparent":"","_bst_post_title":"","_bst_post_layout":"","_bst_post_sidebar_id":"","_bst_post_content_style":"","_bst_post_vertical_padding":"","_bst_post_feature":"","_bst_post_feature_position":"","_bst_post_header":false,"_bst_post_footer":false},"product_brand":[],"product_cat":[155,145],"product_tag":[],"product_brands":[],"class_list":{"0":"post-8456","1":"product","2":"type-product","3":"status-publish","4":"has-post-thumbnail","6":"product_cat-bouilloire-electrique","7":"product_cat-electromenager","9":"first","10":"instock","11":"purchasable","12":"product-type-simple","13":"entry","14":"content-bg","15":"loop-entry"},"_links":{"self":[{"href":"https:\/\/anopri.com\/index.php?rest_route=\/wp\/v2\/product\/8456","targetHints":{"allow":["GET"]}}],"collection":[{"href":"https:\/\/anopri.com\/index.php?rest_route=\/wp\/v2\/product"}],"about":[{"href":"https:\/\/anopri.com\/index.php?rest_route=\/wp\/v2\/types\/product"}],"replies":[{"embeddable":true,"href":"https:\/\/anopri.com\/index.php?rest_route=%2Fwp%2Fv2%2Fcomments&post=8456"}],"wp:featuredmedia":[{"embeddable":true,"href":"https:\/\/anopri.com\/index.php?rest_route=\/wp\/v2\/media\/6517"}],"wp:attachment":[{"href":"https:\/\/anopri.com\/index.php?rest_route=%2Fwp%2Fv2%2Fmedia&parent=8456"}],"wp:term":[{"taxonomy":"product_brand","embeddable":true,"href":"https:\/\/anopri.com\/index.php?rest_route=%2Fwp%2Fv2%2Fproduct_brand&post=8456"},{"taxonomy":"product_cat","embeddable":true,"href":"https:\/\/anopri.com\/index.php?rest_route=%2Fwp%2Fv2%2Fproduct_cat&post=8456"},{"taxonomy":"product_tag","embeddable":true,"href":"https:\/\/anopri.com\/index.php?rest_route=%2Fwp%2Fv2%2Fproduct_tag&post=8456"},{"taxonomy":"product_brands","embeddable":true,"href":"https:\/\/anopri.com\/index.php?rest_route=%2Fwp%2Fv2%2Fproduct_brands&post=8456"}],"curies":[{"name":"wp","href":"https:\/\/api.w.org\/{rel}","templated":true}]}}