{"id":8455,"date":"2026-04-25T13:03:57","date_gmt":"2026-04-25T13:03:57","guid":{"rendered":"https:\/\/anopri.com\/?post_type=product&#038;p=8455"},"modified":"2026-04-25T13:04:01","modified_gmt":"2026-04-25T13:04:01","slug":"plastifieuse-a-froid-fs-300la-tensionac-220v-50hz-60","status":"publish","type":"product","link":"https:\/\/anopri.com\/?product=plastifieuse-a-froid-fs-300la-tensionac-220v-50hz-60","title":{"rendered":"Plastifieuse \u00e0 froid- FS-300La tensionAC :220V\/50HZ\u00a0 60"},"content":{"rendered":"<div>Avec ses300 mm , chaleur d&#8217;impulsion et l&#8217;\u00e9tanch\u00e9it\u00e9 et du joint cette\u00a0 machine\u00a0 embale sans efforts les sacs plastique. Afin de maintenir la qualit\u00e9 du produit et \u00e9viter les pertes.\u00a0 il peut \u00eatre utilis\u00e9 pour sceller Tellement de produits. le temps de chauffage est tr\u00e8s court et vous permet d&#8217;\u00e9conomiser plus d&#8217;\u00e9nergie.<\/div>\n<div>Plus de pr\u00e9cision avec contr\u00f4le \u00e9lectronique .<\/div>\n<div><\/div>\n","protected":false},"excerpt":{"rendered":"<div><strong>Sp\u00e9cifications:<\/strong><\/div>\n<div>Source: 220\/240V 50\/60 Hz<\/div>\n<div>Largeur d&#8217;\u00e9tanch\u00e9it\u00e9: 300mmx3mm<\/div>\n<div>Mod\u00e8le :\u00a0 \u00a0FS-300La tensionAC :220V\/50HZ\u00a0 60<\/div>\n","protected":false},"featured_media":6515,"comment_status":"closed","ping_status":"closed","template":"","meta":{"_bst_post_transparent":"","_bst_post_title":"","_bst_post_layout":"","_bst_post_sidebar_id":"","_bst_post_content_style":"","_bst_post_vertical_padding":"","_bst_post_feature":"","_bst_post_feature_position":"","_bst_post_header":false,"_bst_post_footer":false},"product_brand":[],"product_cat":[156],"product_tag":[],"product_brands":[],"class_list":{"0":"post-8455","1":"product","2":"type-product","3":"status-publish","4":"has-post-thumbnail","6":"product_cat-outillages-et-petits-materiels-a-main","8":"first","9":"instock","10":"purchasable","11":"product-type-simple","12":"entry","13":"content-bg","14":"loop-entry"},"_links":{"self":[{"href":"https:\/\/anopri.com\/index.php?rest_route=\/wp\/v2\/product\/8455","targetHints":{"allow":["GET"]}}],"collection":[{"href":"https:\/\/anopri.com\/index.php?rest_route=\/wp\/v2\/product"}],"about":[{"href":"https:\/\/anopri.com\/index.php?rest_route=\/wp\/v2\/types\/product"}],"replies":[{"embeddable":true,"href":"https:\/\/anopri.com\/index.php?rest_route=%2Fwp%2Fv2%2Fcomments&post=8455"}],"wp:featuredmedia":[{"embeddable":true,"href":"https:\/\/anopri.com\/index.php?rest_route=\/wp\/v2\/media\/6515"}],"wp:attachment":[{"href":"https:\/\/anopri.com\/index.php?rest_route=%2Fwp%2Fv2%2Fmedia&parent=8455"}],"wp:term":[{"taxonomy":"product_brand","embeddable":true,"href":"https:\/\/anopri.com\/index.php?rest_route=%2Fwp%2Fv2%2Fproduct_brand&post=8455"},{"taxonomy":"product_cat","embeddable":true,"href":"https:\/\/anopri.com\/index.php?rest_route=%2Fwp%2Fv2%2Fproduct_cat&post=8455"},{"taxonomy":"product_tag","embeddable":true,"href":"https:\/\/anopri.com\/index.php?rest_route=%2Fwp%2Fv2%2Fproduct_tag&post=8455"},{"taxonomy":"product_brands","embeddable":true,"href":"https:\/\/anopri.com\/index.php?rest_route=%2Fwp%2Fv2%2Fproduct_brands&post=8455"}],"curies":[{"name":"wp","href":"https:\/\/api.w.org\/{rel}","templated":true}]}}