{"id":8452,"date":"2026-04-25T13:03:57","date_gmt":"2026-04-25T13:03:57","guid":{"rendered":"https:\/\/anopri.com\/?post_type=product&#038;p=8452"},"modified":"2026-04-25T13:04:00","modified_gmt":"2026-04-25T13:04:00","slug":"refrigerateur-hisense-rd-11-80l","status":"publish","type":"product","link":"https:\/\/anopri.com\/?product=refrigerateur-hisense-rd-11-80l","title":{"rendered":"R\u00e9frig\u00e9rateur HISENSE- RD-11 80L"},"content":{"rendered":"<p>D\u00e9sirer un\u00a0<b>mini r\u00e9frig\u00e9rateur neuf<\/b>\u00a0\u00e0 moindre prix est une excellente id\u00e9e dans ce sens que de plus en plus, nous avons remarqu\u00e9 que les c\u00e9libataires sont le plus souvent confront\u00e9s \u00e0 de nombreux difficult\u00e9 lorsqu&#8217;ils veulent manger.<\/p>\n<p>Et pour palier \u00e0 cela, nous avons pr\u00e9vu un\u00a0<b>r\u00e9frig\u00e9rateur de chambre Hisense RD-11 pas cher\u00a0<\/b>pour les permettre de stocker les aliments\u00a0 plus longtemps. Ainsi, ils pourrons s&#8217;alimenter malgr\u00e9 tout quelque soit \u00e0 l&#8217;heure laquelle ils seront de retour chez eux.<\/p>\n","protected":false},"excerpt":{"rendered":"<ul>\n<li><strong>Type de Produit :\u00a0<\/strong>Refrig\u00e9rateur<\/li>\n<li><strong>Marque :<\/strong>\u00a0HISENSE<\/li>\n<li><strong>Mod\u00e8les :<\/strong>\u00a0RD11<\/li>\n<li><strong>Type de produit :<\/strong>\u00a0R\u00e9frig\u00e9rateur Combin\u00e9<\/li>\n<li><strong>Nombre de portes :<\/strong>\u00a02<\/li>\n<li><strong>Volume du r\u00e9frig\u00e9rateur :<\/strong>\u00a058 litres<\/li>\n<li><strong>Volume du cong\u00e9lateur :<\/strong>\u00a022Litres<\/li>\n<li>Dimensions LxlxH:44x48x80 cm<\/li>\n<li><strong>Classe \u00e9nerg\u00e9tique\/Climatique :<\/strong>\u00a0A \/ ST<\/li>\n<li><strong>R\u00e9frig\u00e9rant :<\/strong>\u00a0R600a<\/li>\n<li><strong>Tension:<\/strong>\u00a0220\/240V\/50Hz<\/li>\n<li>Garantie: 12mois<\/li>\n<\/ul>\n","protected":false},"featured_media":6508,"comment_status":"closed","ping_status":"closed","template":"","meta":{"_bst_post_transparent":"","_bst_post_title":"","_bst_post_layout":"","_bst_post_sidebar_id":"","_bst_post_content_style":"","_bst_post_vertical_padding":"","_bst_post_feature":"","_bst_post_feature_position":"","_bst_post_header":false,"_bst_post_footer":false},"product_brand":[],"product_cat":[145,157],"product_tag":[],"product_brands":[],"class_list":{"0":"post-8452","1":"product","2":"type-product","3":"status-publish","4":"has-post-thumbnail","6":"product_cat-electromenager","7":"product_cat-refrigerateur","9":"first","10":"instock","11":"purchasable","12":"product-type-simple","13":"entry","14":"content-bg","15":"loop-entry"},"_links":{"self":[{"href":"https:\/\/anopri.com\/index.php?rest_route=\/wp\/v2\/product\/8452","targetHints":{"allow":["GET"]}}],"collection":[{"href":"https:\/\/anopri.com\/index.php?rest_route=\/wp\/v2\/product"}],"about":[{"href":"https:\/\/anopri.com\/index.php?rest_route=\/wp\/v2\/types\/product"}],"replies":[{"embeddable":true,"href":"https:\/\/anopri.com\/index.php?rest_route=%2Fwp%2Fv2%2Fcomments&post=8452"}],"wp:featuredmedia":[{"embeddable":true,"href":"https:\/\/anopri.com\/index.php?rest_route=\/wp\/v2\/media\/6508"}],"wp:attachment":[{"href":"https:\/\/anopri.com\/index.php?rest_route=%2Fwp%2Fv2%2Fmedia&parent=8452"}],"wp:term":[{"taxonomy":"product_brand","embeddable":true,"href":"https:\/\/anopri.com\/index.php?rest_route=%2Fwp%2Fv2%2Fproduct_brand&post=8452"},{"taxonomy":"product_cat","embeddable":true,"href":"https:\/\/anopri.com\/index.php?rest_route=%2Fwp%2Fv2%2Fproduct_cat&post=8452"},{"taxonomy":"product_tag","embeddable":true,"href":"https:\/\/anopri.com\/index.php?rest_route=%2Fwp%2Fv2%2Fproduct_tag&post=8452"},{"taxonomy":"product_brands","embeddable":true,"href":"https:\/\/anopri.com\/index.php?rest_route=%2Fwp%2Fv2%2Fproduct_brands&post=8452"}],"curies":[{"name":"wp","href":"https:\/\/api.w.org\/{rel}","templated":true}]}}