{"id":8450,"date":"2026-04-25T13:03:56","date_gmt":"2026-04-25T13:03:56","guid":{"rendered":"https:\/\/anopri.com\/?post_type=product&#038;p=8450"},"modified":"2026-04-25T13:04:00","modified_gmt":"2026-04-25T13:04:00","slug":"refrigerateur-hisense-262-litres-rd-35dc4sb","status":"publish","type":"product","link":"https:\/\/anopri.com\/?product=refrigerateur-hisense-262-litres-rd-35dc4sb","title":{"rendered":"R\u00e9frig\u00e9rateur Hisense &#8211; 262 Litres RD-35DC4SB"},"content":{"rendered":"<div><span style=\"vertical-align: inherit;\"><span style=\"vertical-align: inherit;\">Le choix de l\u2019\u00e9lectrom\u00e9nager est parfois une d\u00e9cision difficile.<\/span> <span style=\"vertical-align: inherit;\">Mais pour toutes les fonctions: cuisiner, lessiver, frissoner ou r\u00e9chauffer vous trouverez chez ANOPRI les appareils don\u2019t vous avez besoin.<\/span> <span style=\"vertical-align: inherit;\">Faites votre choix dans nos vari\u00e9t\u00e9s de mixeurs, r\u00e9frig\u00e9rateurs, cong\u00e9lateurs, lave-linge, fours et autres.<\/span><\/span><\/div>\n<div>Fini la souffrance d&#8217;effectuer le march\u00e9 chaque jour sans pouvoir \u00e9pargner pour le futur de vos enfants. C&#8217;est pour cette raison que la marque\u00a0<strong>HISENSE<\/strong>\u00a0a pens\u00e9 \u00e0 nous en mettant sur pied un r\u00e9frig\u00e9rateur combin\u00e9 ultra performant pour vos courses du mois. Ce r\u00e9frig\u00e9rateur combin\u00e9 est un appareil\u00a0\u00a0compos\u00e9 d&#8217;un espace\u00a0<strong>r\u00e9frig\u00e9rateur<\/strong>\u00a0en partie haute et d&#8217;un espace cong\u00e9lateur (4 \u00e9toiles) en partie basse, totalement ind\u00e9pendant. Il est constitu\u00e9 de deux parties \u00e9gales \u00e0 savoir : un cong\u00e9lateur et un r\u00e9frig\u00e9rateur et une classe climatique\u00a0impressionnante.<\/div>\n<div><\/div>\n<div><\/div>\n","protected":false},"excerpt":{"rendered":"<div><strong><span style=\"vertical-align: inherit;\"><span style=\"vertical-align: inherit;\">CARACT\u00c9RISTIQUE DU PRODUIT<\/span><\/span><\/strong><\/div>\n<div><span style=\"vertical-align: inherit;\"><span style=\"vertical-align: inherit;\">-Marque: Hissense<\/span><\/span><\/div>\n<div><span style=\"vertical-align: inherit;\"><span style=\"vertical-align: inherit;\">-Mod\u00e8le: RD-35DC4SB<\/span><\/span><\/div>\n<div><span style=\"vertical-align: inherit;\"><span style=\"vertical-align: inherit;\">-Volume total: 66 L<\/span><\/span><\/div>\n<div><span style=\"vertical-align: inherit;\"><span style=\"vertical-align: inherit;\">-Volume du r\u00e9frig\u00e9rateur: 196L<\/span><\/span><\/div>\n<div><span style=\"vertical-align: inherit;\"><span style=\"vertical-align: inherit;\">-Indice d\u2019efficacit\u00e9: **<\/span><\/span><\/div>\n<div><span style=\"vertical-align: inherit;\"><span style=\"vertical-align: inherit;\">-Poids: 53 Kg<\/span><\/span><\/div>\n<div><span style=\"vertical-align: inherit;\"><span style=\"vertical-align: inherit;\">-Couleur: INOX<\/span><\/span><\/div>\n<div><span style=\"vertical-align: inherit;\"><span style=\"vertical-align: inherit;\">-R\u00e9soif: R600A<\/span><\/span><\/div>\n<div><span style=\"vertical-align: inherit;\"><span style=\"vertical-align: inherit;\">-Consommation d\u2019\u00e9nergie: 248kw \/ an<\/span><\/span><\/div>\n<div><span style=\"vertical-align: inherit;\"><span style=\"vertical-align: inherit;\">-Classe \u00e9nerg\u00e9tique: A (faible consommation d\u2019\u00e9nergie)<\/span><\/span><\/div>\n<div><span style=\"vertical-align: inherit;\"><span style=\"vertical-align: inherit;\">-Classe climatique: SN-T<\/span><\/span><\/div>\n<div><span style=\"vertical-align: inherit;\"><span style=\"vertical-align: inherit;\">-Capacit\u00e9 de cong\u00e9lation (kg \/ 24h): 4<\/span><\/span><\/div>\n<div><span style=\"vertical-align: inherit;\"><span style=\"vertical-align: inherit;\">-Contr\u00f4le de la temp\u00e9rature: Syst\u00e8me de contr\u00f4le Manuel<\/span><\/span><\/div>\n<div><span style=\"vertical-align: inherit;\"><span style=\"vertical-align: inherit;\">-Tension: 220 ~ 240 V<\/span><\/span><\/div>\n<div><span style=\"vertical-align: inherit;\"><span style=\"vertical-align: inherit;\">-Fr\u00e9quence: 50 H<\/span><\/span><\/div>\n<div><span style=\"vertical-align: inherit;\"><span style=\"vertical-align: inherit;\">-\u00c9clairage int\u00e9rieur: LED<\/span><\/span><\/div>\n<div><span style=\"vertical-align: inherit;\"><span style=\"vertical-align: inherit;\">-option: 1 bac \u00e0 l\u00e9gumes en cristal avec couvercle en verre, Mode eco, 3 TIROIRS, Distributeur d\u2019eau<\/span><\/span><\/div>\n","protected":false},"featured_media":6498,"comment_status":"closed","ping_status":"closed","template":"","meta":{"_bst_post_transparent":"","_bst_post_title":"","_bst_post_layout":"","_bst_post_sidebar_id":"","_bst_post_content_style":"","_bst_post_vertical_padding":"","_bst_post_feature":"","_bst_post_feature_position":"","_bst_post_header":false,"_bst_post_footer":false},"product_brand":[],"product_cat":[145,157],"product_tag":[],"product_brands":[],"class_list":{"0":"post-8450","1":"product","2":"type-product","3":"status-publish","4":"has-post-thumbnail","6":"product_cat-electromenager","7":"product_cat-refrigerateur","9":"first","10":"instock","11":"sale","12":"purchasable","13":"product-type-simple","14":"entry","15":"content-bg","16":"loop-entry"},"_links":{"self":[{"href":"https:\/\/anopri.com\/index.php?rest_route=\/wp\/v2\/product\/8450","targetHints":{"allow":["GET"]}}],"collection":[{"href":"https:\/\/anopri.com\/index.php?rest_route=\/wp\/v2\/product"}],"about":[{"href":"https:\/\/anopri.com\/index.php?rest_route=\/wp\/v2\/types\/product"}],"replies":[{"embeddable":true,"href":"https:\/\/anopri.com\/index.php?rest_route=%2Fwp%2Fv2%2Fcomments&post=8450"}],"wp:featuredmedia":[{"embeddable":true,"href":"https:\/\/anopri.com\/index.php?rest_route=\/wp\/v2\/media\/6498"}],"wp:attachment":[{"href":"https:\/\/anopri.com\/index.php?rest_route=%2Fwp%2Fv2%2Fmedia&parent=8450"}],"wp:term":[{"taxonomy":"product_brand","embeddable":true,"href":"https:\/\/anopri.com\/index.php?rest_route=%2Fwp%2Fv2%2Fproduct_brand&post=8450"},{"taxonomy":"product_cat","embeddable":true,"href":"https:\/\/anopri.com\/index.php?rest_route=%2Fwp%2Fv2%2Fproduct_cat&post=8450"},{"taxonomy":"product_tag","embeddable":true,"href":"https:\/\/anopri.com\/index.php?rest_route=%2Fwp%2Fv2%2Fproduct_tag&post=8450"},{"taxonomy":"product_brands","embeddable":true,"href":"https:\/\/anopri.com\/index.php?rest_route=%2Fwp%2Fv2%2Fproduct_brands&post=8450"}],"curies":[{"name":"wp","href":"https:\/\/api.w.org\/{rel}","templated":true}]}}