{"id":8448,"date":"2026-04-25T13:03:56","date_gmt":"2026-04-25T13:03:56","guid":{"rendered":"https:\/\/anopri.com\/?post_type=product&#038;p=8448"},"modified":"2026-04-25T13:04:00","modified_gmt":"2026-04-25T13:04:00","slug":"fer-a-repasser-singer-sng-5-22-2200-w","status":"publish","type":"product","link":"https:\/\/anopri.com\/?product=fer-a-repasser-singer-sng-5-22-2200-w","title":{"rendered":"Fer \u00e0 repasser SINGER SNG 5.22-2200 W"},"content":{"rendered":"<ul>\n<li>Semelle en c\u00e9ramique pour repasser facilement tous les types de tissu<\/li>\n<li>Fonction autonettoyante<\/li>\n<li>La fonction de d\u00e9froissage vertical \u00e0 la vapeur permet de d\u00e9froisser des v\u00eatements suspendus et de rafra\u00eechir des v\u00eatements d\u00e9j\u00e0 port\u00e9s<\/li>\n<li>Le syst\u00e8me antigouttes permet de repasser des tissus d\u00e9licats \u00e0 basse temp\u00e9rature sans risquer de les tacher par des gouttes d\u2019eau<\/li>\n<li>\u00c9quip\u00e9 d&#8217;un syst\u00e8me anti-calcaire qui pr\u00e9vient la formation de d\u00e9p\u00f4ts<\/li>\n<li>Fonctionne \u00e0 l&#8217;eau du robinet<\/li>\n<li>La pointe de la semelle est con\u00e7ue pour cr\u00e9er de beaux plis et passer sans difficult\u00e9s sous les boutons<\/li>\n<li>Arr\u00eat automatique intelligent : le fer \u00e0 repasser s&#8217;\u00e9teint automatiquement apr\u00e8s 8 minutes en position verticale ou 30 secondes en position horizontale &#8211; aussi en cas de chute<\/li>\n<li>Capacit\u00e9 r\u00e9servoir d&#8217;eau : 250 ml<\/li>\n<\/ul>\n","protected":false},"excerpt":{"rendered":"<ul>\n<li>Couleur : Blanc et bleu<\/li>\n<li>Mat\u00e9riau : plastique<\/li>\n<li>Dimensions : 29 x 12 x 14 cm (L x l x H)<\/li>\n<li>Puissance : 2200 W<\/li>\n<li>Capacit\u00e9 du r\u00e9servoir : 250 ml<\/li>\n<li>D\u00e9bit de vapeur : 150 g \/ min<\/li>\n<li>Semelle en c\u00e9ramique<\/li>\n<li>Repassage vertical<\/li>\n<li>Fonction anti-goutte, d\u00e9calaminage et auto-arr\u00eat<\/li>\n<li>Convient \u00e0 l&#8217;eau du robinet<\/li>\n<li>Connexion par c\u00e2ble rotatif \u00e0 360 \u00b0<\/li>\n<\/ul>\n","protected":false},"featured_media":6495,"comment_status":"closed","ping_status":"closed","template":"","meta":{"_bst_post_transparent":"","_bst_post_title":"","_bst_post_layout":"","_bst_post_sidebar_id":"","_bst_post_content_style":"","_bst_post_vertical_padding":"","_bst_post_feature":"","_bst_post_feature_position":"","_bst_post_header":false,"_bst_post_footer":false},"product_brand":[],"product_cat":[145,159],"product_tag":[],"product_brands":[],"class_list":{"0":"post-8448","1":"product","2":"type-product","3":"status-publish","4":"has-post-thumbnail","6":"product_cat-electromenager","7":"product_cat-fer-a-repasser","9":"first","10":"instock","11":"purchasable","12":"product-type-simple","13":"entry","14":"content-bg","15":"loop-entry"},"_links":{"self":[{"href":"https:\/\/anopri.com\/index.php?rest_route=\/wp\/v2\/product\/8448","targetHints":{"allow":["GET"]}}],"collection":[{"href":"https:\/\/anopri.com\/index.php?rest_route=\/wp\/v2\/product"}],"about":[{"href":"https:\/\/anopri.com\/index.php?rest_route=\/wp\/v2\/types\/product"}],"replies":[{"embeddable":true,"href":"https:\/\/anopri.com\/index.php?rest_route=%2Fwp%2Fv2%2Fcomments&post=8448"}],"wp:featuredmedia":[{"embeddable":true,"href":"https:\/\/anopri.com\/index.php?rest_route=\/wp\/v2\/media\/6495"}],"wp:attachment":[{"href":"https:\/\/anopri.com\/index.php?rest_route=%2Fwp%2Fv2%2Fmedia&parent=8448"}],"wp:term":[{"taxonomy":"product_brand","embeddable":true,"href":"https:\/\/anopri.com\/index.php?rest_route=%2Fwp%2Fv2%2Fproduct_brand&post=8448"},{"taxonomy":"product_cat","embeddable":true,"href":"https:\/\/anopri.com\/index.php?rest_route=%2Fwp%2Fv2%2Fproduct_cat&post=8448"},{"taxonomy":"product_tag","embeddable":true,"href":"https:\/\/anopri.com\/index.php?rest_route=%2Fwp%2Fv2%2Fproduct_tag&post=8448"},{"taxonomy":"product_brands","embeddable":true,"href":"https:\/\/anopri.com\/index.php?rest_route=%2Fwp%2Fv2%2Fproduct_brands&post=8448"}],"curies":[{"name":"wp","href":"https:\/\/api.w.org\/{rel}","templated":true}]}}