{"id":8447,"date":"2026-04-25T13:03:56","date_gmt":"2026-04-25T13:03:56","guid":{"rendered":"https:\/\/anopri.com\/?post_type=product&#038;p=8447"},"modified":"2026-04-25T13:03:59","modified_gmt":"2026-04-25T13:03:59","slug":"refrigerateur-hisense-rd-34dc4sa","status":"publish","type":"product","link":"https:\/\/anopri.com\/?product=refrigerateur-hisense-rd-34dc4sa","title":{"rendered":"r\u00e9frig\u00e9rateur HISENSE RD-34DC4SA"},"content":{"rendered":"<p>Ce r\u00e9frig\u00e9rateur HISENSE affiche une classe climatique adapt\u00e9e \u00e0 la temp\u00e9rature camerounaise, gage de durabilit\u00e9 et de performance accrue. En effet,\u200e ANOPRI s\u2019engage \u00e0 vous offrir des produits qui contribuent au confort\u200e\u200e,\u200e\u200e \u00e0 l\u200e\u200e\u2019\u200e\u200eam\u00e9lioration de la qualit\u00e9 de vie au quotidien \u00e0 l\u2019image de ce r\u00e9frig\u00e9rateur Hisense.\u200e\u200e\u200e Engag\u00e9e sur la voie de l\u200e\u2019\u200einnovation et de l\u200e\u2019\u200e\u00e9cologie\u200e\u200e,\u200e\u200e\u200e HISENSE vous propose des produits \u00e9l\u00e9gants\u200e\u200e,\u200e\u200e\u200e performants\u200e\u200e,\u200e\u200e\u200e simples, pratiques et faciles \u00e0 utiliser\u200e\u200e.\u200e Optimisez l\u2019espace de stockage de votre r\u00e9frig\u00e9rateur<\/p>\n","protected":false},"excerpt":{"rendered":"<ul>\n<li><strong>Reference<\/strong>\u00a0:RD 34BF<\/li>\n<li><strong>Marque<\/strong>\u00a0: Hisense<\/li>\n<li><strong>Contenance<\/strong>\u00a0: 250L<\/li>\n<li><strong>Type de r\u00e9frig\u00e9rateur<\/strong>\u00a0: Combin\u00e9<\/li>\n<li><strong>R\u00e9frig\u00e9rant<\/strong>\u00a0: R600A<\/li>\n<li><strong>Nombre de portes<\/strong>\u00a0:2<\/li>\n<li><strong>Classe \u00e9nerg\u00e9tique<\/strong>\u00a0:A+<\/li>\n<li><strong>Classe climatique<\/strong>\u00a0: ST<\/li>\n<li><strong>d\u00e9givrage automatique<\/strong>\u00a0:oui<\/li>\n<li><strong>thermostat r\u00e9glable\u00a0<\/strong>:oui<\/li>\n<li><strong>Garantie :<\/strong>\u00a006 mois<\/li>\n<\/ul>\n","protected":false},"featured_media":6491,"comment_status":"closed","ping_status":"closed","template":"","meta":{"_bst_post_transparent":"","_bst_post_title":"","_bst_post_layout":"","_bst_post_sidebar_id":"","_bst_post_content_style":"","_bst_post_vertical_padding":"","_bst_post_feature":"","_bst_post_feature_position":"","_bst_post_header":false,"_bst_post_footer":false},"product_brand":[],"product_cat":[145,157],"product_tag":[],"product_brands":[],"class_list":{"0":"post-8447","1":"product","2":"type-product","3":"status-publish","4":"has-post-thumbnail","6":"product_cat-electromenager","7":"product_cat-refrigerateur","9":"first","10":"instock","11":"sale","12":"purchasable","13":"product-type-simple","14":"entry","15":"content-bg","16":"loop-entry"},"_links":{"self":[{"href":"https:\/\/anopri.com\/index.php?rest_route=\/wp\/v2\/product\/8447","targetHints":{"allow":["GET"]}}],"collection":[{"href":"https:\/\/anopri.com\/index.php?rest_route=\/wp\/v2\/product"}],"about":[{"href":"https:\/\/anopri.com\/index.php?rest_route=\/wp\/v2\/types\/product"}],"replies":[{"embeddable":true,"href":"https:\/\/anopri.com\/index.php?rest_route=%2Fwp%2Fv2%2Fcomments&post=8447"}],"wp:featuredmedia":[{"embeddable":true,"href":"https:\/\/anopri.com\/index.php?rest_route=\/wp\/v2\/media\/6491"}],"wp:attachment":[{"href":"https:\/\/anopri.com\/index.php?rest_route=%2Fwp%2Fv2%2Fmedia&parent=8447"}],"wp:term":[{"taxonomy":"product_brand","embeddable":true,"href":"https:\/\/anopri.com\/index.php?rest_route=%2Fwp%2Fv2%2Fproduct_brand&post=8447"},{"taxonomy":"product_cat","embeddable":true,"href":"https:\/\/anopri.com\/index.php?rest_route=%2Fwp%2Fv2%2Fproduct_cat&post=8447"},{"taxonomy":"product_tag","embeddable":true,"href":"https:\/\/anopri.com\/index.php?rest_route=%2Fwp%2Fv2%2Fproduct_tag&post=8447"},{"taxonomy":"product_brands","embeddable":true,"href":"https:\/\/anopri.com\/index.php?rest_route=%2Fwp%2Fv2%2Fproduct_brands&post=8447"}],"curies":[{"name":"wp","href":"https:\/\/api.w.org\/{rel}","templated":true}]}}