{"id":8439,"date":"2026-04-25T13:03:55","date_gmt":"2026-04-25T13:03:55","guid":{"rendered":"https:\/\/anopri.com\/?post_type=product&#038;p=8439"},"modified":"2026-04-25T13:03:58","modified_gmt":"2026-04-25T13:03:58","slug":"climatiseur-wespoint-18000-btu","status":"publish","type":"product","link":"https:\/\/anopri.com\/?product=climatiseur-wespoint-18000-btu","title":{"rendered":"Climatiseur WESPOINT -18000 BTU"},"content":{"rendered":"<p>La marque WestPoint, c\u2019est la gamme r\u00e9sidentielle par excellence. Tr\u00e8s demand\u00e9e pour sa puissance, le split WestPoint b\u00e9n\u00e9ficie d\u2019un look tr\u00e8s haut standing et comporte un display LED qui affiche en continu tous les r\u00e9glages et fonctions programm\u00e9es \u00e0 partir de la t\u00e9l\u00e9commande. \u00c9l\u00e9gance et innovation s\u2019allient pour vous permettre de profiter de la climatisation Split WestPoint 18000 BTU . Les climatiseurs split WestPoint 18000 BTU sont distingu\u00e9s en termes d\u2019efficacit\u00e9, fiabilit\u00e9 et surtout haute performance sp\u00e9cialement dans les r\u00e9gions tropicales o\u00f9 la temp\u00e9rature ext\u00e9rieure peut atteindre 40\u00b0C. Les compresseurs sont minutieusement s\u00e9lectionn\u00e9s pour concilier entre un rendement irr\u00e9prochable et des gains \u00e9nerg\u00e9tiques consid\u00e9rables. Le split WestPoint 18000 BTU mural b\u00e9n\u00e9ficie d\u2019une technologie de pointe alli\u00e9e \u00e0 la finesse de leur design contemporain. Last but least, le split WestPoint 18000 BTU s\u2019int\u00e8gre ainsi dans votre int\u00e9rieur en toute harmonie et discr\u00e9tion<\/p>\n","protected":false},"excerpt":{"rendered":"<p><strong>Caract\u00e9ristiques du Climatiseur Split westpoint <\/strong><\/p>\n<p>Nom : Climatiseur Split<br \/>\nMarque: WESTPOINT<br \/>\nMod\u00e8le\u00a0: WST-1820L<br \/>\nPuissance frigorifique\u00a0: 18000 BTU<br \/>\nVoltage\u00a0: 220-240 V<br \/>\nPuissance absorb\u00e9e froid\u00a0: 1 880w<br \/>\nIntensit\u00e9 du courant froid\u00a0: 8.70A<br \/>\nD\u00e9shumidification :\u00a01.8VH<br \/>\nCirculation d\u2019air : 850m3\/h<br \/>\nRatio E.E.R. froid\u00a0: 2,82W\/W<br \/>\nType de compresseur :\u00a0ROTARY<br \/>\nGaz r\u00e9frig\u00e9rant\u00a0: R22<br \/>\nDimensions nettes (HX LX P):\u00a0205 x 910 x292mm<br \/>\nPoids net :\u00a010,0kg<br \/>\nNiveau de pression acoustique (H\/M\/B)\u00a0: 41\/39\/35dBM(A)<\/p>\n<p>Unit\u00e9 ext\u00e9rieure<br \/>\nDimensions nettes (HX LX P) :\u00a0553 X 817 X328mm<br \/>\nPoids net :\u00a032,0kg<br \/>\nNiveau de pression acoustique\u00a0: 56dB(A)<br \/>\nVentilateurs\u00a0:1<br \/>\nDiam\u00e8tre liquide\u00a0: \u00d86(1\/4\u2033)mm (inch)<br \/>\nLongueur maximale autoris\u00e9e\u00a0: 15m<\/p>\n","protected":false},"featured_media":6479,"comment_status":"closed","ping_status":"closed","template":"","meta":{"_bst_post_transparent":"","_bst_post_title":"","_bst_post_layout":"","_bst_post_sidebar_id":"","_bst_post_content_style":"","_bst_post_vertical_padding":"","_bst_post_feature":"","_bst_post_feature_position":"","_bst_post_header":false,"_bst_post_footer":false},"product_brand":[],"product_cat":[164,160],"product_tag":[],"product_brands":[],"class_list":{"0":"post-8439","1":"product","2":"type-product","3":"status-publish","4":"has-post-thumbnail","6":"product_cat-climatiseurs","7":"product_cat-climatiseurs-ventilateurs","9":"first","10":"instock","11":"purchasable","12":"product-type-simple","13":"entry","14":"content-bg","15":"loop-entry"},"_links":{"self":[{"href":"https:\/\/anopri.com\/index.php?rest_route=\/wp\/v2\/product\/8439","targetHints":{"allow":["GET"]}}],"collection":[{"href":"https:\/\/anopri.com\/index.php?rest_route=\/wp\/v2\/product"}],"about":[{"href":"https:\/\/anopri.com\/index.php?rest_route=\/wp\/v2\/types\/product"}],"replies":[{"embeddable":true,"href":"https:\/\/anopri.com\/index.php?rest_route=%2Fwp%2Fv2%2Fcomments&post=8439"}],"wp:featuredmedia":[{"embeddable":true,"href":"https:\/\/anopri.com\/index.php?rest_route=\/wp\/v2\/media\/6479"}],"wp:attachment":[{"href":"https:\/\/anopri.com\/index.php?rest_route=%2Fwp%2Fv2%2Fmedia&parent=8439"}],"wp:term":[{"taxonomy":"product_brand","embeddable":true,"href":"https:\/\/anopri.com\/index.php?rest_route=%2Fwp%2Fv2%2Fproduct_brand&post=8439"},{"taxonomy":"product_cat","embeddable":true,"href":"https:\/\/anopri.com\/index.php?rest_route=%2Fwp%2Fv2%2Fproduct_cat&post=8439"},{"taxonomy":"product_tag","embeddable":true,"href":"https:\/\/anopri.com\/index.php?rest_route=%2Fwp%2Fv2%2Fproduct_tag&post=8439"},{"taxonomy":"product_brands","embeddable":true,"href":"https:\/\/anopri.com\/index.php?rest_route=%2Fwp%2Fv2%2Fproduct_brands&post=8439"}],"curies":[{"name":"wp","href":"https:\/\/api.w.org\/{rel}","templated":true}]}}