{"id":8437,"date":"2026-04-25T13:03:48","date_gmt":"2026-04-25T13:03:48","guid":{"rendered":"https:\/\/anopri.com\/?post_type=product&#038;p=8437"},"modified":"2026-04-25T13:03:53","modified_gmt":"2026-04-25T13:03:53","slug":"tvguard-stabilisateur-de-tension","status":"publish","type":"product","link":"https:\/\/anopri.com\/?product=tvguard-stabilisateur-de-tension","title":{"rendered":"TVGuard &#8211; Stabilisateur de tension"},"content":{"rendered":"<p>Description<\/p>\n<p>Cet appareil prot\u00e9gera vos \u00e9quipements \u00e9lectrique et \u00e9lectronique de tout dommage contre les fluctuations de courant (basses\/hautes\/surtensions). Il est \u00e9quip\u00e9 d\u2019une fonction AVS \u2122 qui d\u00e9connecte l\u2019alimentation de votre appareil si le secteur d\u00e9passe le niveau acceptable. Puis se reconnectera automatiquement seulement apr\u00e8s que l&#8217;alimentation soit revenue \u00e0 des limites acceptables apr\u00e8s un d\u00e9lai d&#8217;attente de 30 secondes. Ceci garantira que l&#8217;appareil ne soit pas \u00e9teint de fa\u00e7on r\u00e9p\u00e9t\u00e9e pendant les fluctuations, ni soumis \u00e0 une surtension massive normalement ressentie lorsque le courant revient apr\u00e8s des coupures.<\/p>\n<p>Moins encombrant compar\u00e9 aux stabilisateurs habituels \u2013 Discret derri\u00e8re vos \u00e9crans LED, Chaines HiFi, R\u00e9frig\u00e9rateurs, Cong\u00e9lateurs, Micro-onde, Ordinateurs, Imprimantes, Photocopieuses etc&#8230; \u2013 Prot\u00e8ge un ensemble d&#8217;\u00e9quipements \u00e0 l&#8217;aide d&#8217;une multiprise &#8211; Sans fil et plus performant.<\/p>\n<p>&nbsp;<\/p>\n","protected":false},"excerpt":{"rendered":"<p><strong>Principales caract\u00e9ristiques<\/strong><\/p>\n<p>Type de produit :\u00a0Parasurtenseur R\u00e9gulateur<\/p>\n<p>Protection contre les fluctuations de tension.<\/p>\n<p>Prot\u00e8ge vos appareils et appareils \u00e9valu\u00e9s contre la surtension;\u00a0Power-back surges;\u00a0Surtensions \u00e9lectriques dangereuses et pointes de tension.<\/p>\n<p>Tension normale: 220\/240 volts<\/p>\n<p>Temps d&#8217;attente (plus de 1000 attentes): 30 secondes<\/p>\n<p>D\u00e9connexion de la tension: 260Volts<\/p>\n<p>&nbsp;<\/p>\n","protected":false},"featured_media":6475,"comment_status":"closed","ping_status":"closed","template":"","meta":{"_bst_post_transparent":"","_bst_post_title":"","_bst_post_layout":"","_bst_post_sidebar_id":"","_bst_post_content_style":"","_bst_post_vertical_padding":"","_bst_post_feature":"","_bst_post_feature_position":"","_bst_post_header":false,"_bst_post_footer":false},"product_brand":[],"product_cat":[142,149],"product_tag":[],"product_brands":[],"class_list":{"0":"post-8437","1":"product","2":"type-product","3":"status-publish","4":"has-post-thumbnail","6":"product_cat-electronique","7":"product_cat-regulateurs-de-tension","9":"first","10":"instock","11":"purchasable","12":"product-type-simple","13":"entry","14":"content-bg","15":"loop-entry"},"_links":{"self":[{"href":"https:\/\/anopri.com\/index.php?rest_route=\/wp\/v2\/product\/8437","targetHints":{"allow":["GET"]}}],"collection":[{"href":"https:\/\/anopri.com\/index.php?rest_route=\/wp\/v2\/product"}],"about":[{"href":"https:\/\/anopri.com\/index.php?rest_route=\/wp\/v2\/types\/product"}],"replies":[{"embeddable":true,"href":"https:\/\/anopri.com\/index.php?rest_route=%2Fwp%2Fv2%2Fcomments&post=8437"}],"wp:featuredmedia":[{"embeddable":true,"href":"https:\/\/anopri.com\/index.php?rest_route=\/wp\/v2\/media\/6475"}],"wp:attachment":[{"href":"https:\/\/anopri.com\/index.php?rest_route=%2Fwp%2Fv2%2Fmedia&parent=8437"}],"wp:term":[{"taxonomy":"product_brand","embeddable":true,"href":"https:\/\/anopri.com\/index.php?rest_route=%2Fwp%2Fv2%2Fproduct_brand&post=8437"},{"taxonomy":"product_cat","embeddable":true,"href":"https:\/\/anopri.com\/index.php?rest_route=%2Fwp%2Fv2%2Fproduct_cat&post=8437"},{"taxonomy":"product_tag","embeddable":true,"href":"https:\/\/anopri.com\/index.php?rest_route=%2Fwp%2Fv2%2Fproduct_tag&post=8437"},{"taxonomy":"product_brands","embeddable":true,"href":"https:\/\/anopri.com\/index.php?rest_route=%2Fwp%2Fv2%2Fproduct_brands&post=8437"}],"curies":[{"name":"wp","href":"https:\/\/api.w.org\/{rel}","templated":true}]}}