{"id":8436,"date":"2026-04-25T13:03:47","date_gmt":"2026-04-25T13:03:47","guid":{"rendered":"https:\/\/anopri.com\/?post_type=product&#038;p=8436"},"modified":"2026-04-25T13:03:52","modified_gmt":"2026-04-25T13:03:52","slug":"bouloir-russell-hobbs","status":"publish","type":"product","link":"https:\/\/anopri.com\/?product=bouloir-russell-hobbs","title":{"rendered":"Bouloir Russell Hobbs"},"content":{"rendered":"<p>Bouilloire Russel Hobbs Textures Plus<\/p>\n<p>&#8211; Puissance 2400W<\/p>\n<p>&#8211; Capacit\u00e9 1.7L<\/p>\n<p>&#8211;\u00a0Marquage pour 1, 2 et 3 tasses<\/p>\n<p>&#8211;\u00a0Zones d&#8217;\u00e9bullition rapide<\/p>\n<p>&#8211;\u00a0Double niveau d&#8217;eau visible<\/p>\n<p>&#8211;\u00a0Bouton d&#8217;ouverture du couvercle<\/p>\n<p>&#8211;\u00a0R\u00e9sistance cach\u00e9e<\/p>\n<p>&#8211;\u00a0Filtre amovible et lavable<\/p>\n<p>&#8211;\u00a0Bec verseur \u00e0 \u00e9coulement parfait<\/p>\n","protected":false},"excerpt":{"rendered":"<p><strong>La bouilloire Textures Plus pr\u00e9sente une finition haut de gamme associant deux textures de noir : le brillant et le givr\u00e9. Fonctionnelle et pratique, elle s&#8217;illumine en bleu lorsque l&#8217;eau est \u00e0 \u00e9bullition: vous voyez alors imm\u00e9diatement lorsqu&#8217;elle est pr\u00eate \u00e0 \u00eatre servie.<\/strong><\/p>\n<p><strong>Dot\u00e9e d&#8217;une capacit\u00e9 de 1,7 litre, cette bouilloire familiale peut pr\u00e9parer jusqu&#8217;\u00e0 six tasses. Elle est \u00e9galement \u00e9quip\u00e9e de zones d&#8217;\u00e9bullition rapide qui permettent de bouillir une tasse d&#8217;eau en seulement 50 secondes. Tr\u00e8s utile le matin lorsque vous \u00eates press\u00e9 et vous voulez une boisson chaude rapidement. De plus, son bec verseur est design\u00e9 pour un \u00e9coulement parfait de l&#8217;eau dans votre tasse, r\u00e9duisant les risques d&#8217;\u00e9claboussures et d&#8217;accidents.<\/strong><\/p>\n<p><strong>La bouilloire Textures Plus de Russell Hobbs est pratique, chic et allie l&#8217;\u00e9l\u00e9gance avec une multitude de fonctions design essentielles. Avec ses finitions noires mates et brillantes, et des touches d&#8217;inox, elle saura gagner sa place au c\u0153ur de votre cuisine.<\/strong><\/p>\n","protected":false},"featured_media":6472,"comment_status":"closed","ping_status":"closed","template":"","meta":{"_bst_post_transparent":"","_bst_post_title":"","_bst_post_layout":"","_bst_post_sidebar_id":"","_bst_post_content_style":"","_bst_post_vertical_padding":"","_bst_post_feature":"","_bst_post_feature_position":"","_bst_post_header":false,"_bst_post_footer":false},"product_brand":[],"product_cat":[155],"product_tag":[],"product_brands":[],"class_list":{"0":"post-8436","1":"product","2":"type-product","3":"status-publish","4":"has-post-thumbnail","6":"product_cat-bouilloire-electrique","8":"first","9":"instock","10":"purchasable","11":"product-type-simple","12":"entry","13":"content-bg","14":"loop-entry"},"_links":{"self":[{"href":"https:\/\/anopri.com\/index.php?rest_route=\/wp\/v2\/product\/8436","targetHints":{"allow":["GET"]}}],"collection":[{"href":"https:\/\/anopri.com\/index.php?rest_route=\/wp\/v2\/product"}],"about":[{"href":"https:\/\/anopri.com\/index.php?rest_route=\/wp\/v2\/types\/product"}],"replies":[{"embeddable":true,"href":"https:\/\/anopri.com\/index.php?rest_route=%2Fwp%2Fv2%2Fcomments&post=8436"}],"wp:featuredmedia":[{"embeddable":true,"href":"https:\/\/anopri.com\/index.php?rest_route=\/wp\/v2\/media\/6472"}],"wp:attachment":[{"href":"https:\/\/anopri.com\/index.php?rest_route=%2Fwp%2Fv2%2Fmedia&parent=8436"}],"wp:term":[{"taxonomy":"product_brand","embeddable":true,"href":"https:\/\/anopri.com\/index.php?rest_route=%2Fwp%2Fv2%2Fproduct_brand&post=8436"},{"taxonomy":"product_cat","embeddable":true,"href":"https:\/\/anopri.com\/index.php?rest_route=%2Fwp%2Fv2%2Fproduct_cat&post=8436"},{"taxonomy":"product_tag","embeddable":true,"href":"https:\/\/anopri.com\/index.php?rest_route=%2Fwp%2Fv2%2Fproduct_tag&post=8436"},{"taxonomy":"product_brands","embeddable":true,"href":"https:\/\/anopri.com\/index.php?rest_route=%2Fwp%2Fv2%2Fproduct_brands&post=8436"}],"curies":[{"name":"wp","href":"https:\/\/api.w.org\/{rel}","templated":true}]}}