{"id":8430,"date":"2026-04-25T13:03:47","date_gmt":"2026-04-25T13:03:47","guid":{"rendered":"https:\/\/anopri.com\/?post_type=product&#038;p=8430"},"modified":"2026-04-25T13:03:51","modified_gmt":"2026-04-25T13:03:51","slug":"regulateur-de-tension-lifeway-avr-3000va-2","status":"publish","type":"product","link":"https:\/\/anopri.com\/?product=regulateur-de-tension-lifeway-avr-3000va-2","title":{"rendered":"R\u00e9gulateur De Tension Lifeway AVR-3000VA"},"content":{"rendered":"<p>Vous cherchez \u00e0 acheter un tr\u00e8s bon et original r\u00e9gulateur de tension automatique? Ne cherchez pas plus loin que Jumia Cameroun a obtenu tout ce dont vous avez besoin pour profiter de votre vie.<\/p>\n<p>Restez en puissance sans craindre que vos gadgets ne soient endommag\u00e9s par une tension trop \u00e9lev\u00e9e ou trop basse. Le\u00a0<strong>r\u00e9gulateur de tension automatique num\u00e9rique 3000VA<\/strong>\u00a0a \u00e9t\u00e9 construit pour vous aider \u00e0 prot\u00e9ger vos appareils contre les surtensions \u00e9lectriques qui sont inattendues. Avec ce r\u00e9gulateur de tension automatique, b\u00e9n\u00e9ficiez d&#8217;une alimentation constante.<\/p>\n","protected":false},"excerpt":{"rendered":"<form id=\"product-details-form\" action=\"https:\/\/iziway.cm\/regulateur-de-tension-lw-avrc-3000va-3000va-noir-et-gris\" method=\"post\">\n<div id=\"product-details\" class=\"product-details\" data-productid=\"12099\">\n<div class=\"mt-16\">\n<div class=\"lg:flex\">\n<div class=\"w-full mlg:w-9\/12 mr-10\">\n<div class=\"desc\">\n<ul>\n<li>Type: Automatique R\u00e9gulateur de Tension \/ Convertisseur<\/li>\n<li>Puissance 3000 VA<\/li>\n<li>Protection contre la surchauffe et la surtension<\/li>\n<li>Tension nominale: 220V \u00e0 110V AC Convertisseur<\/li>\n<\/ul>\n<\/div>\n<\/div>\n<\/div>\n<\/div>\n<\/div>\n<\/form>\n","protected":false},"featured_media":6461,"comment_status":"closed","ping_status":"closed","template":"","meta":{"_bst_post_transparent":"","_bst_post_title":"","_bst_post_layout":"","_bst_post_sidebar_id":"","_bst_post_content_style":"","_bst_post_vertical_padding":"","_bst_post_feature":"","_bst_post_feature_position":"","_bst_post_header":false,"_bst_post_footer":false},"product_brand":[],"product_cat":[142,149],"product_tag":[],"product_brands":[],"class_list":{"0":"post-8430","1":"product","2":"type-product","3":"status-publish","4":"has-post-thumbnail","6":"product_cat-electronique","7":"product_cat-regulateurs-de-tension","9":"first","10":"instock","11":"purchasable","12":"product-type-simple","13":"entry","14":"content-bg","15":"loop-entry"},"_links":{"self":[{"href":"https:\/\/anopri.com\/index.php?rest_route=\/wp\/v2\/product\/8430","targetHints":{"allow":["GET"]}}],"collection":[{"href":"https:\/\/anopri.com\/index.php?rest_route=\/wp\/v2\/product"}],"about":[{"href":"https:\/\/anopri.com\/index.php?rest_route=\/wp\/v2\/types\/product"}],"replies":[{"embeddable":true,"href":"https:\/\/anopri.com\/index.php?rest_route=%2Fwp%2Fv2%2Fcomments&post=8430"}],"wp:featuredmedia":[{"embeddable":true,"href":"https:\/\/anopri.com\/index.php?rest_route=\/wp\/v2\/media\/6461"}],"wp:attachment":[{"href":"https:\/\/anopri.com\/index.php?rest_route=%2Fwp%2Fv2%2Fmedia&parent=8430"}],"wp:term":[{"taxonomy":"product_brand","embeddable":true,"href":"https:\/\/anopri.com\/index.php?rest_route=%2Fwp%2Fv2%2Fproduct_brand&post=8430"},{"taxonomy":"product_cat","embeddable":true,"href":"https:\/\/anopri.com\/index.php?rest_route=%2Fwp%2Fv2%2Fproduct_cat&post=8430"},{"taxonomy":"product_tag","embeddable":true,"href":"https:\/\/anopri.com\/index.php?rest_route=%2Fwp%2Fv2%2Fproduct_tag&post=8430"},{"taxonomy":"product_brands","embeddable":true,"href":"https:\/\/anopri.com\/index.php?rest_route=%2Fwp%2Fv2%2Fproduct_brands&post=8430"}],"curies":[{"name":"wp","href":"https:\/\/api.w.org\/{rel}","templated":true}]}}