{"id":8423,"date":"2026-04-25T13:03:47","date_gmt":"2026-04-25T13:03:47","guid":{"rendered":"https:\/\/anopri.com\/?post_type=product&#038;p=8423"},"modified":"2026-04-25T13:03:50","modified_gmt":"2026-04-25T13:03:50","slug":"tv-samsung-full-hd-32-t5300","status":"publish","type":"product","link":"https:\/\/anopri.com\/?product=tv-samsung-full-hd-32-t5300","title":{"rendered":"TV SAMSUNG Full HD 32&#8243; T5300"},"content":{"rendered":"<p><strong>R\u00e9solution Full HD<\/strong><br \/>\nVos \u00e9missions t\u00e9l\u00e9vis\u00e9es et vos films pr\u00e9f\u00e9r\u00e9s se font super r\u00e9alistes gr\u00e2ce \u00e0 la qualit\u00e9 ultime de la r\u00e9solution Full HD, deux fois sup\u00e9rieure \u00e0 celle de la TV HD.<br \/>\nUne exp\u00e9rience utilisateur ultrarapide<br \/>\nSmart Hub &amp; One Remote Control<br \/>\nLe Smart Hub rassemble tous vos divertissements en un seul endroit: TV en direct, sources externes, applis Internet, services de streaming et jeux.\u00a0Avec la tr\u00e8s pratique One Remote Control, vous pouvez facilement contr\u00f4ler tous les appareils connect\u00e9s avec une t\u00e9l\u00e9commande.<br \/>\nDes d\u00e9tails incroyables<br \/>\nHDR<br \/>\nHigh Dynamic Range \u00e9largit la gamme d\u2019\u00e9clairage de votre t\u00e9l\u00e9vision, vous permettant ainsi de profiter d\u2019un immense spectre de couleurs et de d\u00e9tails, m\u00eame dans les sc\u00e8nes les plus sombres.<br \/>\nDes d\u00e9tails incroyables<br \/>\nDes couleurs r\u00e9alistes qui vous immergent compl\u00e8tement<br \/>\nPurColor<br \/>\nAvec PurColor, vous ne vous contentez pas de regarder des vid\u00e9os, vous les vivez.\u00a0La vaste gamme de couleurs de votre t\u00e9l\u00e9vision garantit une qualit\u00e9 d\u2019image optimale et une exp\u00e9rience de visionnement qui vous immergera compl\u00e8tement.<br \/>\nCouleur r\u00e9aliste qui vous rapproche<br \/>\nDes d\u00e9tails am\u00e9lior\u00e9s pour une image plus claire<br \/>\nUltra Clean View<br \/>\nUltra Clean View utilise un algorithme avanc\u00e9 pour analyser le contenu original et obtenir des images plus nettes, avec moins de distorsion et plus de d\u00e9tails.<br \/>\nAm\u00e9lioration des d\u00e9tails pour une image claire<br \/>\nChaque sc\u00e8ne prend vie<br \/>\nContrast Enhancer<br \/>\nContrast Enhancer ajuste le contraste et donne vie aux images plates en augmentant leur profondeur pour une qualit\u00e9 d\u2019image in\u00e9gal\u00e9e.<br \/>\nUn design \u00e9l\u00e9gant pour votre espace de vie<br \/>\nCe design \u00e9l\u00e9gant est un atout pour n\u2019importe quel int\u00e9rieur et s\u2019y fond compl\u00e8tement, sans attirer toute l\u2019attention.<br \/>\nVous pouvez d\u00e8s lors facilement lire les vid\u00e9os, de la musique, des photos et plus encore sur votre t\u00e9l\u00e9vision<br \/>\n* Ce service peut ne pas \u00eatre disponible au moment de l\u2019achat de ce produit et sa disponibilit\u00e9 peut varier selon la r\u00e9gion.\u00a0* Images simul\u00e9es \u00e0 des fins d\u2019illustration uniquement.<br \/>\nType de produit<br \/>\nLED<br \/>\nD\u00e9finition<br \/>\n1 920 x 1 080<br \/>\nafficher avec des articles similaires<br \/>\nFull HD 32 pouces T5300<\/p>\n<p>Noter<\/p>\n<p>FHD 32 pouces 32N5300 (2018)<br \/>\nNote<br \/>\nClasse \u00e9nerg\u00e9tique<br \/>\nA<br \/>\nHDR<br \/>\nUltra Clean View<br \/>\nPurColor<\/p>\n<p>TV FHD 32 pouces UE32N5000<br \/>\nNote<br \/>\nClasse \u00e9nerg\u00e9tique<br \/>\nA<br \/>\nClean view<br \/>\nWide Color Enhancer<br \/>\nQualit\u00e9 d\u2019image Full HD<\/p>\n<p>T\u00e9l\u00e9viseur FHD S\u00e9rie 5 UE55M5690<\/p>\n<p>Note<br \/>\nClasse \u00e9nerg\u00e9tique<br \/>\nA +<br \/>\nUltra Clean View<br \/>\nContrast Enhancer<br \/>\nPurColour<\/p>\n<p>T\u00e9l\u00e9viseur FHD S\u00e9rie 5 UE55M5620<\/p>\n<p>Note<br \/>\nClasse \u00e9nerg\u00e9tique<br \/>\nA +<br \/>\nUltra Clean View<br \/>\nContrast Enhancer<br \/>\nPurColour<\/p>\n<p>FHD TV 5-Serie UE55M5520<br \/>\nNote<br \/>\nClasse \u00e9nerg\u00e9tique<br \/>\nA +<br \/>\nUltra Clean View<br \/>\nContrast Enhancer<br \/>\nPurColour<br \/>\nR\u00e9cemment Affich\u00e9s<br \/>\nFull HD 32 pouces T5300 (2020)<br \/>\n32 \u201c<br \/>\nIl se peut que certaines fonctions des Smart TV Samsung ne soient pas disponibles sans consentement expr\u00e8s quant \u00e0 la collecte et \u00e0 l\u2019utilisation d\u2019informations personnelles.<\/p>\n","protected":false},"excerpt":{"rendered":"<p>UE32T5300<br \/>\nSmart Hub<br \/>\nPurColor<br \/>\nGame Mode<br \/>\nChoisissez votre diagonale de l\u2019\u00e9cran<br \/>\n32 \u201c<br \/>\nFull HD 32 pouces T5300<br \/>\nFull HD Resolution<br \/>\nDes d\u00e9tails incroyables<br \/>\nHDR<br \/>\nDeux fois plus de luminosit\u00e9<\/p>\n","protected":false},"featured_media":6444,"comment_status":"closed","ping_status":"closed","template":"","meta":{"_bst_post_transparent":"","_bst_post_title":"","_bst_post_layout":"","_bst_post_sidebar_id":"","_bst_post_content_style":"","_bst_post_vertical_padding":"","_bst_post_feature":"","_bst_post_feature_position":"","_bst_post_header":false,"_bst_post_footer":false},"product_brand":[],"product_cat":[142,143,144],"product_tag":[],"product_brands":[],"class_list":{"0":"post-8423","1":"product","2":"type-product","3":"status-publish","4":"has-post-thumbnail","6":"product_cat-electronique","7":"product_cat-television","8":"product_cat-televisions-smart","10":"first","11":"instock","12":"purchasable","13":"product-type-simple","14":"entry","15":"content-bg","16":"loop-entry"},"_links":{"self":[{"href":"https:\/\/anopri.com\/index.php?rest_route=\/wp\/v2\/product\/8423","targetHints":{"allow":["GET"]}}],"collection":[{"href":"https:\/\/anopri.com\/index.php?rest_route=\/wp\/v2\/product"}],"about":[{"href":"https:\/\/anopri.com\/index.php?rest_route=\/wp\/v2\/types\/product"}],"replies":[{"embeddable":true,"href":"https:\/\/anopri.com\/index.php?rest_route=%2Fwp%2Fv2%2Fcomments&post=8423"}],"wp:featuredmedia":[{"embeddable":true,"href":"https:\/\/anopri.com\/index.php?rest_route=\/wp\/v2\/media\/6444"}],"wp:attachment":[{"href":"https:\/\/anopri.com\/index.php?rest_route=%2Fwp%2Fv2%2Fmedia&parent=8423"}],"wp:term":[{"taxonomy":"product_brand","embeddable":true,"href":"https:\/\/anopri.com\/index.php?rest_route=%2Fwp%2Fv2%2Fproduct_brand&post=8423"},{"taxonomy":"product_cat","embeddable":true,"href":"https:\/\/anopri.com\/index.php?rest_route=%2Fwp%2Fv2%2Fproduct_cat&post=8423"},{"taxonomy":"product_tag","embeddable":true,"href":"https:\/\/anopri.com\/index.php?rest_route=%2Fwp%2Fv2%2Fproduct_tag&post=8423"},{"taxonomy":"product_brands","embeddable":true,"href":"https:\/\/anopri.com\/index.php?rest_route=%2Fwp%2Fv2%2Fproduct_brands&post=8423"}],"curies":[{"name":"wp","href":"https:\/\/api.w.org\/{rel}","templated":true}]}}