{"id":8413,"date":"2026-04-25T13:03:46","date_gmt":"2026-04-25T13:03:46","guid":{"rendered":"https:\/\/anopri.com\/?post_type=product&#038;p=8413"},"modified":"2026-04-25T13:03:49","modified_gmt":"2026-04-25T13:03:49","slug":"refrigerateur-roch-rfr-290bdb-246l-gris","status":"publish","type":"product","link":"https:\/\/anopri.com\/?product=refrigerateur-roch-rfr-290bdb-246l-gris","title":{"rendered":"R\u00e9frig\u00e9rateur Roch RFR 290BDB &#8211; 246L &#8211; Gris"},"content":{"rendered":"<ul>\n<li><span data-sheets-value=\"{&quot;1&quot;:2,&quot;2&quot;:&quot;-Marque : Roch\\n-Mod\u00e8les :RFR 290BDB\\n-Type de produit : R\u00e9frig\u00e9rateur \\nCapacit\u00e9 : 246L\\n-Classe Climatique : ST\\n-R\u00e9frig\u00e9rant : R600a\\n-Tension\/: 220\/240V\\n- Fr\u00e9quence : 50Hz\\nNOMBRE DE BATTANT;2\\nRated Current ; 1A\\nRefrigerant; R600a\/63g\\nClasse \u00e9nerg\u00e9tique : A\\n-Garantie: 6mois&quot;}\" data-sheets-userformat=\"{&quot;2&quot;:12418,&quot;4&quot;:{&quot;1&quot;:2,&quot;2&quot;:16777215},&quot;10&quot;:2,&quot;15&quot;:&quot;Arial&quot;,&quot;16&quot;:11}\"><strong>Marque :<\/strong>\u00a0Roch<br \/>\n<\/span><\/li>\n<li><span data-sheets-value=\"{&quot;1&quot;:2,&quot;2&quot;:&quot;-Marque : Roch\\n-Mod\u00e8les :RFR 290BDB\\n-Type de produit : R\u00e9frig\u00e9rateur \\nCapacit\u00e9 : 246L\\n-Classe Climatique : ST\\n-R\u00e9frig\u00e9rant : R600a\\n-Tension\/: 220\/240V\\n- Fr\u00e9quence : 50Hz\\nNOMBRE DE BATTANT;2\\nRated Current ; 1A\\nRefrigerant; R600a\/63g\\nClasse \u00e9nerg\u00e9tique : A\\n-Garantie: 6mois&quot;}\" data-sheets-userformat=\"{&quot;2&quot;:12418,&quot;4&quot;:{&quot;1&quot;:2,&quot;2&quot;:16777215},&quot;10&quot;:2,&quot;15&quot;:&quot;Arial&quot;,&quot;16&quot;:11}\"><strong>Mod\u00e8les :<\/strong>RFR 290BDB<br \/>\n<\/span><\/li>\n<li><span data-sheets-value=\"{&quot;1&quot;:2,&quot;2&quot;:&quot;-Marque : Roch\\n-Mod\u00e8les :RFR 290BDB\\n-Type de produit : R\u00e9frig\u00e9rateur \\nCapacit\u00e9 : 246L\\n-Classe Climatique : ST\\n-R\u00e9frig\u00e9rant : R600a\\n-Tension\/: 220\/240V\\n- Fr\u00e9quence : 50Hz\\nNOMBRE DE BATTANT;2\\nRated Current ; 1A\\nRefrigerant; R600a\/63g\\nClasse \u00e9nerg\u00e9tique : A\\n-Garantie: 6mois&quot;}\" data-sheets-userformat=\"{&quot;2&quot;:12418,&quot;4&quot;:{&quot;1&quot;:2,&quot;2&quot;:16777215},&quot;10&quot;:2,&quot;15&quot;:&quot;Arial&quot;,&quot;16&quot;:11}\"><strong>Type de produit :<\/strong>\u00a0R\u00e9frig\u00e9rateur<br \/>\n<\/span><\/li>\n<li><span data-sheets-value=\"{&quot;1&quot;:2,&quot;2&quot;:&quot;-Marque : Roch\\n-Mod\u00e8les :RFR 290BDB\\n-Type de produit : R\u00e9frig\u00e9rateur \\nCapacit\u00e9 : 246L\\n-Classe Climatique : ST\\n-R\u00e9frig\u00e9rant : R600a\\n-Tension\/: 220\/240V\\n- Fr\u00e9quence : 50Hz\\nNOMBRE DE BATTANT;2\\nRated Current ; 1A\\nRefrigerant; R600a\/63g\\nClasse \u00e9nerg\u00e9tique : A\\n-Garantie: 6mois&quot;}\" data-sheets-userformat=\"{&quot;2&quot;:12418,&quot;4&quot;:{&quot;1&quot;:2,&quot;2&quot;:16777215},&quot;10&quot;:2,&quot;15&quot;:&quot;Arial&quot;,&quot;16&quot;:11}\"><strong>Capacit\u00e9 :<\/strong>\u00a0246L<br \/>\n<\/span><\/li>\n<li><span data-sheets-value=\"{&quot;1&quot;:2,&quot;2&quot;:&quot;-Marque : Roch\\n-Mod\u00e8les :RFR 290BDB\\n-Type de produit : R\u00e9frig\u00e9rateur \\nCapacit\u00e9 : 246L\\n-Classe Climatique : ST\\n-R\u00e9frig\u00e9rant : R600a\\n-Tension\/: 220\/240V\\n- Fr\u00e9quence : 50Hz\\nNOMBRE DE BATTANT;2\\nRated Current ; 1A\\nRefrigerant; R600a\/63g\\nClasse \u00e9nerg\u00e9tique : A\\n-Garantie: 6mois&quot;}\" data-sheets-userformat=\"{&quot;2&quot;:12418,&quot;4&quot;:{&quot;1&quot;:2,&quot;2&quot;:16777215},&quot;10&quot;:2,&quot;15&quot;:&quot;Arial&quot;,&quot;16&quot;:11}\"><strong>Classe Climatique :<\/strong>\u00a0ST<br \/>\n<\/span><\/li>\n<li><span data-sheets-value=\"{&quot;1&quot;:2,&quot;2&quot;:&quot;-Marque : Roch\\n-Mod\u00e8les :RFR 290BDB\\n-Type de produit : R\u00e9frig\u00e9rateur \\nCapacit\u00e9 : 246L\\n-Classe Climatique : ST\\n-R\u00e9frig\u00e9rant : R600a\\n-Tension\/: 220\/240V\\n- Fr\u00e9quence : 50Hz\\nNOMBRE DE BATTANT;2\\nRated Current ; 1A\\nRefrigerant; R600a\/63g\\nClasse \u00e9nerg\u00e9tique : A\\n-Garantie: 6mois&quot;}\" data-sheets-userformat=\"{&quot;2&quot;:12418,&quot;4&quot;:{&quot;1&quot;:2,&quot;2&quot;:16777215},&quot;10&quot;:2,&quot;15&quot;:&quot;Arial&quot;,&quot;16&quot;:11}\"><strong>R\u00e9frig\u00e9rant :<\/strong>\u00a0R600a<br \/>\n<\/span><\/li>\n<li><span data-sheets-value=\"{&quot;1&quot;:2,&quot;2&quot;:&quot;-Marque : Roch\\n-Mod\u00e8les :RFR 290BDB\\n-Type de produit : R\u00e9frig\u00e9rateur \\nCapacit\u00e9 : 246L\\n-Classe Climatique : ST\\n-R\u00e9frig\u00e9rant : R600a\\n-Tension\/: 220\/240V\\n- Fr\u00e9quence : 50Hz\\nNOMBRE DE BATTANT;2\\nRated Current ; 1A\\nRefrigerant; R600a\/63g\\nClasse \u00e9nerg\u00e9tique : A\\n-Garantie: 6mois&quot;}\" data-sheets-userformat=\"{&quot;2&quot;:12418,&quot;4&quot;:{&quot;1&quot;:2,&quot;2&quot;:16777215},&quot;10&quot;:2,&quot;15&quot;:&quot;Arial&quot;,&quot;16&quot;:11}\"><strong>Tension\/:<\/strong>\u00a0220\/240V<br \/>\n<\/span><\/li>\n<li><span data-sheets-value=\"{&quot;1&quot;:2,&quot;2&quot;:&quot;-Marque : Roch\\n-Mod\u00e8les :RFR 290BDB\\n-Type de produit : R\u00e9frig\u00e9rateur \\nCapacit\u00e9 : 246L\\n-Classe Climatique : ST\\n-R\u00e9frig\u00e9rant : R600a\\n-Tension\/: 220\/240V\\n- Fr\u00e9quence : 50Hz\\nNOMBRE DE BATTANT;2\\nRated Current ; 1A\\nRefrigerant; R600a\/63g\\nClasse \u00e9nerg\u00e9tique : A\\n-Garantie: 6mois&quot;}\" data-sheets-userformat=\"{&quot;2&quot;:12418,&quot;4&quot;:{&quot;1&quot;:2,&quot;2&quot;:16777215},&quot;10&quot;:2,&quot;15&quot;:&quot;Arial&quot;,&quot;16&quot;:11}\"><strong>Fr\u00e9quence :<\/strong>\u00a050Hz<br \/>\n<\/span><\/li>\n<li><span data-sheets-value=\"{&quot;1&quot;:2,&quot;2&quot;:&quot;-Marque : Roch\\n-Mod\u00e8les :RFR 290BDB\\n-Type de produit : R\u00e9frig\u00e9rateur \\nCapacit\u00e9 : 246L\\n-Classe Climatique : ST\\n-R\u00e9frig\u00e9rant : R600a\\n-Tension\/: 220\/240V\\n- Fr\u00e9quence : 50Hz\\nNOMBRE DE BATTANT;2\\nRated Current ; 1A\\nRefrigerant; R600a\/63g\\nClasse \u00e9nerg\u00e9tique : A\\n-Garantie: 6mois&quot;}\" data-sheets-userformat=\"{&quot;2&quot;:12418,&quot;4&quot;:{&quot;1&quot;:2,&quot;2&quot;:16777215},&quot;10&quot;:2,&quot;15&quot;:&quot;Arial&quot;,&quot;16&quot;:11}\"><strong>Nombre de battant:<\/strong>\u00a02<br \/>\n<\/span><\/li>\n<li><span data-sheets-value=\"{&quot;1&quot;:2,&quot;2&quot;:&quot;-Marque : Roch\\n-Mod\u00e8les :RFR 290BDB\\n-Type de produit : R\u00e9frig\u00e9rateur \\nCapacit\u00e9 : 246L\\n-Classe Climatique : ST\\n-R\u00e9frig\u00e9rant : R600a\\n-Tension\/: 220\/240V\\n- Fr\u00e9quence : 50Hz\\nNOMBRE DE BATTANT;2\\nRated Current ; 1A\\nRefrigerant; R600a\/63g\\nClasse \u00e9nerg\u00e9tique : A\\n-Garantie: 6mois&quot;}\" data-sheets-userformat=\"{&quot;2&quot;:12418,&quot;4&quot;:{&quot;1&quot;:2,&quot;2&quot;:16777215},&quot;10&quot;:2,&quot;15&quot;:&quot;Arial&quot;,&quot;16&quot;:11}\"><strong>fr\u00e9quence:\u00a0<\/strong>1A<br \/>\n<\/span><\/li>\n<li><span data-sheets-value=\"{&quot;1&quot;:2,&quot;2&quot;:&quot;-Marque : Roch\\n-Mod\u00e8les :RFR 290BDB\\n-Type de produit : R\u00e9frig\u00e9rateur \\nCapacit\u00e9 : 246L\\n-Classe Climatique : ST\\n-R\u00e9frig\u00e9rant : R600a\\n-Tension\/: 220\/240V\\n- Fr\u00e9quence : 50Hz\\nNOMBRE DE BATTANT;2\\nRated Current ; 1A\\nRefrigerant; R600a\/63g\\nClasse \u00e9nerg\u00e9tique : A\\n-Garantie: 6mois&quot;}\" data-sheets-userformat=\"{&quot;2&quot;:12418,&quot;4&quot;:{&quot;1&quot;:2,&quot;2&quot;:16777215},&quot;10&quot;:2,&quot;15&quot;:&quot;Arial&quot;,&quot;16&quot;:11}\"><strong>Refrigerant:<\/strong>\u00a0R600a\/63g<br \/>\n<\/span><\/li>\n<li><span data-sheets-value=\"{&quot;1&quot;:2,&quot;2&quot;:&quot;-Marque : Roch\\n-Mod\u00e8les :RFR 290BDB\\n-Type de produit : R\u00e9frig\u00e9rateur \\nCapacit\u00e9 : 246L\\n-Classe Climatique : ST\\n-R\u00e9frig\u00e9rant : R600a\\n-Tension\/: 220\/240V\\n- Fr\u00e9quence : 50Hz\\nNOMBRE DE BATTANT;2\\nRated Current ; 1A\\nRefrigerant; R600a\/63g\\nClasse \u00e9nerg\u00e9tique : A\\n-Garantie: 6mois&quot;}\" data-sheets-userformat=\"{&quot;2&quot;:12418,&quot;4&quot;:{&quot;1&quot;:2,&quot;2&quot;:16777215},&quot;10&quot;:2,&quot;15&quot;:&quot;Arial&quot;,&quot;16&quot;:11}\"><strong>Classe \u00e9nerg\u00e9tique :<\/strong>\u00a0A<br \/>\n<\/span><\/li>\n<li><span data-sheets-value=\"{&quot;1&quot;:2,&quot;2&quot;:&quot;-Marque : Roch\\n-Mod\u00e8les :RFR 290BDB\\n-Type de produit : R\u00e9frig\u00e9rateur \\nCapacit\u00e9 : 246L\\n-Classe Climatique : ST\\n-R\u00e9frig\u00e9rant : R600a\\n-Tension\/: 220\/240V\\n- Fr\u00e9quence : 50Hz\\nNOMBRE DE BATTANT;2\\nRated Current ; 1A\\nRefrigerant; R600a\/63g\\nClasse \u00e9nerg\u00e9tique : A\\n-Garantie: 6mois&quot;}\" data-sheets-userformat=\"{&quot;2&quot;:12418,&quot;4&quot;:{&quot;1&quot;:2,&quot;2&quot;:16777215},&quot;10&quot;:2,&quot;15&quot;:&quot;Arial&quot;,&quot;16&quot;:11}\"><strong>Garantie:<\/strong>\u00a06mois<\/span><\/li>\n<\/ul>\n","protected":false},"excerpt":{"rendered":"<p>Lors que les fins de mois arrive, vous aurez d\u00e9sormais la possibilit\u00e9 de faire vos achats en quantit\u00e9 avec le\u00a0<strong>refrig\u00e9rateur combin\u00e9 roch\u00a0<\/strong>assez large pour vous. Id\u00e9al pour vos aliments, que vous viviez seule ou en famille, il vous permet de conserve en toute qui\u00e9tude vos consommables de premi\u00e8re n\u00e9ccessit\u00e9. Dot\u00e9 d&#8217;une\u00a0<strong>capacit\u00e9 de\u00a0<span data-sheets-value=\"{&quot;1&quot;:2,&quot;2&quot;:&quot;-Marque : Roch\\n-Mod\u00e8les :RFR 290BDB\\n-Type de produit : R\u00e9frig\u00e9rateur \\nCapacit\u00e9 : 246L\\n-Classe Climatique : ST\\n-R\u00e9frig\u00e9rant : R600a\\n-Tension\/: 220\/240V\\n- Fr\u00e9quence : 50Hz\\nNOMBRE DE BATTANT;2\\nRated Current ; 1A\\nRefrigerant; R600a\/63g\\nClasse \u00e9nerg\u00e9tique : A\\n-Garantie: 6mois&quot;}\" data-sheets-userformat=\"{&quot;2&quot;:12418,&quot;4&quot;:{&quot;1&quot;:2,&quot;2&quot;:16777215},&quot;10&quot;:2,&quot;15&quot;:&quot;Arial&quot;,&quot;16&quot;:11}\">246<\/span>\u00a0litres\u00a0<\/strong>dont un\u00a0<strong>refrig\u00e9rateur<\/strong>\u00a0de bonne capacit\u00e9 et un\u00a0<strong>cong\u00e9lateur<\/strong>. Il vous donne la possibilit\u00e9 de conserver des perissable de ranger vos boisson et de b\u00e9n\u00e9ficier de produits bien conserv\u00e9. Gr\u00e2ce \u00e0\u00a0 ses compartiments de rangement,vous pourrez aisement ranger vos aliments sans aucun prob\u00e8me.<\/p>\n","protected":false},"featured_media":6419,"comment_status":"open","ping_status":"closed","template":"","meta":{"_bst_post_transparent":"","_bst_post_title":"","_bst_post_layout":"","_bst_post_sidebar_id":"","_bst_post_content_style":"","_bst_post_vertical_padding":"","_bst_post_feature":"","_bst_post_feature_position":"","_bst_post_header":false,"_bst_post_footer":false},"product_brand":[],"product_cat":[145,157],"product_tag":[],"product_brands":[],"class_list":{"0":"post-8413","1":"product","2":"type-product","3":"status-publish","4":"has-post-thumbnail","6":"product_cat-electromenager","7":"product_cat-refrigerateur","9":"first","10":"instock","11":"sale","12":"shipping-taxable","13":"purchasable","14":"product-type-simple","15":"entry","16":"content-bg","17":"loop-entry"},"_links":{"self":[{"href":"https:\/\/anopri.com\/index.php?rest_route=\/wp\/v2\/product\/8413","targetHints":{"allow":["GET"]}}],"collection":[{"href":"https:\/\/anopri.com\/index.php?rest_route=\/wp\/v2\/product"}],"about":[{"href":"https:\/\/anopri.com\/index.php?rest_route=\/wp\/v2\/types\/product"}],"replies":[{"embeddable":true,"href":"https:\/\/anopri.com\/index.php?rest_route=%2Fwp%2Fv2%2Fcomments&post=8413"}],"wp:featuredmedia":[{"embeddable":true,"href":"https:\/\/anopri.com\/index.php?rest_route=\/wp\/v2\/media\/6419"}],"wp:attachment":[{"href":"https:\/\/anopri.com\/index.php?rest_route=%2Fwp%2Fv2%2Fmedia&parent=8413"}],"wp:term":[{"taxonomy":"product_brand","embeddable":true,"href":"https:\/\/anopri.com\/index.php?rest_route=%2Fwp%2Fv2%2Fproduct_brand&post=8413"},{"taxonomy":"product_cat","embeddable":true,"href":"https:\/\/anopri.com\/index.php?rest_route=%2Fwp%2Fv2%2Fproduct_cat&post=8413"},{"taxonomy":"product_tag","embeddable":true,"href":"https:\/\/anopri.com\/index.php?rest_route=%2Fwp%2Fv2%2Fproduct_tag&post=8413"},{"taxonomy":"product_brands","embeddable":true,"href":"https:\/\/anopri.com\/index.php?rest_route=%2Fwp%2Fv2%2Fproduct_brands&post=8413"}],"curies":[{"name":"wp","href":"https:\/\/api.w.org\/{rel}","templated":true}]}}