{"id":8410,"date":"2026-04-25T13:03:46","date_gmt":"2026-04-25T13:03:46","guid":{"rendered":"https:\/\/anopri.com\/?post_type=product&#038;p=8410"},"modified":"2026-04-25T13:03:48","modified_gmt":"2026-04-25T13:03:48","slug":"congelateur-roch-rcf-400-327l-gris","status":"publish","type":"product","link":"https:\/\/anopri.com\/?product=congelateur-roch-rcf-400-327l-gris","title":{"rendered":"Cong\u00e9lateur Roch &#8211; RCF-400 &#8211; 327L &#8211; gris"},"content":{"rendered":"<ul>\n<li><strong>Type de produit:<\/strong>\u00a0cong\u00e9lateur<\/li>\n<li><strong>Marque:<\/strong>\u00a0ROCH<\/li>\n<li><strong>Mod\u00e8le:\u00a0<\/strong>RCF-400-DIC<\/li>\n<li><strong>Capacit\u00e9:\u00a0<\/strong>327 litres<\/li>\n<li><strong>Classe Climatique:\u00a0<\/strong>ST<\/li>\n<li><strong>Puissance:<\/strong>\u00a080W<\/li>\n<li><strong>Cat\u00e9gorie:\u00a0<\/strong>\u00e9lectrom\u00e9nager<\/li>\n<li><strong>Voltage:\u00a0<\/strong>220-240V\/50Hz<\/li>\n<li><strong>Dimension lxLxH:<\/strong>\u00a0110X61X80 cm<\/li>\n<li><strong>Puissance Lampe:\u00a0<\/strong>Max 15W<\/li>\n<li><strong>02 Vitres coulissantes<\/strong><\/li>\n<li><strong>Garantie:\u00a0<\/strong>6 mois<\/li>\n<\/ul>\n","protected":false},"excerpt":{"rendered":"<p>Vos aliments surgel\u00e9s avec\u00a0<strong>le cong\u00e9lateur Roch &#8211; RCF-400.<\/strong>\u00a0Sa grande capacit\u00e9 et ses installations permettront une utilisation et un stockage faciles de l&#8217;appareil. Adapt\u00e9 pour les grandes et petites familles, il a la capacit\u00e9 de surgeler 8kg par jour avec une autonomie de cong\u00e9lation de 24heures en cas de coupures d&#8217;\u00e9lectricit\u00e9 gr\u00e2ce \u00e0 sa\u00a0bonne isolation.<\/p>\n<p>&nbsp;<\/p>\n<h2>Conservation optimale<\/h2>\n<p>Le\u00a0cong\u00e9lateur Coffre Roch &#8211; RCF-400 est un immanquable dans une maison de famille, ou dans une petite \u00e9picerie. Vous conserverez vos aliments en grande quantit\u00e9 dans sa capacit\u00e9 de 327L. En outre, l&#8217;appareil est \u00e9quip\u00e9 d&#8217;un thermostat afin de vous donner la possibilit\u00e9 de r\u00e9gler la temp\u00e9rature \u00e0 l&#8217;int\u00e9rieur de l&#8217;appareil comme il vous convient pour une meilleure conservation\u00a0de vos denr\u00e9es<\/p>\n","protected":false},"featured_media":6410,"comment_status":"open","ping_status":"closed","template":"","meta":{"_bst_post_transparent":"","_bst_post_title":"","_bst_post_layout":"","_bst_post_sidebar_id":"","_bst_post_content_style":"","_bst_post_vertical_padding":"","_bst_post_feature":"","_bst_post_feature_position":"","_bst_post_header":false,"_bst_post_footer":false},"product_brand":[],"product_cat":[153,145],"product_tag":[],"product_brands":[],"class_list":{"0":"post-8410","1":"product","2":"type-product","3":"status-publish","4":"has-post-thumbnail","6":"product_cat-congelateur-coffre","7":"product_cat-electromenager","9":"first","10":"instock","11":"shipping-taxable","12":"purchasable","13":"product-type-simple","14":"entry","15":"content-bg","16":"loop-entry"},"_links":{"self":[{"href":"https:\/\/anopri.com\/index.php?rest_route=\/wp\/v2\/product\/8410","targetHints":{"allow":["GET"]}}],"collection":[{"href":"https:\/\/anopri.com\/index.php?rest_route=\/wp\/v2\/product"}],"about":[{"href":"https:\/\/anopri.com\/index.php?rest_route=\/wp\/v2\/types\/product"}],"replies":[{"embeddable":true,"href":"https:\/\/anopri.com\/index.php?rest_route=%2Fwp%2Fv2%2Fcomments&post=8410"}],"wp:featuredmedia":[{"embeddable":true,"href":"https:\/\/anopri.com\/index.php?rest_route=\/wp\/v2\/media\/6410"}],"wp:attachment":[{"href":"https:\/\/anopri.com\/index.php?rest_route=%2Fwp%2Fv2%2Fmedia&parent=8410"}],"wp:term":[{"taxonomy":"product_brand","embeddable":true,"href":"https:\/\/anopri.com\/index.php?rest_route=%2Fwp%2Fv2%2Fproduct_brand&post=8410"},{"taxonomy":"product_cat","embeddable":true,"href":"https:\/\/anopri.com\/index.php?rest_route=%2Fwp%2Fv2%2Fproduct_cat&post=8410"},{"taxonomy":"product_tag","embeddable":true,"href":"https:\/\/anopri.com\/index.php?rest_route=%2Fwp%2Fv2%2Fproduct_tag&post=8410"},{"taxonomy":"product_brands","embeddable":true,"href":"https:\/\/anopri.com\/index.php?rest_route=%2Fwp%2Fv2%2Fproduct_brands&post=8410"}],"curies":[{"name":"wp","href":"https:\/\/api.w.org\/{rel}","templated":true}]}}