{"id":8404,"date":"2026-04-25T13:03:37","date_gmt":"2026-04-25T13:03:37","guid":{"rendered":"https:\/\/anopri.com\/?post_type=product&#038;p=8404"},"modified":"2026-04-25T13:03:42","modified_gmt":"2026-04-25T13:03:42","slug":"tv-roch-smart-32-pouces-rh-le32dsa-c","status":"publish","type":"product","link":"https:\/\/anopri.com\/?product=tv-roch-smart-32-pouces-rh-le32dsa-c","title":{"rendered":"TV ROCH SMART 32 Pouces &#8211; RH-LE32DSA-C"},"content":{"rendered":"<p>Vous cherchez un moyen d&#8217;am\u00e9liorer votre exp\u00e9rience de divertissement ?\u00a0Ne cherchez pas plus loin que le\u00a0<strong>Roch 32&#8243; Smart TV<\/strong>\u00a0! Avec ses fonctionnalit\u00e9s impressionnantes et sa qualit\u00e9 d&#8217;image incroyable, vous ne conna\u00eetrez jamais de moment ennuyeux<\/p>\n<p>Dot\u00e9 d&#8217;un puissant processeur quadric\u0153ur et d&#8217;un syst\u00e8me d&#8217;exploitation\u00a0<strong>Android<\/strong>, votre contenu Web pr\u00e9f\u00e9r\u00e9 est \u00e0 port\u00e9e de main. Regardez des vid\u00e9os sur<strong>\u00a0YouTube<\/strong>\u00a0ou naviguez sur le Web sur ce puissant \u00e9cran de type tablette sans jamais avoir \u00e0 vous lever du canap\u00e9. Gr\u00e2ce \u00e0 son\u00a0<strong>Wi-Fi int\u00e9gr\u00e9<\/strong>, vous pouvez vous connecter \u00e0 votre r\u00e9seau rapidement et facilement, transformant votre t\u00e9l\u00e9viseur en centre de divertissement ultime.<\/p>\n<h2><strong>Une r\u00e9solution HD Ready pour des images claires\u00a0<\/strong><\/h2>\n<p>Gr\u00e2ce \u00e0 la r\u00e9solution\u00a0<strong>HD Ready<\/strong>, vous pouvez profiter d&#8217;images claires et nettes \u00e0 chaque exp\u00e9rience visuelle. Que vous regardiez un film ou jouiez \u00e0 un jeu, vous pouvez \u00eatre s\u00fbr que les visuels sont \u00e0 la hauteur des normes les plus \u00e9lev\u00e9es. Gr\u00e2ce \u00e0 cette r\u00e9solution, vous pouvez \u00eatre s\u00fbr de profiter au maximum de votre exp\u00e9rience visuelle, et vous<\/p>\n","protected":false},"excerpt":{"rendered":"<ul>\n<li aria-level=\"1\"><strong>Nom du produit :<\/strong>\u00a0TV<\/li>\n<li aria-level=\"1\"><strong>Marque<\/strong>: Roch<\/li>\n<li aria-level=\"1\"><strong>Mod\u00e8le:<\/strong> RH-LE32DSA-C<\/li>\n<li aria-level=\"1\"><strong>Diagonal :<\/strong>\u00a080 cm<\/li>\n<li aria-level=\"1\"><strong>Taille<\/strong>: 32 Pouces<\/li>\n<li aria-level=\"1\"><strong>Type:<\/strong>\u00a0TV SMART<\/li>\n<li aria-level=\"1\"><strong>Type d\u2019\u00e9cran<\/strong>: LED<\/li>\n<li aria-level=\"1\"><strong>R\u00e9solution<\/strong>: 1366 x 768 HD Ready<\/li>\n<li aria-level=\"1\"><strong>Couleur:<\/strong>\u00a0Noir<\/li>\n<li aria-level=\"1\"><strong>Connectiques<\/strong>: HDMI, composante (YUV), composite (RCA vid\u00e9o), USB<\/li>\n<li aria-level=\"1\"><strong>Smart TV:<\/strong>\u00a0Smart Share, TV Connect\u00e9e<\/li>\n<\/ul>\n","protected":false},"featured_media":6398,"comment_status":"open","ping_status":"closed","template":"","meta":{"_bst_post_transparent":"","_bst_post_title":"","_bst_post_layout":"","_bst_post_sidebar_id":"","_bst_post_content_style":"","_bst_post_vertical_padding":"","_bst_post_feature":"","_bst_post_feature_position":"","_bst_post_header":false,"_bst_post_footer":false},"product_brand":[],"product_cat":[142,143,144],"product_tag":[],"product_brands":[],"class_list":{"0":"post-8404","1":"product","2":"type-product","3":"status-publish","4":"has-post-thumbnail","6":"product_cat-electronique","7":"product_cat-television","8":"product_cat-televisions-smart","10":"first","11":"instock","12":"shipping-taxable","13":"purchasable","14":"product-type-simple","15":"entry","16":"content-bg","17":"loop-entry"},"_links":{"self":[{"href":"https:\/\/anopri.com\/index.php?rest_route=\/wp\/v2\/product\/8404","targetHints":{"allow":["GET"]}}],"collection":[{"href":"https:\/\/anopri.com\/index.php?rest_route=\/wp\/v2\/product"}],"about":[{"href":"https:\/\/anopri.com\/index.php?rest_route=\/wp\/v2\/types\/product"}],"replies":[{"embeddable":true,"href":"https:\/\/anopri.com\/index.php?rest_route=%2Fwp%2Fv2%2Fcomments&post=8404"}],"wp:featuredmedia":[{"embeddable":true,"href":"https:\/\/anopri.com\/index.php?rest_route=\/wp\/v2\/media\/6398"}],"wp:attachment":[{"href":"https:\/\/anopri.com\/index.php?rest_route=%2Fwp%2Fv2%2Fmedia&parent=8404"}],"wp:term":[{"taxonomy":"product_brand","embeddable":true,"href":"https:\/\/anopri.com\/index.php?rest_route=%2Fwp%2Fv2%2Fproduct_brand&post=8404"},{"taxonomy":"product_cat","embeddable":true,"href":"https:\/\/anopri.com\/index.php?rest_route=%2Fwp%2Fv2%2Fproduct_cat&post=8404"},{"taxonomy":"product_tag","embeddable":true,"href":"https:\/\/anopri.com\/index.php?rest_route=%2Fwp%2Fv2%2Fproduct_tag&post=8404"},{"taxonomy":"product_brands","embeddable":true,"href":"https:\/\/anopri.com\/index.php?rest_route=%2Fwp%2Fv2%2Fproduct_brands&post=8404"}],"curies":[{"name":"wp","href":"https:\/\/api.w.org\/{rel}","templated":true}]}}