{"id":8402,"date":"2026-04-25T13:03:37","date_gmt":"2026-04-25T13:03:37","guid":{"rendered":"https:\/\/anopri.com\/?post_type=product&#038;p=8402"},"modified":"2026-04-25T13:03:41","modified_gmt":"2026-04-25T13:03:41","slug":"refrigerateur-hisense-rd29dc4sa-225l","status":"publish","type":"product","link":"https:\/\/anopri.com\/?product=refrigerateur-hisense-rd29dc4sa-225l","title":{"rendered":"R\u00e9frig\u00e9rateur Hisense &#8211; RD29DC4SA &#8211; 225L"},"content":{"rendered":"<p>Ce r\u00e9frig\u00e9rateur combin\u00e9 Hissense vous propose une classe \u00e9nerg\u00e9tique A , ce qui vous permet de r\u00e9aliser une importante \u00e9conomie d\u2019\u00e9nergie. avec ses 225 litres vous allez faire le plein de r\u00e9serve sans soucis dans les deux compartiments.<br \/>\nil dispose un syst\u00e8me de porte r\u00e9versible qui vous permet de le placer n&#8217;importe ou, en entreprise , a la maison ou dans un laboratoire .<\/p>\n","protected":false},"excerpt":{"rendered":"<ul>\n<li><strong>Type de produit :\u00a0<\/strong>Refrig\u00e9rateur<\/li>\n<li><strong>Marque :<\/strong>\u00a0 HISENSE<\/li>\n<li><strong>Mod\u00e8le :<\/strong>\u00a0RD29DC4SA<\/li>\n<li><strong>Type Cong\u00e9lateur :<\/strong>\u00a0En dessous<\/li>\n<li><strong>Capacit\u00e9 Totale :<\/strong>\u00a0220L<\/li>\n<li><strong>Volume de la chambre de r\u00e9frig\u00e9ration :<\/strong>\u00a0160 L<\/li>\n<li><strong>Volume du cong\u00e9lateur :<\/strong>\u00a060L<\/li>\n<li><strong>Taille :\u00a0<\/strong>\u00a0163<\/li>\n<li><strong>Largeur :<\/strong>\u00a055<\/li>\n<li><strong>Profondeur de :<\/strong>\u00a065.00 cm<\/li>\n<li><strong>Classe d&#8217;efficacit\u00e9 \u00e9nerg\u00e9tique :<\/strong>\u00a0A +<\/li>\n<li><strong>Consommation \u00e9lectrique :<\/strong>\u00a0234 kWh \/ an<\/li>\n<li><strong>R\u00e9frig\u00e9rateur Automatique :<\/strong>\u00a0OUI<\/li>\n<li><strong>Afficher :<\/strong>\u00a0H\u0415<\/li>\n<li><strong>Etag\u00e8re\u00a0 de Verre :<\/strong>\u00a0Oui<\/li>\n<\/ul>\n","protected":false},"featured_media":6392,"comment_status":"closed","ping_status":"closed","template":"","meta":{"_bst_post_transparent":"","_bst_post_title":"","_bst_post_layout":"","_bst_post_sidebar_id":"","_bst_post_content_style":"","_bst_post_vertical_padding":"","_bst_post_feature":"","_bst_post_feature_position":"","_bst_post_header":false,"_bst_post_footer":false},"product_brand":[],"product_cat":[145,157],"product_tag":[],"product_brands":[],"class_list":{"0":"post-8402","1":"product","2":"type-product","3":"status-publish","4":"has-post-thumbnail","6":"product_cat-electromenager","7":"product_cat-refrigerateur","9":"first","10":"instock","11":"sale","12":"purchasable","13":"product-type-simple","14":"entry","15":"content-bg","16":"loop-entry"},"_links":{"self":[{"href":"https:\/\/anopri.com\/index.php?rest_route=\/wp\/v2\/product\/8402","targetHints":{"allow":["GET"]}}],"collection":[{"href":"https:\/\/anopri.com\/index.php?rest_route=\/wp\/v2\/product"}],"about":[{"href":"https:\/\/anopri.com\/index.php?rest_route=\/wp\/v2\/types\/product"}],"replies":[{"embeddable":true,"href":"https:\/\/anopri.com\/index.php?rest_route=%2Fwp%2Fv2%2Fcomments&post=8402"}],"wp:featuredmedia":[{"embeddable":true,"href":"https:\/\/anopri.com\/index.php?rest_route=\/wp\/v2\/media\/6392"}],"wp:attachment":[{"href":"https:\/\/anopri.com\/index.php?rest_route=%2Fwp%2Fv2%2Fmedia&parent=8402"}],"wp:term":[{"taxonomy":"product_brand","embeddable":true,"href":"https:\/\/anopri.com\/index.php?rest_route=%2Fwp%2Fv2%2Fproduct_brand&post=8402"},{"taxonomy":"product_cat","embeddable":true,"href":"https:\/\/anopri.com\/index.php?rest_route=%2Fwp%2Fv2%2Fproduct_cat&post=8402"},{"taxonomy":"product_tag","embeddable":true,"href":"https:\/\/anopri.com\/index.php?rest_route=%2Fwp%2Fv2%2Fproduct_tag&post=8402"},{"taxonomy":"product_brands","embeddable":true,"href":"https:\/\/anopri.com\/index.php?rest_route=%2Fwp%2Fv2%2Fproduct_brands&post=8402"}],"curies":[{"name":"wp","href":"https:\/\/api.w.org\/{rel}","templated":true}]}}