{"id":8397,"date":"2026-04-25T13:03:37","date_gmt":"2026-04-25T13:03:37","guid":{"rendered":"https:\/\/anopri.com\/?post_type=product&#038;p=8397"},"modified":"2026-04-25T13:03:40","modified_gmt":"2026-04-25T13:03:40","slug":"micro-ondes-hisense-h36mommi","status":"publish","type":"product","link":"https:\/\/anopri.com\/?product=micro-ondes-hisense-h36mommi","title":{"rendered":"MICRO-ONDES HISENSE &#8211; H36MOMMI"},"content":{"rendered":"<div><span style=\"vertical-align: inherit;\"><span style=\"vertical-align: inherit;\">Un four \u00e0 micro ondes est un appareil \u00e9lectrom\u00e9nager tr\u00e8s pratique dans la cuisine.<\/span> <span style=\"vertical-align: inherit;\">Il r\u00e9chauffe et d\u00e9cong\u00e8le les aliments en quelques instants.<\/span> <span style=\"vertical-align: inherit;\">ce mod\u00e8le dispose d\u2019une tr\u00e8s grande capacit\u00e9 de 36 litres et int\u00e8gre une technologie qui vous permet de r\u00e9chauffer vos aliments plus rapidement et efficacement<\/span><\/span><\/div>\n<div><\/div>\n<div><span style=\"vertical-align: inherit;\"><span style=\"vertical-align: inherit;\">Caract\u00e9ristiques du Micro-Ondes Hisense 36L<\/span><\/span><\/div>\n<div><span style=\"vertical-align: inherit;\"><span style=\"vertical-align: inherit;\">-Type Produit: Micro-ondes<\/span><\/span><\/div>\n<div><span style=\"vertical-align: inherit;\"><span style=\"vertical-align: inherit;\">-Marque: Hisense<\/span><\/span><\/div>\n<div><span style=\"vertical-align: inherit;\"><span style=\"vertical-align: inherit;\">-Mod\u00e8le: H36MOMMI<\/span><\/span><\/div>\n<div><span style=\"vertical-align: inherit;\"><span style=\"vertical-align: inherit;\">-Capacit\u00e9: 36 litres<\/span><\/span><\/div>\n<div><span style=\"vertical-align: inherit;\"><span style=\"vertical-align: inherit;\">-Couleur: Blanche<\/span><\/span><\/div>\n<div><span style=\"vertical-align: inherit;\"><span style=\"vertical-align: inherit;\">-Puissance de moteur: Micro-ondes 1000W<\/span><\/span><\/div>\n<div><span style=\"vertical-align: inherit;\"><span style=\"vertical-align: inherit;\">-Mode d\u2019\u00e9conomie d\u2019\u00e9nergie<\/span><\/span><\/div>\n<div><span style=\"vertical-align: inherit;\"><span style=\"vertical-align: inherit;\">-Format: Pose libre<\/span><\/span><\/div>\n<div><span style=\"vertical-align: inherit;\"><span style=\"vertical-align: inherit;\">-Type de quatre \u00e0 micro-ondes: Fonction mono de quatre micro-ondes<\/span><\/span><\/div>\n<div><span style=\"vertical-align: inherit;\"><span style=\"vertical-align: inherit;\">-Signal de fin de cuisson<\/span><\/span><\/div>\n","protected":false},"excerpt":{"rendered":"<p>Un four \u00e0 micro ondes est un appareil \u00e9lectrom\u00e9nager tr\u00e8s pratique dans la cuisine. Il r\u00e9chauffe et d\u00e9cong\u00e8le les aliments en quelques instants. ce mod\u00e8le dispose d\u2019une tr\u00e8s grande capacit\u00e9 de 36 litres et int\u00e8gre une technologie qui vous permet de r\u00e9chauffer vos aliments plus rapidement et efficacement Caract\u00e9ristiques du Micro-Ondes Hisense 36L -Type Produit:&#8230;<\/p>\n","protected":false},"featured_media":6381,"comment_status":"closed","ping_status":"closed","template":"","meta":{"_bst_post_transparent":"","_bst_post_title":"","_bst_post_layout":"","_bst_post_sidebar_id":"","_bst_post_content_style":"","_bst_post_vertical_padding":"","_bst_post_feature":"","_bst_post_feature_position":"","_bst_post_header":false,"_bst_post_footer":false},"product_brand":[],"product_cat":[154],"product_tag":[],"product_brands":[],"class_list":{"0":"post-8397","1":"product","2":"type-product","3":"status-publish","4":"has-post-thumbnail","6":"product_cat-micro-onde-fours","8":"first","9":"instock","10":"sale","11":"purchasable","12":"product-type-simple","13":"entry","14":"content-bg","15":"loop-entry"},"_links":{"self":[{"href":"https:\/\/anopri.com\/index.php?rest_route=\/wp\/v2\/product\/8397","targetHints":{"allow":["GET"]}}],"collection":[{"href":"https:\/\/anopri.com\/index.php?rest_route=\/wp\/v2\/product"}],"about":[{"href":"https:\/\/anopri.com\/index.php?rest_route=\/wp\/v2\/types\/product"}],"replies":[{"embeddable":true,"href":"https:\/\/anopri.com\/index.php?rest_route=%2Fwp%2Fv2%2Fcomments&post=8397"}],"wp:featuredmedia":[{"embeddable":true,"href":"https:\/\/anopri.com\/index.php?rest_route=\/wp\/v2\/media\/6381"}],"wp:attachment":[{"href":"https:\/\/anopri.com\/index.php?rest_route=%2Fwp%2Fv2%2Fmedia&parent=8397"}],"wp:term":[{"taxonomy":"product_brand","embeddable":true,"href":"https:\/\/anopri.com\/index.php?rest_route=%2Fwp%2Fv2%2Fproduct_brand&post=8397"},{"taxonomy":"product_cat","embeddable":true,"href":"https:\/\/anopri.com\/index.php?rest_route=%2Fwp%2Fv2%2Fproduct_cat&post=8397"},{"taxonomy":"product_tag","embeddable":true,"href":"https:\/\/anopri.com\/index.php?rest_route=%2Fwp%2Fv2%2Fproduct_tag&post=8397"},{"taxonomy":"product_brands","embeddable":true,"href":"https:\/\/anopri.com\/index.php?rest_route=%2Fwp%2Fv2%2Fproduct_brands&post=8397"}],"curies":[{"name":"wp","href":"https:\/\/api.w.org\/{rel}","templated":true}]}}