{"id":8396,"date":"2026-04-25T13:03:36","date_gmt":"2026-04-25T13:03:36","guid":{"rendered":"https:\/\/anopri.com\/?post_type=product&#038;p=8396"},"modified":"2026-04-25T13:03:40","modified_gmt":"2026-04-25T13:03:40","slug":"congelateur-coffre-innova-in380-250l","status":"publish","type":"product","link":"https:\/\/anopri.com\/?product=congelateur-coffre-innova-in380-250l","title":{"rendered":"cong\u00e9lateur coffre innova &#8211; IN380 &#8211; 250L"},"content":{"rendered":"<div>Le choix de l\u2019\u00e9lectrom\u00e9nager est parfois une d\u00e9cision difficile pour toutes les fonctions: cuisiner, lessiver, r\u00e9frig\u00e9rer ou r\u00e9chauffer vous trouverez chez ANOPRI les appareils dont vous avez besoin. Faites votre choix dans nos vari\u00e9t\u00e9s de mixeurs, r\u00e9frig\u00e9rateurs, cong\u00e9lateurs, lave-linge, fours et autres.<br \/>\nLe<strong>\u00a0cong\u00e9lateur coffre innova-IN380<\/strong>\u00a0dispose d&#8217;une capacit\u00e9 de\u00a0<strong>250 Litres<\/strong>, un espace cons\u00e9quent vous permettant de stocker glaces, gla\u00e7ons, viandes, l\u00e9gumes et poissons surgel\u00e9s. \u00c0 l\u2019int\u00e9rieur, vous rangerez vos provisions comme vous le souhaitez.Pratique et fonctionnel, ce cong\u00e9lateur peu encombrant trouvera facilement sa place dans votre appartement ou maison. En outre, il garantit un niveau sonore faible pour ne pas g\u00eaner votre sommeil si votre espace de vie n\u2019est compos\u00e9 que d\u2019une seule grande pi\u00e8ce.<\/p>\n<\/div>\n<div><\/div>\n<div><\/div>\n<div><\/div>\n","protected":false},"excerpt":{"rendered":"<div>-Produit: Cong\u00e9lateur coffre<\/div>\n<div>-Marque: Innova<\/div>\n<div>-Cat\u00e9gorie: Electrom\u00e9nager<\/div>\n<div>-Mod\u00e8le: IN380<\/div>\n<div>-Capacit\u00e9 du cong\u00e9lateur : 250L<\/div>\n<div>-Classe Climatique : T<\/div>\n<div>-Classe \u00e9nerg\u00e9tique: A<\/div>\n<div>-R\u00e9frig\u00e9rant : R600a<\/div>\n<div>-Tension: 220\/ 23O volt<\/div>\n<div>-fr\u00e9quence : 50Hz<\/div>\n","protected":false},"featured_media":6378,"comment_status":"closed","ping_status":"closed","template":"","meta":{"_bst_post_transparent":"","_bst_post_title":"","_bst_post_layout":"","_bst_post_sidebar_id":"","_bst_post_content_style":"","_bst_post_vertical_padding":"","_bst_post_feature":"","_bst_post_feature_position":"","_bst_post_header":false,"_bst_post_footer":false},"product_brand":[],"product_cat":[153,145],"product_tag":[],"product_brands":[],"class_list":{"0":"post-8396","1":"product","2":"type-product","3":"status-publish","4":"has-post-thumbnail","6":"product_cat-congelateur-coffre","7":"product_cat-electromenager","9":"first","10":"instock","11":"purchasable","12":"product-type-simple","13":"entry","14":"content-bg","15":"loop-entry"},"_links":{"self":[{"href":"https:\/\/anopri.com\/index.php?rest_route=\/wp\/v2\/product\/8396","targetHints":{"allow":["GET"]}}],"collection":[{"href":"https:\/\/anopri.com\/index.php?rest_route=\/wp\/v2\/product"}],"about":[{"href":"https:\/\/anopri.com\/index.php?rest_route=\/wp\/v2\/types\/product"}],"replies":[{"embeddable":true,"href":"https:\/\/anopri.com\/index.php?rest_route=%2Fwp%2Fv2%2Fcomments&post=8396"}],"wp:featuredmedia":[{"embeddable":true,"href":"https:\/\/anopri.com\/index.php?rest_route=\/wp\/v2\/media\/6378"}],"wp:attachment":[{"href":"https:\/\/anopri.com\/index.php?rest_route=%2Fwp%2Fv2%2Fmedia&parent=8396"}],"wp:term":[{"taxonomy":"product_brand","embeddable":true,"href":"https:\/\/anopri.com\/index.php?rest_route=%2Fwp%2Fv2%2Fproduct_brand&post=8396"},{"taxonomy":"product_cat","embeddable":true,"href":"https:\/\/anopri.com\/index.php?rest_route=%2Fwp%2Fv2%2Fproduct_cat&post=8396"},{"taxonomy":"product_tag","embeddable":true,"href":"https:\/\/anopri.com\/index.php?rest_route=%2Fwp%2Fv2%2Fproduct_tag&post=8396"},{"taxonomy":"product_brands","embeddable":true,"href":"https:\/\/anopri.com\/index.php?rest_route=%2Fwp%2Fv2%2Fproduct_brands&post=8396"}],"curies":[{"name":"wp","href":"https:\/\/api.w.org\/{rel}","templated":true}]}}