{"id":8393,"date":"2026-04-25T13:03:36","date_gmt":"2026-04-25T13:03:36","guid":{"rendered":"https:\/\/anopri.com\/?post_type=product&#038;p=8393"},"modified":"2026-04-25T13:03:39","modified_gmt":"2026-04-25T13:03:39","slug":"tv-numerique-43-roch-full-hd-noir","status":"publish","type":"product","link":"https:\/\/anopri.com\/?product=tv-numerique-43-roch-full-hd-noir","title":{"rendered":"TV Num\u00e9rique 43&#8243; ROCH &#8211; Full HD &#8211; Noir"},"content":{"rendered":"<p>Offrez vous une T\u00e9l\u00e9vision LED pour des<strong>\u00a0images de qualit\u00e9s sup\u00e9rieures<\/strong>. Ceci possible aujourd&#8217;hui et maintenant gr\u00e2ce au\u00a0<strong>prix meilleur<\/strong>\u00a0\u00a0et\u00a0<strong>bonne qualit\u00e9 chez ANOPRI<\/strong>\u00a0<strong>Cameroun<\/strong>. Viens avec nous\u00a0dans un monde o\u00f9 la r\u00e9alit\u00e9 prend un pas d&#8217;avance sur l&#8217;imaginaire et la sensation. Avec cette t\u00e9l\u00e9vision, les limites de la TV standard sont d\u00e9fi\u00e9es croyez moi sans doute, que votre imagination c\u00e9dera. Une qualit\u00e9 d&#8217;image \u00e9poustouflantes, elle offre\u00a0<strong>un design ultra soft<\/strong>. Installez vous et regarder vos \u00e9missions pr\u00e9f\u00e9r\u00e9es en\u00a0<strong>mode haute d\u00e9finition<\/strong>. Plus besoin de sortir regarder vos matchs de football, basket, volley etc.<\/p>\n","protected":false},"excerpt":{"rendered":"<p>Nom de produit : T\u00e9l\u00e9viseur<br \/>\nMarque: ROCH<br \/>\nMod\u00e8le: RH-LE43DS<br \/>\nType de tv : Num\u00e9rique ou LED<br \/>\nTaille: 43 pouces Full HD<br \/>\nR\u00e9solution: 1920 x 1080<br \/>\nD\u00e9codeur int\u00e9gr\u00e9: Oui<br \/>\nPuissance: 75W<br \/>\nHaut-parleurs : 10 W x 2<br \/>\nFr\u00e9quence : 50 Hz<br \/>\nMasse: 9.1 kg<br \/>\nSyst\u00e8me de r\u00e9tro\u00e9clairage: LED<br \/>\nentr\u00e9e HDMI: Oui<br \/>\nPrise VGA: Oui<br \/>\nports USB: Oui<br \/>\nprise JACK 3.5mm: Oui<br \/>\n1<\/p>\n","protected":false},"featured_media":6366,"comment_status":"closed","ping_status":"closed","template":"","meta":{"_bst_post_transparent":"","_bst_post_title":"","_bst_post_layout":"","_bst_post_sidebar_id":"","_bst_post_content_style":"","_bst_post_vertical_padding":"","_bst_post_feature":"","_bst_post_feature_position":"","_bst_post_header":false,"_bst_post_footer":false},"product_brand":[],"product_cat":[143,144],"product_tag":[],"product_brands":[],"class_list":{"0":"post-8393","1":"product","2":"type-product","3":"status-publish","4":"has-post-thumbnail","6":"product_cat-television","7":"product_cat-televisions-smart","9":"first","10":"instock","11":"purchasable","12":"product-type-simple","13":"entry","14":"content-bg","15":"loop-entry"},"_links":{"self":[{"href":"https:\/\/anopri.com\/index.php?rest_route=\/wp\/v2\/product\/8393","targetHints":{"allow":["GET"]}}],"collection":[{"href":"https:\/\/anopri.com\/index.php?rest_route=\/wp\/v2\/product"}],"about":[{"href":"https:\/\/anopri.com\/index.php?rest_route=\/wp\/v2\/types\/product"}],"replies":[{"embeddable":true,"href":"https:\/\/anopri.com\/index.php?rest_route=%2Fwp%2Fv2%2Fcomments&post=8393"}],"wp:featuredmedia":[{"embeddable":true,"href":"https:\/\/anopri.com\/index.php?rest_route=\/wp\/v2\/media\/6366"}],"wp:attachment":[{"href":"https:\/\/anopri.com\/index.php?rest_route=%2Fwp%2Fv2%2Fmedia&parent=8393"}],"wp:term":[{"taxonomy":"product_brand","embeddable":true,"href":"https:\/\/anopri.com\/index.php?rest_route=%2Fwp%2Fv2%2Fproduct_brand&post=8393"},{"taxonomy":"product_cat","embeddable":true,"href":"https:\/\/anopri.com\/index.php?rest_route=%2Fwp%2Fv2%2Fproduct_cat&post=8393"},{"taxonomy":"product_tag","embeddable":true,"href":"https:\/\/anopri.com\/index.php?rest_route=%2Fwp%2Fv2%2Fproduct_tag&post=8393"},{"taxonomy":"product_brands","embeddable":true,"href":"https:\/\/anopri.com\/index.php?rest_route=%2Fwp%2Fv2%2Fproduct_brands&post=8393"}],"curies":[{"name":"wp","href":"https:\/\/api.w.org\/{rel}","templated":true}]}}