{"id":8391,"date":"2026-04-25T13:03:36","date_gmt":"2026-04-25T13:03:36","guid":{"rendered":"https:\/\/anopri.com\/?post_type=product&#038;p=8391"},"modified":"2026-04-25T13:03:39","modified_gmt":"2026-04-25T13:03:39","slug":"smart-tv-led-65-roch-rh-le65da-b-full-hd","status":"publish","type":"product","link":"https:\/\/anopri.com\/?product=smart-tv-led-65-roch-rh-le65da-b-full-hd","title":{"rendered":"Smart TV LED &#8211; 65&#8243; &#8211; ROCH RH-LE65DA-B &#8211; Full HD"},"content":{"rendered":"<ul>\n<li><strong>Type de produit :<\/strong>\u00a0Smart TV<strong><br \/>\n<\/strong><\/li>\n<li><strong>Mod\u00e8le :<\/strong>\u00a0RH-LE65DA-B<strong><br \/>\n<\/strong><\/li>\n<li><strong>Marque :<\/strong>\u00a0Roch<strong><br \/>\n<\/strong><\/li>\n<li><strong>Cat\u00e9gorie :\u00a0<\/strong>Electronique<strong><br \/>\n<\/strong><\/li>\n<li><strong>Produit:\u00a0<\/strong>TV LED<strong><br \/>\n<\/strong><\/li>\n<li><strong>Taille :\u00a0<\/strong>65 pouces<strong><br \/>\n<\/strong><\/li>\n<li><strong>R\u00e9solution :\u00a0<\/strong>4k uhd hdr 3840&#215;2160<strong><br \/>\n<\/strong><\/li>\n<li><strong>Connectivit\u00e9 (ports) :\u00a0<\/strong>HDMI, USB, Composant, Composite<strong><br \/>\n<\/strong><\/li>\n<li><strong>Garantie :\u00a0<\/strong>12 mois<strong><br \/>\n<\/strong><\/li>\n<li><strong>Couleur :<\/strong>\u00a0Noir<\/li>\n<\/ul>\n","protected":false},"excerpt":{"rendered":"<p>Le t\u00e9l\u00e9viseur 65 pouces fait partie des t\u00e9l\u00e9viseurs utilis\u00e9s pour les grands espaces. Si vous souhaitez utiliser ce t\u00e9l\u00e9viseur dans un espace r\u00e9sidentiel, il doit \u00eatre compris entre 50 et 60 m\u00e8tres carr\u00e9s, car votre distance par rapport au t\u00e9l\u00e9viseur doit \u00eatre comprise entre 6 et 6,5 m\u00e8tres un clin d&#8217;\u0153il \u00e0 votre sant\u00e9. Si vous \u00eates l&#8217;une des personnes qui souhaitent regarder des films de haute qualit\u00e9, vous pouvez vous amuser davantage en achetant un t\u00e9l\u00e9viseur de 65 pouces.<\/p>\n","protected":false},"featured_media":6362,"comment_status":"closed","ping_status":"closed","template":"","meta":{"_bst_post_transparent":"","_bst_post_title":"","_bst_post_layout":"","_bst_post_sidebar_id":"","_bst_post_content_style":"","_bst_post_vertical_padding":"","_bst_post_feature":"","_bst_post_feature_position":"","_bst_post_header":false,"_bst_post_footer":false},"product_brand":[],"product_cat":[142],"product_tag":[],"product_brands":[],"class_list":{"0":"post-8391","1":"product","2":"type-product","3":"status-publish","4":"has-post-thumbnail","6":"product_cat-electronique","8":"first","9":"instock","10":"purchasable","11":"product-type-simple","12":"entry","13":"content-bg","14":"loop-entry"},"_links":{"self":[{"href":"https:\/\/anopri.com\/index.php?rest_route=\/wp\/v2\/product\/8391","targetHints":{"allow":["GET"]}}],"collection":[{"href":"https:\/\/anopri.com\/index.php?rest_route=\/wp\/v2\/product"}],"about":[{"href":"https:\/\/anopri.com\/index.php?rest_route=\/wp\/v2\/types\/product"}],"replies":[{"embeddable":true,"href":"https:\/\/anopri.com\/index.php?rest_route=%2Fwp%2Fv2%2Fcomments&post=8391"}],"wp:featuredmedia":[{"embeddable":true,"href":"https:\/\/anopri.com\/index.php?rest_route=\/wp\/v2\/media\/6362"}],"wp:attachment":[{"href":"https:\/\/anopri.com\/index.php?rest_route=%2Fwp%2Fv2%2Fmedia&parent=8391"}],"wp:term":[{"taxonomy":"product_brand","embeddable":true,"href":"https:\/\/anopri.com\/index.php?rest_route=%2Fwp%2Fv2%2Fproduct_brand&post=8391"},{"taxonomy":"product_cat","embeddable":true,"href":"https:\/\/anopri.com\/index.php?rest_route=%2Fwp%2Fv2%2Fproduct_cat&post=8391"},{"taxonomy":"product_tag","embeddable":true,"href":"https:\/\/anopri.com\/index.php?rest_route=%2Fwp%2Fv2%2Fproduct_tag&post=8391"},{"taxonomy":"product_brands","embeddable":true,"href":"https:\/\/anopri.com\/index.php?rest_route=%2Fwp%2Fv2%2Fproduct_brands&post=8391"}],"curies":[{"name":"wp","href":"https:\/\/api.w.org\/{rel}","templated":true}]}}