{"id":8387,"date":"2026-04-25T13:03:36","date_gmt":"2026-04-25T13:03:36","guid":{"rendered":"https:\/\/anopri.com\/?post_type=product&#038;p=8387"},"modified":"2026-04-25T13:03:39","modified_gmt":"2026-04-25T13:03:39","slug":"regulateur-de-tension-lifeway-avr-3000va","status":"publish","type":"product","link":"https:\/\/anopri.com\/?product=regulateur-de-tension-lifeway-avr-3000va","title":{"rendered":"R\u00e9gulateur De Tension Lifeway AVR-3000VA"},"content":{"rendered":"<p>Les r\u00e9gulateurs de tension automatique prot\u00e8gent vos \u00e9quipements \u00e9lectroniques de toutes les fluctuations de tension venant du r\u00e9seau \u00e9lectrique en r\u00e9gulant leur tension de sortie. Il peut \u00eatre utilis\u00e9 en toute s\u00e9curit\u00e9 avec une large gamme d\u2019\u00e9quipements \u00e9lectriques, y compris des appareils m\u00e9nagers, des outils, du mat\u00e9riel informatique, etc.<\/p>\n","protected":false},"excerpt":{"rendered":"<h4>Description du produit<\/h4>\n<table class=\"table_part\" border=\"0\" width=\"100%\" cellspacing=\"0\" cellpadding=\"5\">\n<tbody>\n<tr>\n<td class=\"first\">Tension d\u2019entr\u00e9e<\/td>\n<td class=\"third\">140-260V~\u00a0 AC 50Hz<\/td>\n<\/tr>\n<tr>\n<td class=\"first\">Tension de sortie<\/td>\n<td class=\"third\">220V~ AC 50Hz<\/td>\n<\/tr>\n<tr>\n<td class=\"first\">Tension de sortie<\/td>\n<td class=\"third\">110V AC\u00a0 60Hz<\/td>\n<\/tr>\n<tr>\n<td class=\"first\">La fr\u00e9quence<\/td>\n<td class=\"third\">60Hz<\/td>\n<\/tr>\n<tr>\n<td class=\"first\">Puissance de sortie<\/td>\n<td class=\"third\">3000VA<\/td>\n<\/tr>\n<tr>\n<td class=\"first\">Protection haute tension, basse tension et surcharge<\/td>\n<td class=\"third\">Circuit<\/td>\n<\/tr>\n<tr>\n<td class=\"first\">Protection de tension de sortie \u00e9lev\u00e9e<\/td>\n<td class=\"third\">260V~<\/td>\n<\/tr>\n<tr>\n<td class=\"first\">Temporisation<\/td>\n<td class=\"third\">6sec.\u00a0\/ 180sec.<\/td>\n<\/tr>\n<\/tbody>\n<\/table>\n","protected":false},"featured_media":6358,"comment_status":"closed","ping_status":"closed","template":"","meta":{"_bst_post_transparent":"","_bst_post_title":"","_bst_post_layout":"","_bst_post_sidebar_id":"","_bst_post_content_style":"","_bst_post_vertical_padding":"","_bst_post_feature":"","_bst_post_feature_position":"","_bst_post_header":false,"_bst_post_footer":false},"product_brand":[],"product_cat":[142,149],"product_tag":[],"product_brands":[],"class_list":{"0":"post-8387","1":"product","2":"type-product","3":"status-publish","4":"has-post-thumbnail","6":"product_cat-electronique","7":"product_cat-regulateurs-de-tension","9":"first","10":"instock","11":"purchasable","12":"product-type-simple","13":"entry","14":"content-bg","15":"loop-entry"},"_links":{"self":[{"href":"https:\/\/anopri.com\/index.php?rest_route=\/wp\/v2\/product\/8387","targetHints":{"allow":["GET"]}}],"collection":[{"href":"https:\/\/anopri.com\/index.php?rest_route=\/wp\/v2\/product"}],"about":[{"href":"https:\/\/anopri.com\/index.php?rest_route=\/wp\/v2\/types\/product"}],"replies":[{"embeddable":true,"href":"https:\/\/anopri.com\/index.php?rest_route=%2Fwp%2Fv2%2Fcomments&post=8387"}],"wp:featuredmedia":[{"embeddable":true,"href":"https:\/\/anopri.com\/index.php?rest_route=\/wp\/v2\/media\/6358"}],"wp:attachment":[{"href":"https:\/\/anopri.com\/index.php?rest_route=%2Fwp%2Fv2%2Fmedia&parent=8387"}],"wp:term":[{"taxonomy":"product_brand","embeddable":true,"href":"https:\/\/anopri.com\/index.php?rest_route=%2Fwp%2Fv2%2Fproduct_brand&post=8387"},{"taxonomy":"product_cat","embeddable":true,"href":"https:\/\/anopri.com\/index.php?rest_route=%2Fwp%2Fv2%2Fproduct_cat&post=8387"},{"taxonomy":"product_tag","embeddable":true,"href":"https:\/\/anopri.com\/index.php?rest_route=%2Fwp%2Fv2%2Fproduct_tag&post=8387"},{"taxonomy":"product_brands","embeddable":true,"href":"https:\/\/anopri.com\/index.php?rest_route=%2Fwp%2Fv2%2Fproduct_brands&post=8387"}],"curies":[{"name":"wp","href":"https:\/\/api.w.org\/{rel}","templated":true}]}}