{"id":1939,"date":"2026-04-23T12:06:33","date_gmt":"2026-04-23T12:06:33","guid":{"rendered":"https:\/\/anopri.com\/?post_type=product&#038;p=1939"},"modified":"2026-04-23T12:06:34","modified_gmt":"2026-04-23T12:06:34","slug":"penderie-demontable","status":"publish","type":"product","link":"https:\/\/anopri.com\/?product=penderie-demontable","title":{"rendered":"penderie d\u00e9montable"},"content":{"rendered":"<p>L\u2019armoire d\u00e9montable LI MEI est , l\u00e9g\u00e8re mais stable \/\/ Dimensions totales (lxHxP) : 130 x 175 x 45 cm<\/p>\n","protected":false},"excerpt":{"rendered":"<p>L\u2019armoire d\u00e9montable LI MEI est , l\u00e9g\u00e8re mais stable \/\/ Dimensions totales (lxHxP) : 130 x 175 x 45 cm<\/p>\n","protected":false},"featured_media":0,"comment_status":"closed","ping_status":"closed","template":"","meta":{"_bst_post_transparent":"","_bst_post_title":"","_bst_post_layout":"","_bst_post_sidebar_id":"","_bst_post_content_style":"","_bst_post_vertical_padding":"","_bst_post_feature":"","_bst_post_feature_position":"","_bst_post_header":false,"_bst_post_footer":false},"product_brand":[],"product_cat":[172],"product_tag":[],"product_brands":[],"class_list":{"0":"post-1939","1":"product","2":"type-product","3":"status-publish","5":"product_cat-ameublement-decoration","7":"first","8":"instock","9":"purchasable","10":"product-type-simple","11":"entry","12":"content-bg","13":"loop-entry"},"_links":{"self":[{"href":"https:\/\/anopri.com\/index.php?rest_route=\/wp\/v2\/product\/1939","targetHints":{"allow":["GET"]}}],"collection":[{"href":"https:\/\/anopri.com\/index.php?rest_route=\/wp\/v2\/product"}],"about":[{"href":"https:\/\/anopri.com\/index.php?rest_route=\/wp\/v2\/types\/product"}],"replies":[{"embeddable":true,"href":"https:\/\/anopri.com\/index.php?rest_route=%2Fwp%2Fv2%2Fcomments&post=1939"}],"wp:attachment":[{"href":"https:\/\/anopri.com\/index.php?rest_route=%2Fwp%2Fv2%2Fmedia&parent=1939"}],"wp:term":[{"taxonomy":"product_brand","embeddable":true,"href":"https:\/\/anopri.com\/index.php?rest_route=%2Fwp%2Fv2%2Fproduct_brand&post=1939"},{"taxonomy":"product_cat","embeddable":true,"href":"https:\/\/anopri.com\/index.php?rest_route=%2Fwp%2Fv2%2Fproduct_cat&post=1939"},{"taxonomy":"product_tag","embeddable":true,"href":"https:\/\/anopri.com\/index.php?rest_route=%2Fwp%2Fv2%2Fproduct_tag&post=1939"},{"taxonomy":"product_brands","embeddable":true,"href":"https:\/\/anopri.com\/index.php?rest_route=%2Fwp%2Fv2%2Fproduct_brands&post=1939"}],"curies":[{"name":"wp","href":"https:\/\/api.w.org\/{rel}","templated":true}]}}