{"id":10370,"date":"2026-04-25T21:20:05","date_gmt":"2026-04-25T21:20:05","guid":{"rendered":"https:\/\/anopri.com\/?product=gaufrier-electrique-antiadhesif-raf-r-582h-850w"},"modified":"2026-04-25T21:20:05","modified_gmt":"2026-04-25T21:20:05","slug":"gaufrier-electrique-antiadhesif-raf-r-582h-850w","status":"publish","type":"product","link":"https:\/\/anopri.com\/?product=gaufrier-electrique-antiadhesif-raf-r-582h-850w","title":{"rendered":"Gaufrier \u00e9lectrique antiadh\u00e9sif RAF-R.582H 850W"},"content":{"rendered":"<p><span>Notre gaufrier <\/span><span>dispose d&#8217;un contr\u00f4le de temp\u00e9rature de 5 minutes et s&#8217;ajuste facilement pour des gaufres l\u00e9g\u00e8res et moelleuses, ou fonc\u00e9es et croustillantes. Sa surface antiadh\u00e9sive, sans PFOA et r\u00e9sistante aux rayures, est con\u00e7ue pour faciliter le d\u00e9moulage des aliments afin que la p\u00e2te ne colle pas \u00e0 la surface de cuisson<\/span><br \/>\n<span>.<strong> Offrez-vous des petits-d\u00e9jeuners plus nutritifs, \u00e0 vous et \u00e0 votre famille.<\/strong><\/span><\/p>\n","protected":false},"excerpt":{"rendered":"<p>1. Tension nominale: 220V<\/p>\n<p>2. Fr\u00e9quence: 50-60Hz<\/p>\n<p>3. Puissance nominale: 850W<\/p>\n","protected":false},"featured_media":9478,"comment_status":"closed","ping_status":"closed","template":"","meta":{"_bst_post_transparent":"","_bst_post_title":"","_bst_post_layout":"","_bst_post_sidebar_id":"","_bst_post_content_style":"","_bst_post_vertical_padding":"","_bst_post_feature":"","_bst_post_feature_position":"","_bst_post_header":false,"_bst_post_footer":false},"product_brand":[],"product_cat":[145,154],"product_tag":[],"product_brands":[],"class_list":{"0":"post-10370","1":"product","2":"type-product","3":"status-publish","4":"has-post-thumbnail","6":"product_cat-electromenager","7":"product_cat-micro-onde-fours","9":"first","10":"instock","11":"shipping-taxable","12":"purchasable","13":"product-type-simple","14":"entry","15":"content-bg","16":"loop-entry"},"_links":{"self":[{"href":"https:\/\/anopri.com\/index.php?rest_route=\/wp\/v2\/product\/10370","targetHints":{"allow":["GET"]}}],"collection":[{"href":"https:\/\/anopri.com\/index.php?rest_route=\/wp\/v2\/product"}],"about":[{"href":"https:\/\/anopri.com\/index.php?rest_route=\/wp\/v2\/types\/product"}],"replies":[{"embeddable":true,"href":"https:\/\/anopri.com\/index.php?rest_route=%2Fwp%2Fv2%2Fcomments&post=10370"}],"wp:featuredmedia":[{"embeddable":true,"href":"https:\/\/anopri.com\/index.php?rest_route=\/wp\/v2\/media\/9478"}],"wp:attachment":[{"href":"https:\/\/anopri.com\/index.php?rest_route=%2Fwp%2Fv2%2Fmedia&parent=10370"}],"wp:term":[{"taxonomy":"product_brand","embeddable":true,"href":"https:\/\/anopri.com\/index.php?rest_route=%2Fwp%2Fv2%2Fproduct_brand&post=10370"},{"taxonomy":"product_cat","embeddable":true,"href":"https:\/\/anopri.com\/index.php?rest_route=%2Fwp%2Fv2%2Fproduct_cat&post=10370"},{"taxonomy":"product_tag","embeddable":true,"href":"https:\/\/anopri.com\/index.php?rest_route=%2Fwp%2Fv2%2Fproduct_tag&post=10370"},{"taxonomy":"product_brands","embeddable":true,"href":"https:\/\/anopri.com\/index.php?rest_route=%2Fwp%2Fv2%2Fproduct_brands&post=10370"}],"curies":[{"name":"wp","href":"https:\/\/api.w.org\/{rel}","templated":true}]}}