{"id":10366,"date":"2026-04-25T21:20:05","date_gmt":"2026-04-25T21:20:05","guid":{"rendered":"https:\/\/anopri.com\/?product=balance-electronique-camry-40kg"},"modified":"2026-04-25T21:20:05","modified_gmt":"2026-04-25T21:20:05","slug":"balance-electronique-camry-40kg","status":"publish","type":"product","link":"https:\/\/anopri.com\/?product=balance-electronique-camry-40kg","title":{"rendered":"Balance Electronique Camry 40kg"},"content":{"rendered":"<p>Cette balance num\u00e9rique dispose de trois \u00e9crans r\u00e9tro\u00e9clair\u00e9s verts lumineux qui affichent le poids, l&#8217;unit\u00e9 et le montant total, ce qui vous aide \u00e0 voir vos lectures de poids, m\u00eame au soleil ou dans un \u00e9clairage faible.<\/p>\n<p><strong>\u00a0cette balance alimentaire avec prix\/poids\/pi\u00e8ces\/tare sera votre meilleur compagnon pour votre cuisine, kiosque de ferme, stand de ferme, \u00e9picerie, charcuterie, magasin de l\u00e9gumes ou boulangerie.<\/strong><\/p>\n","protected":false},"excerpt":{"rendered":"<p><strong>Sp\u00e9cifications:<\/strong><br \/>\n<strong>Capacit\u00e9<\/strong> : 40 kg<br \/>\n<strong>Unit\u00e9s<\/strong> : KG<br \/>\n<strong>Alimentation<\/strong> : double usage AC et DC<\/p>\n","protected":false},"featured_media":10365,"comment_status":"closed","ping_status":"closed","template":"","meta":{"_bst_post_transparent":"","_bst_post_title":"","_bst_post_layout":"","_bst_post_sidebar_id":"","_bst_post_content_style":"","_bst_post_vertical_padding":"","_bst_post_feature":"","_bst_post_feature_position":"","_bst_post_header":false,"_bst_post_footer":false},"product_brand":[],"product_cat":[171,142],"product_tag":[],"product_brands":[],"class_list":{"0":"post-10366","1":"product","2":"type-product","3":"status-publish","4":"has-post-thumbnail","6":"product_cat-balance","7":"product_cat-electronique","9":"first","10":"instock","11":"shipping-taxable","12":"purchasable","13":"product-type-simple","14":"entry","15":"content-bg","16":"loop-entry"},"_links":{"self":[{"href":"https:\/\/anopri.com\/index.php?rest_route=\/wp\/v2\/product\/10366","targetHints":{"allow":["GET"]}}],"collection":[{"href":"https:\/\/anopri.com\/index.php?rest_route=\/wp\/v2\/product"}],"about":[{"href":"https:\/\/anopri.com\/index.php?rest_route=\/wp\/v2\/types\/product"}],"replies":[{"embeddable":true,"href":"https:\/\/anopri.com\/index.php?rest_route=%2Fwp%2Fv2%2Fcomments&post=10366"}],"wp:featuredmedia":[{"embeddable":true,"href":"https:\/\/anopri.com\/index.php?rest_route=\/wp\/v2\/media\/10365"}],"wp:attachment":[{"href":"https:\/\/anopri.com\/index.php?rest_route=%2Fwp%2Fv2%2Fmedia&parent=10366"}],"wp:term":[{"taxonomy":"product_brand","embeddable":true,"href":"https:\/\/anopri.com\/index.php?rest_route=%2Fwp%2Fv2%2Fproduct_brand&post=10366"},{"taxonomy":"product_cat","embeddable":true,"href":"https:\/\/anopri.com\/index.php?rest_route=%2Fwp%2Fv2%2Fproduct_cat&post=10366"},{"taxonomy":"product_tag","embeddable":true,"href":"https:\/\/anopri.com\/index.php?rest_route=%2Fwp%2Fv2%2Fproduct_tag&post=10366"},{"taxonomy":"product_brands","embeddable":true,"href":"https:\/\/anopri.com\/index.php?rest_route=%2Fwp%2Fv2%2Fproduct_brands&post=10366"}],"curies":[{"name":"wp","href":"https:\/\/api.w.org\/{rel}","templated":true}]}}