{"id":10346,"date":"2026-04-25T17:25:05","date_gmt":"2026-04-25T17:25:05","guid":{"rendered":"https:\/\/anopri.com\/?product=mixeur-multifonctions-hoffmans-4-en-1-600w-1-8-litres"},"modified":"2026-04-25T17:25:05","modified_gmt":"2026-04-25T17:25:05","slug":"mixeur-multifonctions-hoffmans-4-en-1-600w-1-8-litres","status":"publish","type":"product","link":"https:\/\/anopri.com\/?product=mixeur-multifonctions-hoffmans-4-en-1-600w-1-8-litres","title":{"rendered":"Mixeur multifonctions Hoffmans 4 en 1 &#8211; 600W &#8211; 1.8 Litres"},"content":{"rendered":"<div id=\"wc-power-page\">Le\u00a0<strong class=\"Yjhzub\" data-sfc-cb=\"\" data-complete=\"true\" data-processed=\"true\">Hoffmans HM-126<\/strong>\u00a0est un\u00a0<mark class=\"HxTRcb\" data-sfc-cb=\"\" data-complete=\"true\" data-sae=\"\">robot culinaire multifonction 4-en-1 con\u00e7u pour hacher, mixer, moudre et extraire du jus<\/mark>. Il se distingue par son moteur en cuivre pur de\u00a0<strong class=\"Yjhzub\" data-sfc-cb=\"\" data-complete=\"true\" data-processed=\"true\">600 watts<\/strong>\u00a0et son bol d&#8217;une capacit\u00e9 de\u00a0<strong class=\"Yjhzub\" data-sfc-cb=\"\" data-processed=\"true\" data-complete=\"true\" aria-owns=\"action-menu-parent-container\">1,8 litre<\/strong><\/div>\n<div><\/div>\n<div>Avec une puissance de\u00a0<strong>600 W<\/strong>\u00a0et ses nombreux accessoires, ce blender est tr\u00e8s int\u00e9ressant pour son prix. Il comprend des\u00a0<strong>lames en acier inoxydable<\/strong>, un variateur \u00e0 plusieurs vitesses et de nombreuses fonctions. Avec ce mod\u00e8le, vous pouvez notamment r\u00e2per des l\u00e9gumes, mixer des soupes, h\u00e2cher de la viande, pr\u00e9parer de la chantilly, de la p\u00e2te \u00e0 g\u00e2teau ou \u00e0 pain ou encore des smoothies. En outre, il est compact et facile d\u2019entretien. Il convient notamment \u00e0 un usage familial gr\u00e2ce \u00e0 sa\u00a0<strong>cuve principale de 1,8 L<\/strong>.<\/div>\n","protected":false},"excerpt":{"rendered":"<p>Le\u00a0Hoffmans HM-126\u00a0est un\u00a0robot culinaire multifonction 4-en-1 con\u00e7u pour hacher, mixer, moudre et extraire du jus. Il se distingue par son moteur en cuivre pur de\u00a0600 watts\u00a0et son bol d&#8217;une capacit\u00e9 de\u00a01,8 litre Avec une puissance de\u00a0600 W\u00a0et ses nombreux accessoires, ce blender est tr\u00e8s int\u00e9ressant pour son prix. Il comprend des\u00a0lames en acier inoxydable, un&#8230;<\/p>\n","protected":false},"featured_media":9700,"comment_status":"closed","ping_status":"closed","template":"","meta":{"_bst_post_transparent":"","_bst_post_title":"","_bst_post_layout":"","_bst_post_sidebar_id":"","_bst_post_content_style":"","_bst_post_vertical_padding":"","_bst_post_feature":"","_bst_post_feature_position":"","_bst_post_header":false,"_bst_post_footer":false},"product_brand":[],"product_cat":[145,182],"product_tag":[],"product_brands":[],"class_list":{"0":"post-10346","1":"product","2":"type-product","3":"status-publish","4":"has-post-thumbnail","6":"product_cat-electromenager","7":"product_cat-mixeurs-blenders","9":"first","10":"instock","11":"shipping-taxable","12":"purchasable","13":"product-type-simple","14":"entry","15":"content-bg","16":"loop-entry"},"_links":{"self":[{"href":"https:\/\/anopri.com\/index.php?rest_route=\/wp\/v2\/product\/10346","targetHints":{"allow":["GET"]}}],"collection":[{"href":"https:\/\/anopri.com\/index.php?rest_route=\/wp\/v2\/product"}],"about":[{"href":"https:\/\/anopri.com\/index.php?rest_route=\/wp\/v2\/types\/product"}],"replies":[{"embeddable":true,"href":"https:\/\/anopri.com\/index.php?rest_route=%2Fwp%2Fv2%2Fcomments&post=10346"}],"wp:featuredmedia":[{"embeddable":true,"href":"https:\/\/anopri.com\/index.php?rest_route=\/wp\/v2\/media\/9700"}],"wp:attachment":[{"href":"https:\/\/anopri.com\/index.php?rest_route=%2Fwp%2Fv2%2Fmedia&parent=10346"}],"wp:term":[{"taxonomy":"product_brand","embeddable":true,"href":"https:\/\/anopri.com\/index.php?rest_route=%2Fwp%2Fv2%2Fproduct_brand&post=10346"},{"taxonomy":"product_cat","embeddable":true,"href":"https:\/\/anopri.com\/index.php?rest_route=%2Fwp%2Fv2%2Fproduct_cat&post=10346"},{"taxonomy":"product_tag","embeddable":true,"href":"https:\/\/anopri.com\/index.php?rest_route=%2Fwp%2Fv2%2Fproduct_tag&post=10346"},{"taxonomy":"product_brands","embeddable":true,"href":"https:\/\/anopri.com\/index.php?rest_route=%2Fwp%2Fv2%2Fproduct_brands&post=10346"}],"curies":[{"name":"wp","href":"https:\/\/api.w.org\/{rel}","templated":true}]}}