{"id":10339,"date":"2026-04-25T17:25:03","date_gmt":"2026-04-25T17:25:03","guid":{"rendered":"https:\/\/anopri.com\/?product=support-de-base-ajustable-epsilon"},"modified":"2026-04-25T17:25:03","modified_gmt":"2026-04-25T17:25:03","slug":"support-de-base-ajustable-epsilon","status":"publish","type":"product","link":"https:\/\/anopri.com\/?product=support-de-base-ajustable-epsilon","title":{"rendered":"Support de Base Ajustable &#8211; Epsilon"},"content":{"rendered":"<p>Ce socle ajustable permet de soulever vos grands appareils \u00e9l\u00e9ctrom\u00e9nagers facilement. Le support peut offrir une protection \u00e0 votre r\u00e9frig\u00e9rateur ou machine \u00e0 laver contre l&#8217;humidit\u00e9 et la corrosion. Les tapis anti-glisse assurent non seulement la stabilit\u00e9, mais ils r\u00e9duisent le bruit de la machine \u00e0 laver pendant son utilisation \u00e9galement.<\/p>\n","protected":false},"excerpt":{"rendered":"<p>convenable pour lave-linge, s\u00e8che-linge, frigo etc.<br \/>\n&#8211; dot\u00e9 de 4 pieds ajustables permettant de soulever la machine du sol<br \/>\n&#8211; des patins en caoutchouc antid\u00e9rapants assurent la stabilit\u00e9 de votre machine<br \/>\n&#8211; ajustable en largeur, longueur et en hauteur pour s&#8217;adapter \u00e0 la taille de votre appareil<br \/>\n&#8211; prot\u00e8ge votre appareil contre l&#8217;humidit\u00e9 du sol<br \/>\n&#8211; facilite l&#8217;acc\u00e8s pendant les grands m\u00e9nages<br \/>\n&#8211; capacit\u00e9 de charge jusqu&#8217;\u00e0 138 kg<\/p>\n","protected":false},"featured_media":9664,"comment_status":"closed","ping_status":"closed","template":"","meta":{"_bst_post_transparent":"","_bst_post_title":"","_bst_post_layout":"","_bst_post_sidebar_id":"","_bst_post_content_style":"","_bst_post_vertical_padding":"","_bst_post_feature":"","_bst_post_feature_position":"","_bst_post_header":false,"_bst_post_footer":false},"product_brand":[],"product_cat":[145,167,156],"product_tag":[],"product_brands":[],"class_list":{"0":"post-10339","1":"product","2":"type-product","3":"status-publish","4":"has-post-thumbnail","6":"product_cat-electromenager","7":"product_cat-machine-a-laver-et-seche-linge","8":"product_cat-outillages-et-petits-materiels-a-main","10":"first","11":"instock","12":"shipping-taxable","13":"purchasable","14":"product-type-simple","15":"entry","16":"content-bg","17":"loop-entry"},"_links":{"self":[{"href":"https:\/\/anopri.com\/index.php?rest_route=\/wp\/v2\/product\/10339","targetHints":{"allow":["GET"]}}],"collection":[{"href":"https:\/\/anopri.com\/index.php?rest_route=\/wp\/v2\/product"}],"about":[{"href":"https:\/\/anopri.com\/index.php?rest_route=\/wp\/v2\/types\/product"}],"replies":[{"embeddable":true,"href":"https:\/\/anopri.com\/index.php?rest_route=%2Fwp%2Fv2%2Fcomments&post=10339"}],"wp:featuredmedia":[{"embeddable":true,"href":"https:\/\/anopri.com\/index.php?rest_route=\/wp\/v2\/media\/9664"}],"wp:attachment":[{"href":"https:\/\/anopri.com\/index.php?rest_route=%2Fwp%2Fv2%2Fmedia&parent=10339"}],"wp:term":[{"taxonomy":"product_brand","embeddable":true,"href":"https:\/\/anopri.com\/index.php?rest_route=%2Fwp%2Fv2%2Fproduct_brand&post=10339"},{"taxonomy":"product_cat","embeddable":true,"href":"https:\/\/anopri.com\/index.php?rest_route=%2Fwp%2Fv2%2Fproduct_cat&post=10339"},{"taxonomy":"product_tag","embeddable":true,"href":"https:\/\/anopri.com\/index.php?rest_route=%2Fwp%2Fv2%2Fproduct_tag&post=10339"},{"taxonomy":"product_brands","embeddable":true,"href":"https:\/\/anopri.com\/index.php?rest_route=%2Fwp%2Fv2%2Fproduct_brands&post=10339"}],"curies":[{"name":"wp","href":"https:\/\/api.w.org\/{rel}","templated":true}]}}